{"id":9743,"date":"2026-02-23T10:10:46","date_gmt":"2026-02-23T10:10:46","guid":{"rendered":"https:\/\/www.gatusos.com\/?post_type=product&#038;p=9743"},"modified":"2026-02-23T12:57:38","modified_gmt":"2026-02-23T12:57:38","slug":"chealse-olimpo","status":"publish","type":"product","link":"https:\/\/www.gatusos.com\/en\/product\/chealse-olimpo\/","title":{"rendered":"Chelsea Olimpo"},"content":{"rendered":"<p><strong>Ultralight stable boots<\/strong><\/p>\n<p data-start=\"460\" data-end=\"763\" class=\"translation-block\">The Gatusos\u00ae Chelsea Olimpo boots are made from EVA GUMFLY, a revolutionary and unique material in the industry, known for its lightweight structure, durability, and comfort. Specifically designed for daily stable work, they provide performance, protection, and comfort throughout long working hours.<\/p>\n<p data-start=\"765\" data-end=\"794\">Key benefits:<\/p>\n<p class=\"translation-block\">-Ultra-lightweight, only 230 g per unit<br>\n-Chelsea design with elastic side panels for a comfortable fit<br>\n-Naturally thermal insulating<br>\n-Waterproof<br>\n-Easy to clean (quick wash and fast drying)<br>\n-Shock-absorbing and impact cushioning<br>\n-Slip-resistant<br>\n-Easy on &amp; off, no laces or hardware<br>\n-Flexible and ergonomic<br>\n-Anatomical design<br>\n-Highly durable<br>\n-Non-porous material that does not absorb moisture or dirt<br>\n-Quiet while walking<br>\n-Antibacterial<\/p>","protected":false},"excerpt":{"rendered":"<p>Botas para establos ultraligeras Las botas Gatusos\u00ae Chelsea Olimpo est\u00e1n fabricadas en EVA GUMFLY, un material revolucionario y \u00fanico en el sector que destaca por su ligereza, resistencia y confort. Dise\u00f1adas espec\u00edficamente para el trabajo diario en establo, ofrecen rendimiento, protecci\u00f3n y comodidad durante toda la jornada. Sus beneficios son m\u00faltiples: -Ultraligero, solo 230 grs. [&hellip;]<\/p>","protected":false},"featured_media":9787,"comment_status":"closed","ping_status":"closed","template":"","meta":[],"product_brand":[],"product_cat":[177],"product_tag":[],"class_list":{"0":"post-9743","1":"product","2":"type-product","3":"status-publish","4":"has-post-thumbnail","6":"product_cat-chelsea-olimpo","8":"first","9":"instock","10":"taxable","11":"shipping-taxable","12":"purchasable","13":"product-type-variable","14":"has-default-attributes","15":"rtwpvg-product"},"yoast_head":"<!-- This site is optimized with the Yoast SEO plugin v26.7 - https:\/\/yoast.com\/wordpress\/plugins\/seo\/ -->\n<title>Chelsea Olimpo - Gatusos<\/title>\n<meta name=\"robots\" content=\"index, follow, max-snippet:-1, max-image-preview:large, max-video-preview:-1\" \/>\n<link rel=\"canonical\" href=\"https:\/\/www.gatusos.com\/en\/product\/chealse-olimpo\/\" \/>\n<meta property=\"og:locale\" content=\"en_GB\" \/>\n<meta property=\"og:type\" content=\"article\" \/>\n<meta property=\"og:title\" content=\"Chelsea Olimpo - Gatusos\" \/>\n<meta property=\"og:description\" content=\"Botas para establos ultraligeras Las botas Gatusos\u00ae Chelsea Olimpo est\u00e1n fabricadas en EVA GUMFLY, un material revolucionario y \u00fanico en el sector que destaca por su ligereza, resistencia y confort. Dise\u00f1adas espec\u00edficamente para el trabajo diario en establo, ofrecen rendimiento, protecci\u00f3n y comodidad durante toda la jornada. Sus beneficios son m\u00faltiples: -Ultraligero, solo 230 grs. [&hellip;]\" \/>\n<meta property=\"og:url\" content=\"https:\/\/www.gatusos.com\/en\/product\/chealse-olimpo\/\" \/>\n<meta property=\"og:site_name\" content=\"Gatusos\" \/>\n<meta property=\"article:modified_time\" content=\"2026-02-23T12:57:38+00:00\" \/>\n<meta property=\"og:image\" content=\"https:\/\/www.gatusos.com\/wp-content\/uploads\/2026\/02\/Perfil-2-scaled.jpg\" \/>\n\t<meta property=\"og:image:width\" content=\"2560\" \/>\n\t<meta property=\"og:image:height\" content=\"2560\" \/>\n\t<meta property=\"og:image:type\" content=\"image\/jpeg\" \/>\n<meta name=\"twitter:card\" content=\"summary_large_image\" \/>\n<meta name=\"twitter:label1\" content=\"Estimated reading time\" \/>\n\t<meta name=\"twitter:data1\" content=\"1 minute\" \/>\n<script type=\"application\/ld+json\" class=\"yoast-schema-graph\">{\"@context\":\"https:\/\/schema.org\",\"@graph\":[{\"@type\":\"WebPage\",\"@id\":\"https:\/\/www.gatusos.com\/producto\/chealse-olimpo\/\",\"url\":\"https:\/\/www.gatusos.com\/producto\/chealse-olimpo\/\",\"name\":\"Chelsea Olimpo - Gatusos\",\"isPartOf\":{\"@id\":\"https:\/\/www.gatusos.com\/en\/#website\"},\"primaryImageOfPage\":{\"@id\":\"https:\/\/www.gatusos.com\/producto\/chealse-olimpo\/#primaryimage\"},\"image\":{\"@id\":\"https:\/\/www.gatusos.com\/producto\/chealse-olimpo\/#primaryimage\"},\"thumbnailUrl\":\"https:\/\/www.gatusos.com\/wp-content\/uploads\/2026\/02\/Perfil-2-scaled.jpg\",\"datePublished\":\"2026-02-23T10:10:46+00:00\",\"dateModified\":\"2026-02-23T12:57:38+00:00\",\"breadcrumb\":{\"@id\":\"https:\/\/www.gatusos.com\/producto\/chealse-olimpo\/#breadcrumb\"},\"inLanguage\":\"en-GB\",\"potentialAction\":[{\"@type\":\"ReadAction\",\"target\":[\"https:\/\/www.gatusos.com\/producto\/chealse-olimpo\/\"]}]},{\"@type\":\"ImageObject\",\"inLanguage\":\"en-GB\",\"@id\":\"https:\/\/www.gatusos.com\/producto\/chealse-olimpo\/#primaryimage\",\"url\":\"https:\/\/www.gatusos.com\/wp-content\/uploads\/2026\/02\/Perfil-2-scaled.jpg\",\"contentUrl\":\"https:\/\/www.gatusos.com\/wp-content\/uploads\/2026\/02\/Perfil-2-scaled.jpg\",\"width\":2560,\"height\":2560},{\"@type\":\"BreadcrumbList\",\"@id\":\"https:\/\/www.gatusos.com\/producto\/chealse-olimpo\/#breadcrumb\",\"itemListElement\":[{\"@type\":\"ListItem\",\"position\":1,\"name\":\"Portada\",\"item\":\"https:\/\/www.gatusos.com\/\"},{\"@type\":\"ListItem\",\"position\":2,\"name\":\"Tienda\",\"item\":\"https:\/\/www.gatusos.com\/?page_id=552\"},{\"@type\":\"ListItem\",\"position\":3,\"name\":\"Chelsea Olimpo\"}]},{\"@type\":\"WebSite\",\"@id\":\"https:\/\/www.gatusos.com\/en\/#website\",\"url\":\"https:\/\/www.gatusos.com\/en\/\",\"name\":\"Gatusos\",\"description\":\"\",\"publisher\":{\"@id\":\"https:\/\/www.gatusos.com\/en\/#organization\"},\"potentialAction\":[{\"@type\":\"SearchAction\",\"target\":{\"@type\":\"EntryPoint\",\"urlTemplate\":\"https:\/\/www.gatusos.com\/en\/?s={search_term_string}\"},\"query-input\":{\"@type\":\"PropertyValueSpecification\",\"valueRequired\":true,\"valueName\":\"search_term_string\"}}],\"inLanguage\":\"en-GB\"},{\"@type\":\"Organization\",\"@id\":\"https:\/\/www.gatusos.com\/en\/#organization\",\"name\":\"Gatusos\",\"url\":\"https:\/\/www.gatusos.com\/en\/\",\"logo\":{\"@type\":\"ImageObject\",\"inLanguage\":\"en-GB\",\"@id\":\"https:\/\/www.gatusos.com\/en\/#\/schema\/logo\/image\/\",\"url\":\"https:\/\/www.gatusos.com\/wp-content\/uploads\/2022\/06\/LOGO-1.webp\",\"contentUrl\":\"https:\/\/www.gatusos.com\/wp-content\/uploads\/2022\/06\/LOGO-1.webp\",\"width\":280,\"height\":80,\"caption\":\"Gatusos\"},\"image\":{\"@id\":\"https:\/\/www.gatusos.com\/en\/#\/schema\/logo\/image\/\"}}]}<\/script>\n<!-- \/ Yoast SEO plugin. -->","yoast_head_json":{"title":"Chelsea Olimpo - Gatusos","robots":{"index":"index","follow":"follow","max-snippet":"max-snippet:-1","max-image-preview":"max-image-preview:large","max-video-preview":"max-video-preview:-1"},"canonical":"https:\/\/www.gatusos.com\/en\/product\/chealse-olimpo\/","og_locale":"en_GB","og_type":"article","og_title":"Chelsea Olimpo - Gatusos","og_description":"Botas para establos ultraligeras Las botas Gatusos\u00ae Chelsea Olimpo est\u00e1n fabricadas en EVA GUMFLY, un material revolucionario y \u00fanico en el sector que destaca por su ligereza, resistencia y confort. Dise\u00f1adas espec\u00edficamente para el trabajo diario en establo, ofrecen rendimiento, protecci\u00f3n y comodidad durante toda la jornada. Sus beneficios son m\u00faltiples: -Ultraligero, solo 230 grs. [&hellip;]","og_url":"https:\/\/www.gatusos.com\/en\/product\/chealse-olimpo\/","og_site_name":"Gatusos","article_modified_time":"2026-02-23T12:57:38+00:00","og_image":[{"width":2560,"height":2560,"url":"https:\/\/www.gatusos.com\/wp-content\/uploads\/2026\/02\/Perfil-2-scaled.jpg","type":"image\/jpeg"}],"twitter_card":"summary_large_image","twitter_misc":{"Estimated reading time":"1 minute"},"schema":{"@context":"https:\/\/schema.org","@graph":[{"@type":"WebPage","@id":"https:\/\/www.gatusos.com\/producto\/chealse-olimpo\/","url":"https:\/\/www.gatusos.com\/producto\/chealse-olimpo\/","name":"Chelsea Olimpo - Gatusos","isPartOf":{"@id":"https:\/\/www.gatusos.com\/en\/#website"},"primaryImageOfPage":{"@id":"https:\/\/www.gatusos.com\/producto\/chealse-olimpo\/#primaryimage"},"image":{"@id":"https:\/\/www.gatusos.com\/producto\/chealse-olimpo\/#primaryimage"},"thumbnailUrl":"https:\/\/www.gatusos.com\/wp-content\/uploads\/2026\/02\/Perfil-2-scaled.jpg","datePublished":"2026-02-23T10:10:46+00:00","dateModified":"2026-02-23T12:57:38+00:00","breadcrumb":{"@id":"https:\/\/www.gatusos.com\/producto\/chealse-olimpo\/#breadcrumb"},"inLanguage":"en-GB","potentialAction":[{"@type":"ReadAction","target":["https:\/\/www.gatusos.com\/producto\/chealse-olimpo\/"]}]},{"@type":"ImageObject","inLanguage":"en-GB","@id":"https:\/\/www.gatusos.com\/producto\/chealse-olimpo\/#primaryimage","url":"https:\/\/www.gatusos.com\/wp-content\/uploads\/2026\/02\/Perfil-2-scaled.jpg","contentUrl":"https:\/\/www.gatusos.com\/wp-content\/uploads\/2026\/02\/Perfil-2-scaled.jpg","width":2560,"height":2560},{"@type":"BreadcrumbList","@id":"https:\/\/www.gatusos.com\/producto\/chealse-olimpo\/#breadcrumb","itemListElement":[{"@type":"ListItem","position":1,"name":"Portada","item":"https:\/\/www.gatusos.com\/"},{"@type":"ListItem","position":2,"name":"Tienda","item":"https:\/\/www.gatusos.com\/?page_id=552"},{"@type":"ListItem","position":3,"name":"Chelsea Olimpo"}]},{"@type":"WebSite","@id":"https:\/\/www.gatusos.com\/en\/#website","url":"https:\/\/www.gatusos.com\/en\/","name":"Gatusos","description":"","publisher":{"@id":"https:\/\/www.gatusos.com\/en\/#organization"},"potentialAction":[{"@type":"SearchAction","target":{"@type":"EntryPoint","urlTemplate":"https:\/\/www.gatusos.com\/en\/?s={search_term_string}"},"query-input":{"@type":"PropertyValueSpecification","valueRequired":true,"valueName":"search_term_string"}}],"inLanguage":"en-GB"},{"@type":"Organization","@id":"https:\/\/www.gatusos.com\/en\/#organization","name":"Gatusos","url":"https:\/\/www.gatusos.com\/en\/","logo":{"@type":"ImageObject","inLanguage":"en-GB","@id":"https:\/\/www.gatusos.com\/en\/#\/schema\/logo\/image\/","url":"https:\/\/www.gatusos.com\/wp-content\/uploads\/2022\/06\/LOGO-1.webp","contentUrl":"https:\/\/www.gatusos.com\/wp-content\/uploads\/2022\/06\/LOGO-1.webp","width":280,"height":80,"caption":"Gatusos"},"image":{"@id":"https:\/\/www.gatusos.com\/en\/#\/schema\/logo\/image\/"}}]}},"_links":{"self":[{"href":"https:\/\/www.gatusos.com\/en\/wp-json\/wp\/v2\/product\/9743","targetHints":{"allow":["GET"]}}],"collection":[{"href":"https:\/\/www.gatusos.com\/en\/wp-json\/wp\/v2\/product"}],"about":[{"href":"https:\/\/www.gatusos.com\/en\/wp-json\/wp\/v2\/types\/product"}],"replies":[{"embeddable":true,"href":"https:\/\/www.gatusos.com\/en\/wp-json\/wp\/v2\/comments?post=9743"}],"wp:featuredmedia":[{"embeddable":true,"href":"https:\/\/www.gatusos.com\/en\/wp-json\/wp\/v2\/media\/9787"}],"wp:attachment":[{"href":"https:\/\/www.gatusos.com\/en\/wp-json\/wp\/v2\/media?parent=9743"}],"wp:term":[{"taxonomy":"product_brand","embeddable":true,"href":"https:\/\/www.gatusos.com\/en\/wp-json\/wp\/v2\/product_brand?post=9743"},{"taxonomy":"product_cat","embeddable":true,"href":"https:\/\/www.gatusos.com\/en\/wp-json\/wp\/v2\/product_cat?post=9743"},{"taxonomy":"product_tag","embeddable":true,"href":"https:\/\/www.gatusos.com\/en\/wp-json\/wp\/v2\/product_tag?post=9743"}],"curies":[{"name":"wp","href":"https:\/\/api.w.org\/{rel}","templated":true}]}}