{"id":8298,"date":"2023-04-28T06:40:49","date_gmt":"2023-04-28T06:40:49","guid":{"rendered":"https:\/\/www.gatusos.com\/?post_type=product&#038;p=8298"},"modified":"2026-02-02T12:53:05","modified_gmt":"2026-02-02T12:53:05","slug":"trasero-pony-deluxe","status":"publish","type":"product","link":"https:\/\/www.gatusos.com\/en\/product\/trasero-pony-deluxe\/","title":{"rendered":"Fetlock Pony Deluxe"},"content":{"rendered":"<p><strong>Pony jumping protector, for the horse's leg.\u00a0<\/strong><\/p>\n<p>The Gatusos\u00ae protectors are made of EVA GUMFLY, a revolutionary material unique in the industry, its benefits are many<\/p>\n<p>-Ultra-lightweight, <strong>only 98 grs. piece<\/strong><br \/>\n-Instant wash and dry<br \/>\n-Seamless<br \/>\n-Antibacterial<br \/>\n-Flexible<br \/>\n-Anatomical<br \/>\n-Impact absorbing<br \/>\n-Very durable<br \/>\n-ProMax fastening, extreme fastening system thanks to its double velcro closure<\/p>\n<p>100% made in Spain<\/p>\n<p>Free display available<\/p>","protected":false},"excerpt":{"rendered":"<p>Protector Pony de salto, para la pata del caballo\u00a0 Los protectores Gatusos\u00ae est\u00e1n fabricados en EVA GUMFLY, un material revolucionario, \u00fanico en el sector. Sus beneficios son m\u00faltiples: -Ultraligero, solo 98 grs. unidad -Lavado y secado instant\u00e1neo -Libre de costuras -Antibacteriano -Flexible -Anat\u00f3mico -Absorbe impactos -Muy duraderos -Sujeci\u00f3n ProMax, sistema de sujeci\u00f3n extrema gracias a [&hellip;]<\/p>","protected":false},"featured_media":8304,"comment_status":"closed","ping_status":"closed","template":"","meta":[],"product_brand":[],"product_cat":[162,160],"product_tag":[],"class_list":{"0":"post-8298","1":"product","2":"type-product","3":"status-publish","4":"has-post-thumbnail","6":"product_cat-menudillo-pony","7":"product_cat-zz-pony","9":"first","10":"instock","11":"taxable","12":"shipping-taxable","13":"purchasable","14":"product-type-variable","15":"has-default-attributes","16":"rtwpvg-product"},"yoast_head":"<!-- This site is optimized with the Yoast SEO plugin v26.7 - https:\/\/yoast.com\/wordpress\/plugins\/seo\/ -->\n<title>Menudillo Pony Deluxe - Gatusos<\/title>\n<meta name=\"robots\" content=\"index, follow, max-snippet:-1, max-image-preview:large, max-video-preview:-1\" \/>\n<link rel=\"canonical\" href=\"https:\/\/www.gatusos.com\/en\/product\/trasero-pony-deluxe\/\" \/>\n<meta property=\"og:locale\" content=\"en_GB\" \/>\n<meta property=\"og:type\" content=\"article\" \/>\n<meta property=\"og:title\" content=\"Menudillo Pony Deluxe - Gatusos\" \/>\n<meta property=\"og:description\" content=\"Protector Pony de salto, para la pata del caballo\u00a0 Los protectores Gatusos\u00ae est\u00e1n fabricados en EVA GUMFLY, un material revolucionario, \u00fanico en el sector. Sus beneficios son m\u00faltiples: -Ultraligero, solo 98 grs. unidad -Lavado y secado instant\u00e1neo -Libre de costuras -Antibacteriano -Flexible -Anat\u00f3mico -Absorbe impactos -Muy duraderos -Sujeci\u00f3n ProMax, sistema de sujeci\u00f3n extrema gracias a [&hellip;]\" \/>\n<meta property=\"og:url\" content=\"https:\/\/www.gatusos.com\/en\/product\/trasero-pony-deluxe\/\" \/>\n<meta property=\"og:site_name\" content=\"Gatusos\" \/>\n<meta property=\"article:modified_time\" content=\"2026-02-02T12:53:05+00:00\" \/>\n<meta property=\"og:image\" content=\"https:\/\/www.gatusos.com\/wp-content\/uploads\/2023\/04\/Pony-Menudillo-Principal-Coral.jpg\" \/>\n\t<meta property=\"og:image:width\" content=\"1400\" \/>\n\t<meta property=\"og:image:height\" content=\"1400\" \/>\n\t<meta property=\"og:image:type\" content=\"image\/jpeg\" \/>\n<meta name=\"twitter:card\" content=\"summary_large_image\" \/>\n<meta name=\"twitter:label1\" content=\"Estimated reading time\" \/>\n\t<meta name=\"twitter:data1\" content=\"1 minute\" \/>\n<script type=\"application\/ld+json\" class=\"yoast-schema-graph\">{\"@context\":\"https:\/\/schema.org\",\"@graph\":[{\"@type\":\"WebPage\",\"@id\":\"https:\/\/www.gatusos.com\/producto\/trasero-pony-deluxe\/\",\"url\":\"https:\/\/www.gatusos.com\/producto\/trasero-pony-deluxe\/\",\"name\":\"Menudillo Pony Deluxe - Gatusos\",\"isPartOf\":{\"@id\":\"https:\/\/www.gatusos.com\/en\/#website\"},\"primaryImageOfPage\":{\"@id\":\"https:\/\/www.gatusos.com\/producto\/trasero-pony-deluxe\/#primaryimage\"},\"image\":{\"@id\":\"https:\/\/www.gatusos.com\/producto\/trasero-pony-deluxe\/#primaryimage\"},\"thumbnailUrl\":\"https:\/\/www.gatusos.com\/wp-content\/uploads\/2023\/04\/Pony-Menudillo-Principal-Coral.jpg\",\"datePublished\":\"2023-04-28T06:40:49+00:00\",\"dateModified\":\"2026-02-02T12:53:05+00:00\",\"breadcrumb\":{\"@id\":\"https:\/\/www.gatusos.com\/producto\/trasero-pony-deluxe\/#breadcrumb\"},\"inLanguage\":\"en-GB\",\"potentialAction\":[{\"@type\":\"ReadAction\",\"target\":[\"https:\/\/www.gatusos.com\/producto\/trasero-pony-deluxe\/\"]}]},{\"@type\":\"ImageObject\",\"inLanguage\":\"en-GB\",\"@id\":\"https:\/\/www.gatusos.com\/producto\/trasero-pony-deluxe\/#primaryimage\",\"url\":\"https:\/\/www.gatusos.com\/wp-content\/uploads\/2023\/04\/Pony-Menudillo-Principal-Coral.jpg\",\"contentUrl\":\"https:\/\/www.gatusos.com\/wp-content\/uploads\/2023\/04\/Pony-Menudillo-Principal-Coral.jpg\",\"width\":1400,\"height\":1400},{\"@type\":\"BreadcrumbList\",\"@id\":\"https:\/\/www.gatusos.com\/producto\/trasero-pony-deluxe\/#breadcrumb\",\"itemListElement\":[{\"@type\":\"ListItem\",\"position\":1,\"name\":\"Portada\",\"item\":\"https:\/\/www.gatusos.com\/\"},{\"@type\":\"ListItem\",\"position\":2,\"name\":\"Tienda\",\"item\":\"https:\/\/www.gatusos.com\/?page_id=552\"},{\"@type\":\"ListItem\",\"position\":3,\"name\":\"Menudillo Pony Deluxe\"}]},{\"@type\":\"WebSite\",\"@id\":\"https:\/\/www.gatusos.com\/en\/#website\",\"url\":\"https:\/\/www.gatusos.com\/en\/\",\"name\":\"Gatusos\",\"description\":\"\",\"publisher\":{\"@id\":\"https:\/\/www.gatusos.com\/en\/#organization\"},\"potentialAction\":[{\"@type\":\"SearchAction\",\"target\":{\"@type\":\"EntryPoint\",\"urlTemplate\":\"https:\/\/www.gatusos.com\/en\/?s={search_term_string}\"},\"query-input\":{\"@type\":\"PropertyValueSpecification\",\"valueRequired\":true,\"valueName\":\"search_term_string\"}}],\"inLanguage\":\"en-GB\"},{\"@type\":\"Organization\",\"@id\":\"https:\/\/www.gatusos.com\/en\/#organization\",\"name\":\"Gatusos\",\"url\":\"https:\/\/www.gatusos.com\/en\/\",\"logo\":{\"@type\":\"ImageObject\",\"inLanguage\":\"en-GB\",\"@id\":\"https:\/\/www.gatusos.com\/en\/#\/schema\/logo\/image\/\",\"url\":\"https:\/\/www.gatusos.com\/wp-content\/uploads\/2022\/06\/LOGO-1.webp\",\"contentUrl\":\"https:\/\/www.gatusos.com\/wp-content\/uploads\/2022\/06\/LOGO-1.webp\",\"width\":280,\"height\":80,\"caption\":\"Gatusos\"},\"image\":{\"@id\":\"https:\/\/www.gatusos.com\/en\/#\/schema\/logo\/image\/\"}}]}<\/script>\n<!-- \/ Yoast SEO plugin. -->","yoast_head_json":{"title":"Menudillo Pony Deluxe - Gatusos","robots":{"index":"index","follow":"follow","max-snippet":"max-snippet:-1","max-image-preview":"max-image-preview:large","max-video-preview":"max-video-preview:-1"},"canonical":"https:\/\/www.gatusos.com\/en\/product\/trasero-pony-deluxe\/","og_locale":"en_GB","og_type":"article","og_title":"Menudillo Pony Deluxe - Gatusos","og_description":"Protector Pony de salto, para la pata del caballo\u00a0 Los protectores Gatusos\u00ae est\u00e1n fabricados en EVA GUMFLY, un material revolucionario, \u00fanico en el sector. Sus beneficios son m\u00faltiples: -Ultraligero, solo 98 grs. unidad -Lavado y secado instant\u00e1neo -Libre de costuras -Antibacteriano -Flexible -Anat\u00f3mico -Absorbe impactos -Muy duraderos -Sujeci\u00f3n ProMax, sistema de sujeci\u00f3n extrema gracias a [&hellip;]","og_url":"https:\/\/www.gatusos.com\/en\/product\/trasero-pony-deluxe\/","og_site_name":"Gatusos","article_modified_time":"2026-02-02T12:53:05+00:00","og_image":[{"width":1400,"height":1400,"url":"https:\/\/www.gatusos.com\/wp-content\/uploads\/2023\/04\/Pony-Menudillo-Principal-Coral.jpg","type":"image\/jpeg"}],"twitter_card":"summary_large_image","twitter_misc":{"Estimated reading time":"1 minute"},"schema":{"@context":"https:\/\/schema.org","@graph":[{"@type":"WebPage","@id":"https:\/\/www.gatusos.com\/producto\/trasero-pony-deluxe\/","url":"https:\/\/www.gatusos.com\/producto\/trasero-pony-deluxe\/","name":"Menudillo Pony Deluxe - Gatusos","isPartOf":{"@id":"https:\/\/www.gatusos.com\/en\/#website"},"primaryImageOfPage":{"@id":"https:\/\/www.gatusos.com\/producto\/trasero-pony-deluxe\/#primaryimage"},"image":{"@id":"https:\/\/www.gatusos.com\/producto\/trasero-pony-deluxe\/#primaryimage"},"thumbnailUrl":"https:\/\/www.gatusos.com\/wp-content\/uploads\/2023\/04\/Pony-Menudillo-Principal-Coral.jpg","datePublished":"2023-04-28T06:40:49+00:00","dateModified":"2026-02-02T12:53:05+00:00","breadcrumb":{"@id":"https:\/\/www.gatusos.com\/producto\/trasero-pony-deluxe\/#breadcrumb"},"inLanguage":"en-GB","potentialAction":[{"@type":"ReadAction","target":["https:\/\/www.gatusos.com\/producto\/trasero-pony-deluxe\/"]}]},{"@type":"ImageObject","inLanguage":"en-GB","@id":"https:\/\/www.gatusos.com\/producto\/trasero-pony-deluxe\/#primaryimage","url":"https:\/\/www.gatusos.com\/wp-content\/uploads\/2023\/04\/Pony-Menudillo-Principal-Coral.jpg","contentUrl":"https:\/\/www.gatusos.com\/wp-content\/uploads\/2023\/04\/Pony-Menudillo-Principal-Coral.jpg","width":1400,"height":1400},{"@type":"BreadcrumbList","@id":"https:\/\/www.gatusos.com\/producto\/trasero-pony-deluxe\/#breadcrumb","itemListElement":[{"@type":"ListItem","position":1,"name":"Portada","item":"https:\/\/www.gatusos.com\/"},{"@type":"ListItem","position":2,"name":"Tienda","item":"https:\/\/www.gatusos.com\/?page_id=552"},{"@type":"ListItem","position":3,"name":"Menudillo Pony Deluxe"}]},{"@type":"WebSite","@id":"https:\/\/www.gatusos.com\/en\/#website","url":"https:\/\/www.gatusos.com\/en\/","name":"Gatusos","description":"","publisher":{"@id":"https:\/\/www.gatusos.com\/en\/#organization"},"potentialAction":[{"@type":"SearchAction","target":{"@type":"EntryPoint","urlTemplate":"https:\/\/www.gatusos.com\/en\/?s={search_term_string}"},"query-input":{"@type":"PropertyValueSpecification","valueRequired":true,"valueName":"search_term_string"}}],"inLanguage":"en-GB"},{"@type":"Organization","@id":"https:\/\/www.gatusos.com\/en\/#organization","name":"Gatusos","url":"https:\/\/www.gatusos.com\/en\/","logo":{"@type":"ImageObject","inLanguage":"en-GB","@id":"https:\/\/www.gatusos.com\/en\/#\/schema\/logo\/image\/","url":"https:\/\/www.gatusos.com\/wp-content\/uploads\/2022\/06\/LOGO-1.webp","contentUrl":"https:\/\/www.gatusos.com\/wp-content\/uploads\/2022\/06\/LOGO-1.webp","width":280,"height":80,"caption":"Gatusos"},"image":{"@id":"https:\/\/www.gatusos.com\/en\/#\/schema\/logo\/image\/"}}]}},"_links":{"self":[{"href":"https:\/\/www.gatusos.com\/en\/wp-json\/wp\/v2\/product\/8298","targetHints":{"allow":["GET"]}}],"collection":[{"href":"https:\/\/www.gatusos.com\/en\/wp-json\/wp\/v2\/product"}],"about":[{"href":"https:\/\/www.gatusos.com\/en\/wp-json\/wp\/v2\/types\/product"}],"replies":[{"embeddable":true,"href":"https:\/\/www.gatusos.com\/en\/wp-json\/wp\/v2\/comments?post=8298"}],"wp:featuredmedia":[{"embeddable":true,"href":"https:\/\/www.gatusos.com\/en\/wp-json\/wp\/v2\/media\/8304"}],"wp:attachment":[{"href":"https:\/\/www.gatusos.com\/en\/wp-json\/wp\/v2\/media?parent=8298"}],"wp:term":[{"taxonomy":"product_brand","embeddable":true,"href":"https:\/\/www.gatusos.com\/en\/wp-json\/wp\/v2\/product_brand?post=8298"},{"taxonomy":"product_cat","embeddable":true,"href":"https:\/\/www.gatusos.com\/en\/wp-json\/wp\/v2\/product_cat?post=8298"},{"taxonomy":"product_tag","embeddable":true,"href":"https:\/\/www.gatusos.com\/en\/wp-json\/wp\/v2\/product_tag?post=8298"}],"curies":[{"name":"wp","href":"https:\/\/api.w.org\/{rel}","templated":true}]}}