{"id":6914,"date":"2023-04-12T11:00:19","date_gmt":"2023-04-12T11:00:19","guid":{"rendered":"https:\/\/www.gatusos.com\/?post_type=product&#038;p=6914"},"modified":"2026-03-26T11:40:26","modified_gmt":"2026-03-26T11:40:26","slug":"delantero-genuins","status":"publish","type":"product","link":"https:\/\/www.gatusos.com\/en\/product\/delantero-genuins\/","title":{"rendered":"Front Genuins"},"content":{"rendered":"<p><strong>Professional front dressage protectors <\/strong><strong>provide safety during training and prevent damage from impacts. They facilitate positioning on the leg and promote unrestricted movement.<\/strong><\/p>\n<p>Gatusos\u00ae professional line protectors are made of BAMBOO, MEMORY FOAM and TPU SHELL, a perfect combination for your horse.<\/p>\n<p>BAMBOO, sweat absorbing, antibacterial, anti-odor, thermo-regulating, hypoallergenic, lightweight. Soft to the touch.<\/p>\n<p>MEMORY FOAM, fully adapts to the horse's leg and recovers its shape thanks to the viscoelastic memory.<\/p>\n<p>&#8211;<strong>260 grs. unidad<\/strong><br \/>\n-Anatomical<br \/>\n-Impact absorbing<br \/>\n-Very durable<br \/>\n&#8211;<strong>LockFast fastening<\/strong>, a system that ensures a quick, comfortable and reliable fit. Two 5 cm elastic straps and quick-release closure at the tip.<\/p>\n<p>100% made in Spain<\/p>\n<p>Free display available<\/p>","protected":false},"excerpt":{"rendered":"<p>Protector delantero profesional de doma, proporcionan seguridad durante el entramiento y evitan da\u00f1os contra los impactos. Facilitan el posicionamiento en la pierna y favorece el movimiento sin restricciones. Los protectores Gatusos\u00ae de la l\u00ednea professional est\u00e1n fabricados en BAMBOO, MEMORY FOAM y carcasa de TPU, una combinaci\u00f3n perfecta para tu caballo. BAMBOO, absorbe el sudor, [&hellip;]<\/p>","protected":false},"featured_media":9855,"comment_status":"closed","ping_status":"closed","template":"","meta":[],"product_brand":[],"product_cat":[150,146],"product_tag":[],"class_list":{"0":"post-6914","1":"product","2":"type-product","3":"status-publish","4":"has-post-thumbnail","6":"product_cat-delantero-genuins","7":"product_cat-zz-genuins","9":"first","10":"instock","11":"taxable","12":"shipping-taxable","13":"purchasable","14":"product-type-variable","15":"has-default-attributes","16":"rtwpvg-product"},"yoast_head":"<!-- This site is optimized with the Yoast SEO plugin v26.7 - https:\/\/yoast.com\/wordpress\/plugins\/seo\/ -->\n<title>Delantero Genuins - Gatusos<\/title>\n<meta name=\"description\" content=\"El protector delantero para caballos de Gatusos esta fabricado con materiales de alta calidad bamboo, viscoel\u00e1stica y TPU para brindar una protecci\u00f3n completa a la pata del caballo. Gracias a la memoria viscoel\u00e1stica, este protector se adapta perfectamente a la pata del caballo y recupera su forma original despu\u00e9s del uso. Con este protector, podr\u00e1s estar seguro de que tu caballo est\u00e1 protegido mientras realiza sus actividades diarias\" \/>\n<meta name=\"robots\" content=\"index, follow, max-snippet:-1, max-image-preview:large, max-video-preview:-1\" \/>\n<link rel=\"canonical\" href=\"https:\/\/www.gatusos.com\/en\/product\/delantero-genuins\/\" \/>\n<meta property=\"og:locale\" content=\"en_GB\" \/>\n<meta property=\"og:type\" content=\"article\" \/>\n<meta property=\"og:title\" content=\"Delantero Genuins - Gatusos\" \/>\n<meta property=\"og:description\" content=\"El protector delantero para caballos de Gatusos esta fabricado con materiales de alta calidad bamboo, viscoel\u00e1stica y TPU para brindar una protecci\u00f3n completa a la pata del caballo. Gracias a la memoria viscoel\u00e1stica, este protector se adapta perfectamente a la pata del caballo y recupera su forma original despu\u00e9s del uso. Con este protector, podr\u00e1s estar seguro de que tu caballo est\u00e1 protegido mientras realiza sus actividades diarias\" \/>\n<meta property=\"og:url\" content=\"https:\/\/www.gatusos.com\/en\/product\/delantero-genuins\/\" \/>\n<meta property=\"og:site_name\" content=\"Gatusos\" \/>\n<meta property=\"article:modified_time\" content=\"2026-03-26T11:40:26+00:00\" \/>\n<meta property=\"og:image\" content=\"https:\/\/www.gatusos.com\/wp-content\/uploads\/2026\/03\/Delantero-Genuins-principa-blancol.jpg\" \/>\n\t<meta property=\"og:image:width\" content=\"1400\" \/>\n\t<meta property=\"og:image:height\" content=\"1400\" \/>\n\t<meta property=\"og:image:type\" content=\"image\/jpeg\" \/>\n<meta name=\"twitter:card\" content=\"summary_large_image\" \/>\n<meta name=\"twitter:label1\" content=\"Estimated reading time\" \/>\n\t<meta name=\"twitter:data1\" content=\"1 minute\" \/>\n<script type=\"application\/ld+json\" class=\"yoast-schema-graph\">{\"@context\":\"https:\/\/schema.org\",\"@graph\":[{\"@type\":\"WebPage\",\"@id\":\"https:\/\/www.gatusos.com\/producto\/delantero-genuins\/\",\"url\":\"https:\/\/www.gatusos.com\/producto\/delantero-genuins\/\",\"name\":\"Delantero Genuins - Gatusos\",\"isPartOf\":{\"@id\":\"https:\/\/www.gatusos.com\/en\/#website\"},\"primaryImageOfPage\":{\"@id\":\"https:\/\/www.gatusos.com\/producto\/delantero-genuins\/#primaryimage\"},\"image\":{\"@id\":\"https:\/\/www.gatusos.com\/producto\/delantero-genuins\/#primaryimage\"},\"thumbnailUrl\":\"https:\/\/www.gatusos.com\/wp-content\/uploads\/2026\/03\/Delantero-Genuins-principa-blancol.jpg\",\"datePublished\":\"2023-04-12T11:00:19+00:00\",\"dateModified\":\"2026-03-26T11:40:26+00:00\",\"description\":\"El protector delantero para caballos de Gatusos esta fabricado con materiales de alta calidad bamboo, viscoel\u00e1stica y TPU para brindar una protecci\u00f3n completa a la pata del caballo. Gracias a la memoria viscoel\u00e1stica, este protector se adapta perfectamente a la pata del caballo y recupera su forma original despu\u00e9s del uso. Con este protector, podr\u00e1s estar seguro de que tu caballo est\u00e1 protegido mientras realiza sus actividades diarias\",\"breadcrumb\":{\"@id\":\"https:\/\/www.gatusos.com\/producto\/delantero-genuins\/#breadcrumb\"},\"inLanguage\":\"en-GB\",\"potentialAction\":[{\"@type\":\"ReadAction\",\"target\":[\"https:\/\/www.gatusos.com\/producto\/delantero-genuins\/\"]}]},{\"@type\":\"ImageObject\",\"inLanguage\":\"en-GB\",\"@id\":\"https:\/\/www.gatusos.com\/producto\/delantero-genuins\/#primaryimage\",\"url\":\"https:\/\/www.gatusos.com\/wp-content\/uploads\/2026\/03\/Delantero-Genuins-principa-blancol.jpg\",\"contentUrl\":\"https:\/\/www.gatusos.com\/wp-content\/uploads\/2026\/03\/Delantero-Genuins-principa-blancol.jpg\",\"width\":1400,\"height\":1400},{\"@type\":\"BreadcrumbList\",\"@id\":\"https:\/\/www.gatusos.com\/producto\/delantero-genuins\/#breadcrumb\",\"itemListElement\":[{\"@type\":\"ListItem\",\"position\":1,\"name\":\"Portada\",\"item\":\"https:\/\/www.gatusos.com\/\"},{\"@type\":\"ListItem\",\"position\":2,\"name\":\"Tienda\",\"item\":\"https:\/\/www.gatusos.com\/?page_id=552\"},{\"@type\":\"ListItem\",\"position\":3,\"name\":\"Delantero Genuins\"}]},{\"@type\":\"WebSite\",\"@id\":\"https:\/\/www.gatusos.com\/en\/#website\",\"url\":\"https:\/\/www.gatusos.com\/en\/\",\"name\":\"Gatusos\",\"description\":\"\",\"publisher\":{\"@id\":\"https:\/\/www.gatusos.com\/en\/#organization\"},\"potentialAction\":[{\"@type\":\"SearchAction\",\"target\":{\"@type\":\"EntryPoint\",\"urlTemplate\":\"https:\/\/www.gatusos.com\/en\/?s={search_term_string}\"},\"query-input\":{\"@type\":\"PropertyValueSpecification\",\"valueRequired\":true,\"valueName\":\"search_term_string\"}}],\"inLanguage\":\"en-GB\"},{\"@type\":\"Organization\",\"@id\":\"https:\/\/www.gatusos.com\/en\/#organization\",\"name\":\"Gatusos\",\"url\":\"https:\/\/www.gatusos.com\/en\/\",\"logo\":{\"@type\":\"ImageObject\",\"inLanguage\":\"en-GB\",\"@id\":\"https:\/\/www.gatusos.com\/en\/#\/schema\/logo\/image\/\",\"url\":\"https:\/\/www.gatusos.com\/wp-content\/uploads\/2022\/06\/LOGO-1.webp\",\"contentUrl\":\"https:\/\/www.gatusos.com\/wp-content\/uploads\/2022\/06\/LOGO-1.webp\",\"width\":280,\"height\":80,\"caption\":\"Gatusos\"},\"image\":{\"@id\":\"https:\/\/www.gatusos.com\/en\/#\/schema\/logo\/image\/\"}}]}<\/script>\n<!-- \/ Yoast SEO plugin. -->","yoast_head_json":{"title":"Delantero Genuins - Gatusos","description":"El protector delantero para caballos de Gatusos esta fabricado con materiales de alta calidad bamboo, viscoel\u00e1stica y TPU para brindar una protecci\u00f3n completa a la pata del caballo. Gracias a la memoria viscoel\u00e1stica, este protector se adapta perfectamente a la pata del caballo y recupera su forma original despu\u00e9s del uso. Con este protector, podr\u00e1s estar seguro de que tu caballo est\u00e1 protegido mientras realiza sus actividades diarias","robots":{"index":"index","follow":"follow","max-snippet":"max-snippet:-1","max-image-preview":"max-image-preview:large","max-video-preview":"max-video-preview:-1"},"canonical":"https:\/\/www.gatusos.com\/en\/product\/delantero-genuins\/","og_locale":"en_GB","og_type":"article","og_title":"Delantero Genuins - Gatusos","og_description":"El protector delantero para caballos de Gatusos esta fabricado con materiales de alta calidad bamboo, viscoel\u00e1stica y TPU para brindar una protecci\u00f3n completa a la pata del caballo. Gracias a la memoria viscoel\u00e1stica, este protector se adapta perfectamente a la pata del caballo y recupera su forma original despu\u00e9s del uso. Con este protector, podr\u00e1s estar seguro de que tu caballo est\u00e1 protegido mientras realiza sus actividades diarias","og_url":"https:\/\/www.gatusos.com\/en\/product\/delantero-genuins\/","og_site_name":"Gatusos","article_modified_time":"2026-03-26T11:40:26+00:00","og_image":[{"width":1400,"height":1400,"url":"https:\/\/www.gatusos.com\/wp-content\/uploads\/2026\/03\/Delantero-Genuins-principa-blancol.jpg","type":"image\/jpeg"}],"twitter_card":"summary_large_image","twitter_misc":{"Estimated reading time":"1 minute"},"schema":{"@context":"https:\/\/schema.org","@graph":[{"@type":"WebPage","@id":"https:\/\/www.gatusos.com\/producto\/delantero-genuins\/","url":"https:\/\/www.gatusos.com\/producto\/delantero-genuins\/","name":"Delantero Genuins - Gatusos","isPartOf":{"@id":"https:\/\/www.gatusos.com\/en\/#website"},"primaryImageOfPage":{"@id":"https:\/\/www.gatusos.com\/producto\/delantero-genuins\/#primaryimage"},"image":{"@id":"https:\/\/www.gatusos.com\/producto\/delantero-genuins\/#primaryimage"},"thumbnailUrl":"https:\/\/www.gatusos.com\/wp-content\/uploads\/2026\/03\/Delantero-Genuins-principa-blancol.jpg","datePublished":"2023-04-12T11:00:19+00:00","dateModified":"2026-03-26T11:40:26+00:00","description":"El protector delantero para caballos de Gatusos esta fabricado con materiales de alta calidad bamboo, viscoel\u00e1stica y TPU para brindar una protecci\u00f3n completa a la pata del caballo. Gracias a la memoria viscoel\u00e1stica, este protector se adapta perfectamente a la pata del caballo y recupera su forma original despu\u00e9s del uso. Con este protector, podr\u00e1s estar seguro de que tu caballo est\u00e1 protegido mientras realiza sus actividades diarias","breadcrumb":{"@id":"https:\/\/www.gatusos.com\/producto\/delantero-genuins\/#breadcrumb"},"inLanguage":"en-GB","potentialAction":[{"@type":"ReadAction","target":["https:\/\/www.gatusos.com\/producto\/delantero-genuins\/"]}]},{"@type":"ImageObject","inLanguage":"en-GB","@id":"https:\/\/www.gatusos.com\/producto\/delantero-genuins\/#primaryimage","url":"https:\/\/www.gatusos.com\/wp-content\/uploads\/2026\/03\/Delantero-Genuins-principa-blancol.jpg","contentUrl":"https:\/\/www.gatusos.com\/wp-content\/uploads\/2026\/03\/Delantero-Genuins-principa-blancol.jpg","width":1400,"height":1400},{"@type":"BreadcrumbList","@id":"https:\/\/www.gatusos.com\/producto\/delantero-genuins\/#breadcrumb","itemListElement":[{"@type":"ListItem","position":1,"name":"Portada","item":"https:\/\/www.gatusos.com\/"},{"@type":"ListItem","position":2,"name":"Tienda","item":"https:\/\/www.gatusos.com\/?page_id=552"},{"@type":"ListItem","position":3,"name":"Delantero Genuins"}]},{"@type":"WebSite","@id":"https:\/\/www.gatusos.com\/en\/#website","url":"https:\/\/www.gatusos.com\/en\/","name":"Gatusos","description":"","publisher":{"@id":"https:\/\/www.gatusos.com\/en\/#organization"},"potentialAction":[{"@type":"SearchAction","target":{"@type":"EntryPoint","urlTemplate":"https:\/\/www.gatusos.com\/en\/?s={search_term_string}"},"query-input":{"@type":"PropertyValueSpecification","valueRequired":true,"valueName":"search_term_string"}}],"inLanguage":"en-GB"},{"@type":"Organization","@id":"https:\/\/www.gatusos.com\/en\/#organization","name":"Gatusos","url":"https:\/\/www.gatusos.com\/en\/","logo":{"@type":"ImageObject","inLanguage":"en-GB","@id":"https:\/\/www.gatusos.com\/en\/#\/schema\/logo\/image\/","url":"https:\/\/www.gatusos.com\/wp-content\/uploads\/2022\/06\/LOGO-1.webp","contentUrl":"https:\/\/www.gatusos.com\/wp-content\/uploads\/2022\/06\/LOGO-1.webp","width":280,"height":80,"caption":"Gatusos"},"image":{"@id":"https:\/\/www.gatusos.com\/en\/#\/schema\/logo\/image\/"}}]}},"_links":{"self":[{"href":"https:\/\/www.gatusos.com\/en\/wp-json\/wp\/v2\/product\/6914","targetHints":{"allow":["GET"]}}],"collection":[{"href":"https:\/\/www.gatusos.com\/en\/wp-json\/wp\/v2\/product"}],"about":[{"href":"https:\/\/www.gatusos.com\/en\/wp-json\/wp\/v2\/types\/product"}],"replies":[{"embeddable":true,"href":"https:\/\/www.gatusos.com\/en\/wp-json\/wp\/v2\/comments?post=6914"}],"wp:featuredmedia":[{"embeddable":true,"href":"https:\/\/www.gatusos.com\/en\/wp-json\/wp\/v2\/media\/9855"}],"wp:attachment":[{"href":"https:\/\/www.gatusos.com\/en\/wp-json\/wp\/v2\/media?parent=6914"}],"wp:term":[{"taxonomy":"product_brand","embeddable":true,"href":"https:\/\/www.gatusos.com\/en\/wp-json\/wp\/v2\/product_brand?post=6914"},{"taxonomy":"product_cat","embeddable":true,"href":"https:\/\/www.gatusos.com\/en\/wp-json\/wp\/v2\/product_cat?post=6914"},{"taxonomy":"product_tag","embeddable":true,"href":"https:\/\/www.gatusos.com\/en\/wp-json\/wp\/v2\/product_tag?post=6914"}],"curies":[{"name":"wp","href":"https:\/\/api.w.org\/{rel}","templated":true}]}}