{"id":8350,"date":"2023-05-03T08:50:55","date_gmt":"2023-05-03T08:50:55","guid":{"rendered":"https:\/\/www.gatusos.com\/?page_id=8350"},"modified":"2023-05-03T08:52:16","modified_gmt":"2023-05-03T08:52:16","slug":"personaliza-tu-marca-a-laser-pony-deluxe","status":"publish","type":"page","link":"https:\/\/www.gatusos.com\/en\/personaliza-tu-marca-a-laser-pony-deluxe\/","title":{"rendered":"Personaliza tu marca a laser pony deluxe"},"content":{"rendered":"<div data-elementor-type=\"wp-page\" data-elementor-id=\"8350\" class=\"elementor elementor-8350\" data-elementor-post-type=\"page\">\n\t\t\t\t\t\t<section class=\"elementor-section elementor-top-section elementor-element elementor-element-6277d50 elementor-section-boxed elementor-section-height-default elementor-section-height-default\" data-id=\"6277d50\" data-element_type=\"section\" data-settings=\"{&quot;background_background&quot;:&quot;classic&quot;}\">\n\t\t\t\t\t\t<div class=\"elementor-container elementor-column-gap-default\">\n\t\t\t\t\t<div class=\"elementor-column elementor-col-100 elementor-top-column elementor-element elementor-element-38f110d\" data-id=\"38f110d\" data-element_type=\"column\">\n\t\t\t<div class=\"elementor-widget-wrap elementor-element-populated\">\n\t\t\t\t\t\t<div class=\"elementor-element elementor-element-7b32d26 elementor-widget elementor-widget-text-editor\" data-id=\"7b32d26\" data-element_type=\"widget\" data-widget_type=\"text-editor.default\">\n\t\t\t\t<div class=\"elementor-widget-container\">\n\t\t\t\t\t\t\t\t\t<p><strong>Once the order has been placed, send us the brand to info@gatusos.com in jpg format for laser engraved.<\/strong><\/p><p><strong>Indicate the order number, protector, colour and size in which you wish to engrave it.<\/strong><\/p>\t\t\t\t\t\t\t\t<\/div>\n\t\t\t\t<\/div>\n\t\t\t\t<div class=\"elementor-element elementor-element-e788baf elementor-arrows-position-inside elementor-pagination-position-outside elementor-widget elementor-widget-image-carousel\" data-id=\"e788baf\" data-element_type=\"widget\" data-settings=\"{&quot;slides_to_show&quot;:&quot;1&quot;,&quot;pause_on_hover&quot;:&quot;no&quot;,&quot;navigation&quot;:&quot;both&quot;,&quot;autoplay&quot;:&quot;yes&quot;,&quot;pause_on_interaction&quot;:&quot;yes&quot;,&quot;autoplay_speed&quot;:5000,&quot;infinite&quot;:&quot;yes&quot;,&quot;effect&quot;:&quot;slide&quot;,&quot;speed&quot;:500}\" data-widget_type=\"image-carousel.default\">\n\t\t\t\t<div class=\"elementor-widget-container\">\n\t\t\t\t\t\t\t<div class=\"elementor-image-carousel-wrapper swiper\" role=\"region\" aria-roledescription=\"carousel\" aria-label=\"Image Carousel\" dir=\"ltr\" data-no-translation-aria-label=\"\">\n\t\t\t<div class=\"elementor-image-carousel swiper-wrapper\" aria-live=\"off\">\n\t\t\t\t\t\t\t\t<div class=\"swiper-slide\" role=\"group\" aria-roledescription=\"slide\" aria-label=\"1 of 1\" data-no-translation-aria-label=\"\"><figure class=\"swiper-slide-inner\"><img decoding=\"async\" class=\"swiper-slide-image\" src=\"https:\/\/www.gatusos.com\/wp-content\/uploads\/2023\/05\/pony-en.png\" alt=\"pony\" \/><\/figure><\/div>\t\t\t<\/div>\n\t\t\t\t\t<\/div>\n\t\t\t\t\t\t<\/div>\n\t\t\t\t<\/div>\n\t\t\t\t\t<\/div>\n\t\t<\/div>\n\t\t\t\t\t<\/div>\n\t\t<\/section>\n\t\t\t\t<\/div>","protected":false},"excerpt":{"rendered":"<p>Una vez realizado el pedido env\u00edanos la marca a info@gatusos.com en formato JPG para el grabado a l\u00e1ser. Indicando el n\u00famero de pedido, protector, color y talla en el que deseas hacer la grabaci\u00f3n.<\/p>","protected":false},"author":1,"featured_media":0,"parent":0,"menu_order":0,"comment_status":"closed","ping_status":"closed","template":"elementor_header_footer","meta":{"footnotes":""},"class_list":["post-8350","page","type-page","status-publish","hentry"],"yoast_head":"<!-- This site is optimized with the Yoast SEO plugin v26.7 - https:\/\/yoast.com\/wordpress\/plugins\/seo\/ -->\n<title>Personaliza tu marca a laser pony deluxe - Gatusos<\/title>\n<meta name=\"robots\" content=\"index, follow, max-snippet:-1, max-image-preview:large, max-video-preview:-1\" \/>\n<link rel=\"canonical\" href=\"https:\/\/www.gatusos.com\/en\/personaliza-tu-marca-a-laser-pony-deluxe\/\" \/>\n<meta property=\"og:locale\" content=\"en_GB\" \/>\n<meta property=\"og:type\" content=\"article\" \/>\n<meta property=\"og:title\" content=\"Personaliza tu marca a laser pony deluxe - Gatusos\" \/>\n<meta property=\"og:description\" content=\"Una vez realizado el pedido env\u00edanos la marca a info@gatusos.com en formato JPG para el grabado a l\u00e1ser. Indicando el n\u00famero de pedido, protector, color y talla en el que deseas hacer la grabaci\u00f3n.\" \/>\n<meta property=\"og:url\" content=\"https:\/\/www.gatusos.com\/en\/personaliza-tu-marca-a-laser-pony-deluxe\/\" \/>\n<meta property=\"og:site_name\" content=\"Gatusos\" \/>\n<meta property=\"article:modified_time\" content=\"2023-05-03T08:52:16+00:00\" \/>\n<meta property=\"og:image\" content=\"https:\/\/www.gatusos.com\/wp-content\/uploads\/2023\/05\/pony.png\" \/>\n<meta name=\"twitter:card\" content=\"summary_large_image\" \/>\n<script type=\"application\/ld+json\" class=\"yoast-schema-graph\">{\"@context\":\"https:\/\/schema.org\",\"@graph\":[{\"@type\":\"WebPage\",\"@id\":\"https:\/\/www.gatusos.com\/personaliza-tu-marca-a-laser-pony-deluxe\/\",\"url\":\"https:\/\/www.gatusos.com\/personaliza-tu-marca-a-laser-pony-deluxe\/\",\"name\":\"Personaliza tu marca a laser pony deluxe - Gatusos\",\"isPartOf\":{\"@id\":\"https:\/\/www.gatusos.com\/en\/#website\"},\"primaryImageOfPage\":{\"@id\":\"https:\/\/www.gatusos.com\/personaliza-tu-marca-a-laser-pony-deluxe\/#primaryimage\"},\"image\":{\"@id\":\"https:\/\/www.gatusos.com\/personaliza-tu-marca-a-laser-pony-deluxe\/#primaryimage\"},\"thumbnailUrl\":\"https:\/\/www.gatusos.com\/wp-content\/uploads\/2023\/05\/pony.png\",\"datePublished\":\"2023-05-03T08:50:55+00:00\",\"dateModified\":\"2023-05-03T08:52:16+00:00\",\"breadcrumb\":{\"@id\":\"https:\/\/www.gatusos.com\/personaliza-tu-marca-a-laser-pony-deluxe\/#breadcrumb\"},\"inLanguage\":\"en-GB\",\"potentialAction\":[{\"@type\":\"ReadAction\",\"target\":[\"https:\/\/www.gatusos.com\/personaliza-tu-marca-a-laser-pony-deluxe\/\"]}]},{\"@type\":\"ImageObject\",\"inLanguage\":\"en-GB\",\"@id\":\"https:\/\/www.gatusos.com\/personaliza-tu-marca-a-laser-pony-deluxe\/#primaryimage\",\"url\":\"https:\/\/www.gatusos.com\/wp-content\/uploads\/2023\/05\/pony.png\",\"contentUrl\":\"https:\/\/www.gatusos.com\/wp-content\/uploads\/2023\/05\/pony.png\"},{\"@type\":\"BreadcrumbList\",\"@id\":\"https:\/\/www.gatusos.com\/personaliza-tu-marca-a-laser-pony-deluxe\/#breadcrumb\",\"itemListElement\":[{\"@type\":\"ListItem\",\"position\":1,\"name\":\"Portada\",\"item\":\"https:\/\/www.gatusos.com\/\"},{\"@type\":\"ListItem\",\"position\":2,\"name\":\"Personaliza tu marca a laser pony deluxe\"}]},{\"@type\":\"WebSite\",\"@id\":\"https:\/\/www.gatusos.com\/en\/#website\",\"url\":\"https:\/\/www.gatusos.com\/en\/\",\"name\":\"Gatusos\",\"description\":\"\",\"publisher\":{\"@id\":\"https:\/\/www.gatusos.com\/en\/#organization\"},\"potentialAction\":[{\"@type\":\"SearchAction\",\"target\":{\"@type\":\"EntryPoint\",\"urlTemplate\":\"https:\/\/www.gatusos.com\/en\/?s={search_term_string}\"},\"query-input\":{\"@type\":\"PropertyValueSpecification\",\"valueRequired\":true,\"valueName\":\"search_term_string\"}}],\"inLanguage\":\"en-GB\"},{\"@type\":\"Organization\",\"@id\":\"https:\/\/www.gatusos.com\/en\/#organization\",\"name\":\"Gatusos\",\"url\":\"https:\/\/www.gatusos.com\/en\/\",\"logo\":{\"@type\":\"ImageObject\",\"inLanguage\":\"en-GB\",\"@id\":\"https:\/\/www.gatusos.com\/en\/#\/schema\/logo\/image\/\",\"url\":\"https:\/\/www.gatusos.com\/wp-content\/uploads\/2022\/06\/LOGO-1.webp\",\"contentUrl\":\"https:\/\/www.gatusos.com\/wp-content\/uploads\/2022\/06\/LOGO-1.webp\",\"width\":280,\"height\":80,\"caption\":\"Gatusos\"},\"image\":{\"@id\":\"https:\/\/www.gatusos.com\/en\/#\/schema\/logo\/image\/\"}}]}<\/script>\n<!-- \/ Yoast SEO plugin. -->","yoast_head_json":{"title":"Personaliza tu marca a laser pony deluxe - Gatusos","robots":{"index":"index","follow":"follow","max-snippet":"max-snippet:-1","max-image-preview":"max-image-preview:large","max-video-preview":"max-video-preview:-1"},"canonical":"https:\/\/www.gatusos.com\/en\/personaliza-tu-marca-a-laser-pony-deluxe\/","og_locale":"en_GB","og_type":"article","og_title":"Personaliza tu marca a laser pony deluxe - Gatusos","og_description":"Una vez realizado el pedido env\u00edanos la marca a info@gatusos.com en formato JPG para el grabado a l\u00e1ser. Indicando el n\u00famero de pedido, protector, color y talla en el que deseas hacer la grabaci\u00f3n.","og_url":"https:\/\/www.gatusos.com\/en\/personaliza-tu-marca-a-laser-pony-deluxe\/","og_site_name":"Gatusos","article_modified_time":"2023-05-03T08:52:16+00:00","og_image":[{"url":"https:\/\/www.gatusos.com\/wp-content\/uploads\/2023\/05\/pony.png","type":"","width":"","height":""}],"twitter_card":"summary_large_image","schema":{"@context":"https:\/\/schema.org","@graph":[{"@type":"WebPage","@id":"https:\/\/www.gatusos.com\/personaliza-tu-marca-a-laser-pony-deluxe\/","url":"https:\/\/www.gatusos.com\/personaliza-tu-marca-a-laser-pony-deluxe\/","name":"Personaliza tu marca a laser pony deluxe - Gatusos","isPartOf":{"@id":"https:\/\/www.gatusos.com\/en\/#website"},"primaryImageOfPage":{"@id":"https:\/\/www.gatusos.com\/personaliza-tu-marca-a-laser-pony-deluxe\/#primaryimage"},"image":{"@id":"https:\/\/www.gatusos.com\/personaliza-tu-marca-a-laser-pony-deluxe\/#primaryimage"},"thumbnailUrl":"https:\/\/www.gatusos.com\/wp-content\/uploads\/2023\/05\/pony.png","datePublished":"2023-05-03T08:50:55+00:00","dateModified":"2023-05-03T08:52:16+00:00","breadcrumb":{"@id":"https:\/\/www.gatusos.com\/personaliza-tu-marca-a-laser-pony-deluxe\/#breadcrumb"},"inLanguage":"en-GB","potentialAction":[{"@type":"ReadAction","target":["https:\/\/www.gatusos.com\/personaliza-tu-marca-a-laser-pony-deluxe\/"]}]},{"@type":"ImageObject","inLanguage":"en-GB","@id":"https:\/\/www.gatusos.com\/personaliza-tu-marca-a-laser-pony-deluxe\/#primaryimage","url":"https:\/\/www.gatusos.com\/wp-content\/uploads\/2023\/05\/pony.png","contentUrl":"https:\/\/www.gatusos.com\/wp-content\/uploads\/2023\/05\/pony.png"},{"@type":"BreadcrumbList","@id":"https:\/\/www.gatusos.com\/personaliza-tu-marca-a-laser-pony-deluxe\/#breadcrumb","itemListElement":[{"@type":"ListItem","position":1,"name":"Portada","item":"https:\/\/www.gatusos.com\/"},{"@type":"ListItem","position":2,"name":"Personaliza tu marca a laser pony deluxe"}]},{"@type":"WebSite","@id":"https:\/\/www.gatusos.com\/en\/#website","url":"https:\/\/www.gatusos.com\/en\/","name":"Gatusos","description":"","publisher":{"@id":"https:\/\/www.gatusos.com\/en\/#organization"},"potentialAction":[{"@type":"SearchAction","target":{"@type":"EntryPoint","urlTemplate":"https:\/\/www.gatusos.com\/en\/?s={search_term_string}"},"query-input":{"@type":"PropertyValueSpecification","valueRequired":true,"valueName":"search_term_string"}}],"inLanguage":"en-GB"},{"@type":"Organization","@id":"https:\/\/www.gatusos.com\/en\/#organization","name":"Gatusos","url":"https:\/\/www.gatusos.com\/en\/","logo":{"@type":"ImageObject","inLanguage":"en-GB","@id":"https:\/\/www.gatusos.com\/en\/#\/schema\/logo\/image\/","url":"https:\/\/www.gatusos.com\/wp-content\/uploads\/2022\/06\/LOGO-1.webp","contentUrl":"https:\/\/www.gatusos.com\/wp-content\/uploads\/2022\/06\/LOGO-1.webp","width":280,"height":80,"caption":"Gatusos"},"image":{"@id":"https:\/\/www.gatusos.com\/en\/#\/schema\/logo\/image\/"}}]}},"_links":{"self":[{"href":"https:\/\/www.gatusos.com\/en\/wp-json\/wp\/v2\/pages\/8350","targetHints":{"allow":["GET"]}}],"collection":[{"href":"https:\/\/www.gatusos.com\/en\/wp-json\/wp\/v2\/pages"}],"about":[{"href":"https:\/\/www.gatusos.com\/en\/wp-json\/wp\/v2\/types\/page"}],"author":[{"embeddable":true,"href":"https:\/\/www.gatusos.com\/en\/wp-json\/wp\/v2\/users\/1"}],"replies":[{"embeddable":true,"href":"https:\/\/www.gatusos.com\/en\/wp-json\/wp\/v2\/comments?post=8350"}],"version-history":[{"count":3,"href":"https:\/\/www.gatusos.com\/en\/wp-json\/wp\/v2\/pages\/8350\/revisions"}],"predecessor-version":[{"id":8356,"href":"https:\/\/www.gatusos.com\/en\/wp-json\/wp\/v2\/pages\/8350\/revisions\/8356"}],"wp:attachment":[{"href":"https:\/\/www.gatusos.com\/en\/wp-json\/wp\/v2\/media?parent=8350"}],"curies":[{"name":"wp","href":"https:\/\/api.w.org\/{rel}","templated":true}]}}