{"id":752,"date":"2022-06-10T11:34:46","date_gmt":"2022-06-10T11:34:46","guid":{"rendered":"https:\/\/www.gatusos.com\/?page_id=752"},"modified":"2023-03-07T12:39:31","modified_gmt":"2023-03-07T12:39:31","slug":"protectores-de-transporte","status":"publish","type":"page","link":"https:\/\/www.gatusos.com\/en\/protectores-de-transporte\/","title":{"rendered":"Transport Protectors"},"content":{"rendered":"<div data-elementor-type=\"wp-page\" data-elementor-id=\"752\" class=\"elementor elementor-752\" data-elementor-post-type=\"page\">\n\t\t\t\t\t\t<section class=\"elementor-section elementor-top-section elementor-element elementor-element-437b12d elementor-section-boxed elementor-section-height-default elementor-section-height-default\" data-id=\"437b12d\" data-element_type=\"section\">\n\t\t\t\t\t\t<div class=\"elementor-container elementor-column-gap-default\">\n\t\t\t\t\t<div class=\"elementor-column elementor-col-100 elementor-top-column elementor-element elementor-element-d039104\" data-id=\"d039104\" data-element_type=\"column\" data-settings=\"{&quot;background_background&quot;:&quot;classic&quot;}\">\n\t\t\t<div class=\"elementor-widget-wrap elementor-element-populated\">\n\t\t\t\t\t\t<div class=\"elementor-element elementor-element-bf214b9 elementor-widget elementor-widget-heading\" data-id=\"bf214b9\" data-element_type=\"widget\" data-widget_type=\"heading.default\">\n\t\t\t\t<div class=\"elementor-widget-container\">\n\t\t\t\t\t<h3 class=\"elementor-heading-title elementor-size-default\">Transport Protectors<\/h3>\t\t\t\t<\/div>\n\t\t\t\t<\/div>\n\t\t\t\t<div class=\"elementor-element elementor-element-589727d elementor-widget-divider--view-line elementor-widget elementor-widget-divider\" data-id=\"589727d\" data-element_type=\"widget\" data-widget_type=\"divider.default\">\n\t\t\t\t<div class=\"elementor-widget-container\">\n\t\t\t\t\t\t\t<div class=\"elementor-divider\">\n\t\t\t<span class=\"elementor-divider-separator\">\n\t\t\t\t\t\t<\/span>\n\t\t<\/div>\n\t\t\t\t\t\t<\/div>\n\t\t\t\t<\/div>\n\t\t\t\t<div class=\"elementor-element elementor-element-ca32e0e elementor-widget elementor-widget-image\" data-id=\"ca32e0e\" data-element_type=\"widget\" data-widget_type=\"image.default\">\n\t\t\t\t<div class=\"elementor-widget-container\">\n\t\t\t\t\t\t\t\t\t\t\t\t\t\t\t<img decoding=\"async\" width=\"890\" height=\"51\" src=\"https:\/\/www.gatusos.com\/wp-content\/uploads\/2022\/07\/ADVANCE-verde.png\" class=\"attachment-full size-full wp-image-3701\" alt=\"\" srcset=\"https:\/\/www.gatusos.com\/wp-content\/uploads\/2022\/07\/ADVANCE-verde.png 890w, https:\/\/www.gatusos.com\/wp-content\/uploads\/2022\/07\/ADVANCE-verde-300x15.png 300w, https:\/\/www.gatusos.com\/wp-content\/uploads\/2022\/07\/ADVANCE-verde-768x38.png 768w, https:\/\/www.gatusos.com\/wp-content\/uploads\/2022\/07\/ADVANCE-verde-18x1.png 18w, https:\/\/www.gatusos.com\/wp-content\/uploads\/2022\/07\/ADVANCE-verde-600x30.png 600w\" sizes=\"(max-width: 890px) 100vw, 890px\" \/>\t\t\t\t\t\t\t\t\t\t\t\t\t\t\t<\/div>\n\t\t\t\t<\/div>\n\t\t\t\t<div class=\"elementor-element elementor-element-91d5806 elementor-widget elementor-widget-text-editor\" data-id=\"91d5806\" data-element_type=\"widget\" data-widget_type=\"text-editor.default\">\n\t\t\t\t<div class=\"elementor-widget-container\">\n\t\t\t\t\t\t\t\t\t<p class=\"font_8 translation-block\">Gatusos presents Comfortravel: PATENTED DESIGN, the latest innovation in protection for equine transport.<br>\n<br>\n\nThe avant-garde anatomical design of its adaptation system and the innovative composition of its material \"EVA GUMFLY\" GUARANTEE the protection of your horse during transport in all types of journeys, maintaining the support from start to finish. The flexibility, lightness and cushioning properties of Comfortravel ensure a comfortable transport free of injuries or chafing.<br>\n<br>\nThe COMFORTRAVEL collection offers the maximum guarantees of comfort and equine protection, together with the ease of easy donning and doffing thanks to a design adapted to the horse's anatomy. Our EVA GUMFLY material is ULTRALIGHT, antibacterial and waterproof, so cleaning is quick and easy: instant washing and drying!<\/p>\t\t\t\t\t\t\t\t<\/div>\n\t\t\t\t<\/div>\n\t\t\t\t\t<\/div>\n\t\t<\/div>\n\t\t\t\t\t<\/div>\n\t\t<\/section>\n\t\t\t\t<section class=\"elementor-section elementor-top-section elementor-element elementor-element-dffa616 elementor-section-boxed elementor-section-height-default elementor-section-height-default\" data-id=\"dffa616\" data-element_type=\"section\">\n\t\t\t\t\t\t<div class=\"elementor-container elementor-column-gap-default\">\n\t\t\t\t\t<div class=\"elementor-column elementor-col-33 elementor-top-column elementor-element elementor-element-1f5f305\" data-id=\"1f5f305\" data-element_type=\"column\">\n\t\t\t<div class=\"elementor-widget-wrap elementor-element-populated\">\n\t\t\t\t\t\t<div class=\"elementor-element elementor-element-097f048 elementor-widget elementor-widget-heading\" data-id=\"097f048\" data-element_type=\"widget\" data-widget_type=\"heading.default\">\n\t\t\t\t<div class=\"elementor-widget-container\">\n\t\t\t\t\t<h2 class=\"elementor-heading-title elementor-size-default\">Front \u00b7Comfortravel\u00b7<\/h2>\t\t\t\t<\/div>\n\t\t\t\t<\/div>\n\t\t\t\t<div class=\"elementor-element elementor-element-8e0e273 elementor-widget elementor-widget-image\" data-id=\"8e0e273\" data-element_type=\"widget\" data-widget_type=\"image.default\">\n\t\t\t\t<div class=\"elementor-widget-container\">\n\t\t\t\t\t\t\t\t\t\t\t\t\t\t\t\t<a href=\"https:\/\/www.gatusos.com\/en\/product\/delantero-comfortravel\/\">\n\t\t\t\t\t\t\t<img decoding=\"async\" src=\"https:\/\/www.gatusos.com\/wp-content\/uploads\/elementor\/thumbs\/Delantero-Confortravel-principal-q35xl34ksur6uhnxsfrjj34ega8ak0qusv1kjomk1q.png\" title=\"Delantero-Confortravel-principal\" alt=\"Delantero-Confortravel-principal\" loading=\"lazy\" \/>\t\t\t\t\t\t\t\t<\/a>\n\t\t\t\t\t\t\t\t\t\t\t\t\t\t\t<\/div>\n\t\t\t\t<\/div>\n\t\t\t\t<div class=\"elementor-element elementor-element-64c7dc9 elementor-align-center elementor-widget elementor-widget-button\" data-id=\"64c7dc9\" data-element_type=\"widget\" data-widget_type=\"button.default\">\n\t\t\t\t<div class=\"elementor-widget-container\">\n\t\t\t\t\t\t\t\t\t<div class=\"elementor-button-wrapper\">\n\t\t\t\t\t<a class=\"elementor-button elementor-button-link elementor-size-sm\" href=\"https:\/\/www.gatusos.com\/en\/product\/delantero-comfortravel\/\">\n\t\t\t\t\t\t<span class=\"elementor-button-content-wrapper\">\n\t\t\t\t\t\t\t\t\t<span class=\"elementor-button-text\">Descubre &gt;<\/span>\n\t\t\t\t\t<\/span>\n\t\t\t\t\t<\/a>\n\t\t\t\t<\/div>\n\t\t\t\t\t\t\t\t<\/div>\n\t\t\t\t<\/div>\n\t\t\t\t\t<\/div>\n\t\t<\/div>\n\t\t\t\t<div class=\"elementor-column elementor-col-33 elementor-top-column elementor-element elementor-element-12fa784\" data-id=\"12fa784\" data-element_type=\"column\">\n\t\t\t<div class=\"elementor-widget-wrap elementor-element-populated\">\n\t\t\t\t\t\t<div class=\"elementor-element elementor-element-4292b1d elementor-widget elementor-widget-heading\" data-id=\"4292b1d\" data-element_type=\"widget\" data-widget_type=\"heading.default\">\n\t\t\t\t<div class=\"elementor-widget-container\">\n\t\t\t\t\t<h2 class=\"elementor-heading-title elementor-size-default\">Rear \u00b7Comfortravel\u00b7<\/h2>\t\t\t\t<\/div>\n\t\t\t\t<\/div>\n\t\t\t\t<div class=\"elementor-element elementor-element-eb45e05 elementor-widget elementor-widget-image\" data-id=\"eb45e05\" data-element_type=\"widget\" data-widget_type=\"image.default\">\n\t\t\t\t<div class=\"elementor-widget-container\">\n\t\t\t\t\t\t\t\t\t\t\t\t\t\t\t\t<a href=\"https:\/\/www.gatusos.com\/en\/product\/trasero-comfortravel\/\">\n\t\t\t\t\t\t\t<img decoding=\"async\" src=\"https:\/\/www.gatusos.com\/wp-content\/uploads\/elementor\/thumbs\/Trasero-Confortravel-principal-q35xl7trr0xfaqem0d9be2e7ad4nog2lksdr8j5cio.png\" title=\"Trasero-Confortravel-principal\" alt=\"Trasero-Confortravel-principal\" loading=\"lazy\" \/>\t\t\t\t\t\t\t\t<\/a>\n\t\t\t\t\t\t\t\t\t\t\t\t\t\t\t<\/div>\n\t\t\t\t<\/div>\n\t\t\t\t<div class=\"elementor-element elementor-element-c5c17ab elementor-align-center elementor-widget elementor-widget-button\" data-id=\"c5c17ab\" data-element_type=\"widget\" data-widget_type=\"button.default\">\n\t\t\t\t<div class=\"elementor-widget-container\">\n\t\t\t\t\t\t\t\t\t<div class=\"elementor-button-wrapper\">\n\t\t\t\t\t<a class=\"elementor-button elementor-button-link elementor-size-sm\" href=\"https:\/\/www.gatusos.com\/en\/product\/trasero-comfortravel\/\">\n\t\t\t\t\t\t<span class=\"elementor-button-content-wrapper\">\n\t\t\t\t\t\t\t\t\t<span class=\"elementor-button-text\">Descubre &gt;<\/span>\n\t\t\t\t\t<\/span>\n\t\t\t\t\t<\/a>\n\t\t\t\t<\/div>\n\t\t\t\t\t\t\t\t<\/div>\n\t\t\t\t<\/div>\n\t\t\t\t\t<\/div>\n\t\t<\/div>\n\t\t\t\t<div class=\"elementor-column elementor-col-33 elementor-top-column elementor-element elementor-element-ceff284\" data-id=\"ceff284\" data-element_type=\"column\">\n\t\t\t<div class=\"elementor-widget-wrap elementor-element-populated\">\n\t\t\t\t\t\t<div class=\"elementor-element elementor-element-f559d48 elementor-widget elementor-widget-heading\" data-id=\"f559d48\" data-element_type=\"widget\" data-widget_type=\"heading.default\">\n\t\t\t\t<div class=\"elementor-widget-container\">\n\t\t\t\t\t<h2 class=\"elementor-heading-title elementor-size-default\">Tail \u00b7Comfortravel\u00b7<\/h2>\t\t\t\t<\/div>\n\t\t\t\t<\/div>\n\t\t\t\t<div class=\"elementor-element elementor-element-81a9811 elementor-widget elementor-widget-image\" data-id=\"81a9811\" data-element_type=\"widget\" data-widget_type=\"image.default\">\n\t\t\t\t<div class=\"elementor-widget-container\">\n\t\t\t\t\t\t\t\t\t\t\t\t\t\t\t\t<a href=\"https:\/\/www.gatusos.com\/en\/product\/cola-comfortravel\/\">\n\t\t\t\t\t\t\t<img decoding=\"async\" src=\"https:\/\/www.gatusos.com\/wp-content\/uploads\/elementor\/thumbs\/cola-4-prp2mfpqk8ucfurb7b3tysz6176pt31hq3xz4tzxk0.png\" title=\"cola\" alt=\"cola\" loading=\"lazy\" \/>\t\t\t\t\t\t\t\t<\/a>\n\t\t\t\t\t\t\t\t\t\t\t\t\t\t\t<\/div>\n\t\t\t\t<\/div>\n\t\t\t\t<div class=\"elementor-element elementor-element-7c5f510 elementor-align-center elementor-widget elementor-widget-button\" data-id=\"7c5f510\" data-element_type=\"widget\" data-widget_type=\"button.default\">\n\t\t\t\t<div class=\"elementor-widget-container\">\n\t\t\t\t\t\t\t\t\t<div class=\"elementor-button-wrapper\">\n\t\t\t\t\t<a class=\"elementor-button elementor-button-link elementor-size-sm\" href=\"https:\/\/www.gatusos.com\/en\/product\/cola-comfortravel\/\">\n\t\t\t\t\t\t<span class=\"elementor-button-content-wrapper\">\n\t\t\t\t\t\t\t\t\t<span class=\"elementor-button-text\">Descubre &gt;<\/span>\n\t\t\t\t\t<\/span>\n\t\t\t\t\t<\/a>\n\t\t\t\t<\/div>\n\t\t\t\t\t\t\t\t<\/div>\n\t\t\t\t<\/div>\n\t\t\t\t\t<\/div>\n\t\t<\/div>\n\t\t\t\t\t<\/div>\n\t\t<\/section>\n\t\t\t\t<section class=\"elementor-section elementor-top-section elementor-element elementor-element-d50ea8b elementor-section-full_width elementor-section-height-default elementor-section-height-default\" data-id=\"d50ea8b\" data-element_type=\"section\">\n\t\t\t\t\t\t<div class=\"elementor-container elementor-column-gap-default\">\n\t\t\t\t\t<div class=\"elementor-column elementor-col-100 elementor-top-column elementor-element elementor-element-dc4eb30\" data-id=\"dc4eb30\" data-element_type=\"column\" data-settings=\"{&quot;background_background&quot;:&quot;classic&quot;}\">\n\t\t\t<div class=\"elementor-widget-wrap elementor-element-populated\">\n\t\t\t\t\t\t<div class=\"elementor-element elementor-element-430b4c1 elementor-widget elementor-widget-heading\" data-id=\"430b4c1\" data-element_type=\"widget\" data-widget_type=\"heading.default\">\n\t\t\t\t<div class=\"elementor-widget-container\">\n\t\t\t\t\t<h2 class=\"elementor-heading-title elementor-size-default\">Are you a professional and want to distribute our products?<\/h2>\t\t\t\t<\/div>\n\t\t\t\t<\/div>\n\t\t\t\t<div class=\"elementor-element elementor-element-3219b6a elementor-align-center elementor-widget elementor-widget-button\" data-id=\"3219b6a\" data-element_type=\"widget\" data-widget_type=\"button.default\">\n\t\t\t\t<div class=\"elementor-widget-container\">\n\t\t\t\t\t\t\t\t\t<div class=\"elementor-button-wrapper\">\n\t\t\t\t\t<a class=\"elementor-button elementor-button-link elementor-size-xl\" href=\"https:\/\/www.gatusos.com\/en\/mi-cuenta\/\">\n\t\t\t\t\t\t<span class=\"elementor-button-content-wrapper\">\n\t\t\t\t\t\t\t\t\t<span class=\"elementor-button-text\">REGISTER<\/span>\n\t\t\t\t\t<\/span>\n\t\t\t\t\t<\/a>\n\t\t\t\t<\/div>\n\t\t\t\t\t\t\t\t<\/div>\n\t\t\t\t<\/div>\n\t\t\t\t\t<\/div>\n\t\t<\/div>\n\t\t\t\t\t<\/div>\n\t\t<\/section>\n\t\t\t\t<section class=\"elementor-section elementor-top-section elementor-element elementor-element-bfa57f5 elementor-section-boxed elementor-section-height-default elementor-section-height-default\" data-id=\"bfa57f5\" data-element_type=\"section\" data-settings=\"{&quot;background_background&quot;:&quot;classic&quot;}\">\n\t\t\t\t\t\t<div class=\"elementor-container elementor-column-gap-default\">\n\t\t\t\t\t<div class=\"elementor-column elementor-col-33 elementor-top-column elementor-element elementor-element-00695c9\" data-id=\"00695c9\" data-element_type=\"column\">\n\t\t\t<div class=\"elementor-widget-wrap elementor-element-populated\">\n\t\t\t\t\t\t<div class=\"elementor-element elementor-element-92cff0d elementor-widget elementor-widget-image\" data-id=\"92cff0d\" data-element_type=\"widget\" data-widget_type=\"image.default\">\n\t\t\t\t<div class=\"elementor-widget-container\">\n\t\t\t\t\t\t\t\t\t\t\t\t\t\t\t<img decoding=\"async\" width=\"155\" height=\"75\" src=\"https:\/\/www.gatusos.com\/wp-content\/uploads\/2022\/07\/envio-eng.png\" class=\"attachment-full size-full wp-image-3209\" alt=\"\" srcset=\"https:\/\/www.gatusos.com\/wp-content\/uploads\/2022\/07\/envio-eng.png 155w, https:\/\/www.gatusos.com\/wp-content\/uploads\/2022\/07\/envio-eng-18x9.png 18w\" sizes=\"(max-width: 155px) 100vw, 155px\" \/>\t\t\t\t\t\t\t\t\t\t\t\t\t\t\t<\/div>\n\t\t\t\t<\/div>\n\t\t\t\t\t<\/div>\n\t\t<\/div>\n\t\t\t\t<div class=\"elementor-column elementor-col-33 elementor-top-column elementor-element elementor-element-22adf6a\" data-id=\"22adf6a\" data-element_type=\"column\">\n\t\t\t<div class=\"elementor-widget-wrap elementor-element-populated\">\n\t\t\t\t\t\t<div class=\"elementor-element elementor-element-2d7e23f elementor-widget elementor-widget-image\" data-id=\"2d7e23f\" data-element_type=\"widget\" data-widget_type=\"image.default\">\n\t\t\t\t<div class=\"elementor-widget-container\">\n\t\t\t\t\t\t\t\t\t\t\t\t\t\t\t<img decoding=\"async\" width=\"155\" height=\"75\" src=\"https:\/\/www.gatusos.com\/wp-content\/uploads\/2022\/07\/hecho-eng.png\" class=\"attachment-full size-full wp-image-2435\" alt=\"\" srcset=\"https:\/\/www.gatusos.com\/wp-content\/uploads\/2022\/07\/hecho-eng.png 155w, https:\/\/www.gatusos.com\/wp-content\/uploads\/2022\/07\/hecho-eng-18x9.png 18w\" sizes=\"(max-width: 155px) 100vw, 155px\" \/>\t\t\t\t\t\t\t\t\t\t\t\t\t\t\t<\/div>\n\t\t\t\t<\/div>\n\t\t\t\t\t<\/div>\n\t\t<\/div>\n\t\t\t\t<div class=\"elementor-column elementor-col-33 elementor-top-column elementor-element elementor-element-fb5d501\" data-id=\"fb5d501\" data-element_type=\"column\">\n\t\t\t<div class=\"elementor-widget-wrap elementor-element-populated\">\n\t\t\t\t\t\t<div class=\"elementor-element elementor-element-c98f248 elementor-widget elementor-widget-image\" data-id=\"c98f248\" data-element_type=\"widget\" data-widget_type=\"image.default\">\n\t\t\t\t<div class=\"elementor-widget-container\">\n\t\t\t\t\t\t\t\t\t\t\t\t\t\t\t<img loading=\"lazy\" decoding=\"async\" width=\"155\" height=\"75\" src=\"https:\/\/www.gatusos.com\/wp-content\/uploads\/2022\/07\/stock-eng.png\" class=\"attachment-full size-full wp-image-3210\" alt=\"\" srcset=\"https:\/\/www.gatusos.com\/wp-content\/uploads\/2022\/07\/stock-eng.png 155w, https:\/\/www.gatusos.com\/wp-content\/uploads\/2022\/07\/stock-eng-18x9.png 18w\" sizes=\"(max-width: 155px) 100vw, 155px\" \/>\t\t\t\t\t\t\t\t\t\t\t\t\t\t\t<\/div>\n\t\t\t\t<\/div>\n\t\t\t\t\t<\/div>\n\t\t<\/div>\n\t\t\t\t\t<\/div>\n\t\t<\/section>\n\t\t\t\t<\/div>","protected":false},"excerpt":{"rendered":"<p>DISE\u00d1O PATENTADO, La \u00faltima innovaci\u00f3n en protecciones para el transporte equino. El vanguardista dise\u00f1o anat\u00f3mico de su sistema de adaptaci\u00f3n y la innovadora composici\u00f3n de su material \u00abEVA GUMFLY\u00bb GARANTIZA la protecci\u00f3n de tu caballo durante su transporte en todo tipo de trayectos, manteniendo la sujeci\u00f3n de principio a fin. La flexibilidad, ligereza y propiedades [&hellip;]<\/p>","protected":false},"author":1,"featured_media":0,"parent":0,"menu_order":0,"comment_status":"closed","ping_status":"closed","template":"elementor_header_footer","meta":{"footnotes":""},"class_list":["post-752","page","type-page","status-publish","hentry"],"yoast_head":"<!-- This site is optimized with the Yoast SEO plugin v26.7 - https:\/\/yoast.com\/wordpress\/plugins\/seo\/ -->\n<title>Protectores de Transporte - Gatusos<\/title>\n<meta name=\"robots\" content=\"index, follow, max-snippet:-1, max-image-preview:large, max-video-preview:-1\" \/>\n<link rel=\"canonical\" href=\"https:\/\/www.gatusos.com\/en\/protectores-de-transporte\/\" \/>\n<meta property=\"og:locale\" content=\"en_GB\" \/>\n<meta property=\"og:type\" content=\"article\" \/>\n<meta property=\"og:title\" content=\"Protectores de Transporte - Gatusos\" \/>\n<meta property=\"og:description\" content=\"DISE\u00d1O PATENTADO, La \u00faltima innovaci\u00f3n en protecciones para el transporte equino. El vanguardista dise\u00f1o anat\u00f3mico de su sistema de adaptaci\u00f3n y la innovadora composici\u00f3n de su material \u00abEVA GUMFLY\u00bb GARANTIZA la protecci\u00f3n de tu caballo durante su transporte en todo tipo de trayectos, manteniendo la sujeci\u00f3n de principio a fin. La flexibilidad, ligereza y propiedades [&hellip;]\" \/>\n<meta property=\"og:url\" content=\"https:\/\/www.gatusos.com\/en\/protectores-de-transporte\/\" \/>\n<meta property=\"og:site_name\" content=\"Gatusos\" \/>\n<meta property=\"article:modified_time\" content=\"2023-03-07T12:39:31+00:00\" \/>\n<meta property=\"og:image\" content=\"https:\/\/www.gatusos.com\/wp-content\/uploads\/2022\/07\/AVANZA-A-LOS-ESCLUSIVO-2.png\" \/>\n<meta name=\"twitter:card\" content=\"summary_large_image\" \/>\n<meta name=\"twitter:label1\" content=\"Estimated reading time\" \/>\n\t<meta name=\"twitter:data1\" content=\"3 minutes\" \/>\n<script type=\"application\/ld+json\" class=\"yoast-schema-graph\">{\"@context\":\"https:\/\/schema.org\",\"@graph\":[{\"@type\":\"WebPage\",\"@id\":\"https:\/\/www.gatusos.com\/protectores-de-transporte\/\",\"url\":\"https:\/\/www.gatusos.com\/protectores-de-transporte\/\",\"name\":\"Protectores de Transporte - Gatusos\",\"isPartOf\":{\"@id\":\"https:\/\/www.gatusos.com\/en\/#website\"},\"primaryImageOfPage\":{\"@id\":\"https:\/\/www.gatusos.com\/protectores-de-transporte\/#primaryimage\"},\"image\":{\"@id\":\"https:\/\/www.gatusos.com\/protectores-de-transporte\/#primaryimage\"},\"thumbnailUrl\":\"https:\/\/www.gatusos.com\/wp-content\/uploads\/2022\/07\/AVANZA-A-LOS-ESCLUSIVO-2.png\",\"datePublished\":\"2022-06-10T11:34:46+00:00\",\"dateModified\":\"2023-03-07T12:39:31+00:00\",\"breadcrumb\":{\"@id\":\"https:\/\/www.gatusos.com\/protectores-de-transporte\/#breadcrumb\"},\"inLanguage\":\"en-GB\",\"potentialAction\":[{\"@type\":\"ReadAction\",\"target\":[\"https:\/\/www.gatusos.com\/protectores-de-transporte\/\"]}]},{\"@type\":\"ImageObject\",\"inLanguage\":\"en-GB\",\"@id\":\"https:\/\/www.gatusos.com\/protectores-de-transporte\/#primaryimage\",\"url\":\"https:\/\/www.gatusos.com\/wp-content\/uploads\/2022\/07\/AVANZA-A-LOS-ESCLUSIVO-2.png\",\"contentUrl\":\"https:\/\/www.gatusos.com\/wp-content\/uploads\/2022\/07\/AVANZA-A-LOS-ESCLUSIVO-2.png\"},{\"@type\":\"BreadcrumbList\",\"@id\":\"https:\/\/www.gatusos.com\/protectores-de-transporte\/#breadcrumb\",\"itemListElement\":[{\"@type\":\"ListItem\",\"position\":1,\"name\":\"Portada\",\"item\":\"https:\/\/www.gatusos.com\/\"},{\"@type\":\"ListItem\",\"position\":2,\"name\":\"Protectores de Transporte\"}]},{\"@type\":\"WebSite\",\"@id\":\"https:\/\/www.gatusos.com\/en\/#website\",\"url\":\"https:\/\/www.gatusos.com\/en\/\",\"name\":\"Gatusos\",\"description\":\"\",\"publisher\":{\"@id\":\"https:\/\/www.gatusos.com\/en\/#organization\"},\"potentialAction\":[{\"@type\":\"SearchAction\",\"target\":{\"@type\":\"EntryPoint\",\"urlTemplate\":\"https:\/\/www.gatusos.com\/en\/?s={search_term_string}\"},\"query-input\":{\"@type\":\"PropertyValueSpecification\",\"valueRequired\":true,\"valueName\":\"search_term_string\"}}],\"inLanguage\":\"en-GB\"},{\"@type\":\"Organization\",\"@id\":\"https:\/\/www.gatusos.com\/en\/#organization\",\"name\":\"Gatusos\",\"url\":\"https:\/\/www.gatusos.com\/en\/\",\"logo\":{\"@type\":\"ImageObject\",\"inLanguage\":\"en-GB\",\"@id\":\"https:\/\/www.gatusos.com\/en\/#\/schema\/logo\/image\/\",\"url\":\"https:\/\/www.gatusos.com\/wp-content\/uploads\/2022\/06\/LOGO-1.webp\",\"contentUrl\":\"https:\/\/www.gatusos.com\/wp-content\/uploads\/2022\/06\/LOGO-1.webp\",\"width\":280,\"height\":80,\"caption\":\"Gatusos\"},\"image\":{\"@id\":\"https:\/\/www.gatusos.com\/en\/#\/schema\/logo\/image\/\"}}]}<\/script>\n<!-- \/ Yoast SEO plugin. -->","yoast_head_json":{"title":"Protectores de Transporte - Gatusos","robots":{"index":"index","follow":"follow","max-snippet":"max-snippet:-1","max-image-preview":"max-image-preview:large","max-video-preview":"max-video-preview:-1"},"canonical":"https:\/\/www.gatusos.com\/en\/protectores-de-transporte\/","og_locale":"en_GB","og_type":"article","og_title":"Protectores de Transporte - Gatusos","og_description":"DISE\u00d1O PATENTADO, La \u00faltima innovaci\u00f3n en protecciones para el transporte equino. El vanguardista dise\u00f1o anat\u00f3mico de su sistema de adaptaci\u00f3n y la innovadora composici\u00f3n de su material \u00abEVA GUMFLY\u00bb GARANTIZA la protecci\u00f3n de tu caballo durante su transporte en todo tipo de trayectos, manteniendo la sujeci\u00f3n de principio a fin. La flexibilidad, ligereza y propiedades [&hellip;]","og_url":"https:\/\/www.gatusos.com\/en\/protectores-de-transporte\/","og_site_name":"Gatusos","article_modified_time":"2023-03-07T12:39:31+00:00","og_image":[{"url":"https:\/\/www.gatusos.com\/wp-content\/uploads\/2022\/07\/AVANZA-A-LOS-ESCLUSIVO-2.png","type":"","width":"","height":""}],"twitter_card":"summary_large_image","twitter_misc":{"Estimated reading time":"3 minutes"},"schema":{"@context":"https:\/\/schema.org","@graph":[{"@type":"WebPage","@id":"https:\/\/www.gatusos.com\/protectores-de-transporte\/","url":"https:\/\/www.gatusos.com\/protectores-de-transporte\/","name":"Protectores de Transporte - Gatusos","isPartOf":{"@id":"https:\/\/www.gatusos.com\/en\/#website"},"primaryImageOfPage":{"@id":"https:\/\/www.gatusos.com\/protectores-de-transporte\/#primaryimage"},"image":{"@id":"https:\/\/www.gatusos.com\/protectores-de-transporte\/#primaryimage"},"thumbnailUrl":"https:\/\/www.gatusos.com\/wp-content\/uploads\/2022\/07\/AVANZA-A-LOS-ESCLUSIVO-2.png","datePublished":"2022-06-10T11:34:46+00:00","dateModified":"2023-03-07T12:39:31+00:00","breadcrumb":{"@id":"https:\/\/www.gatusos.com\/protectores-de-transporte\/#breadcrumb"},"inLanguage":"en-GB","potentialAction":[{"@type":"ReadAction","target":["https:\/\/www.gatusos.com\/protectores-de-transporte\/"]}]},{"@type":"ImageObject","inLanguage":"en-GB","@id":"https:\/\/www.gatusos.com\/protectores-de-transporte\/#primaryimage","url":"https:\/\/www.gatusos.com\/wp-content\/uploads\/2022\/07\/AVANZA-A-LOS-ESCLUSIVO-2.png","contentUrl":"https:\/\/www.gatusos.com\/wp-content\/uploads\/2022\/07\/AVANZA-A-LOS-ESCLUSIVO-2.png"},{"@type":"BreadcrumbList","@id":"https:\/\/www.gatusos.com\/protectores-de-transporte\/#breadcrumb","itemListElement":[{"@type":"ListItem","position":1,"name":"Portada","item":"https:\/\/www.gatusos.com\/"},{"@type":"ListItem","position":2,"name":"Protectores de Transporte"}]},{"@type":"WebSite","@id":"https:\/\/www.gatusos.com\/en\/#website","url":"https:\/\/www.gatusos.com\/en\/","name":"Gatusos","description":"","publisher":{"@id":"https:\/\/www.gatusos.com\/en\/#organization"},"potentialAction":[{"@type":"SearchAction","target":{"@type":"EntryPoint","urlTemplate":"https:\/\/www.gatusos.com\/en\/?s={search_term_string}"},"query-input":{"@type":"PropertyValueSpecification","valueRequired":true,"valueName":"search_term_string"}}],"inLanguage":"en-GB"},{"@type":"Organization","@id":"https:\/\/www.gatusos.com\/en\/#organization","name":"Gatusos","url":"https:\/\/www.gatusos.com\/en\/","logo":{"@type":"ImageObject","inLanguage":"en-GB","@id":"https:\/\/www.gatusos.com\/en\/#\/schema\/logo\/image\/","url":"https:\/\/www.gatusos.com\/wp-content\/uploads\/2022\/06\/LOGO-1.webp","contentUrl":"https:\/\/www.gatusos.com\/wp-content\/uploads\/2022\/06\/LOGO-1.webp","width":280,"height":80,"caption":"Gatusos"},"image":{"@id":"https:\/\/www.gatusos.com\/en\/#\/schema\/logo\/image\/"}}]}},"_links":{"self":[{"href":"https:\/\/www.gatusos.com\/en\/wp-json\/wp\/v2\/pages\/752","targetHints":{"allow":["GET"]}}],"collection":[{"href":"https:\/\/www.gatusos.com\/en\/wp-json\/wp\/v2\/pages"}],"about":[{"href":"https:\/\/www.gatusos.com\/en\/wp-json\/wp\/v2\/types\/page"}],"author":[{"embeddable":true,"href":"https:\/\/www.gatusos.com\/en\/wp-json\/wp\/v2\/users\/1"}],"replies":[{"embeddable":true,"href":"https:\/\/www.gatusos.com\/en\/wp-json\/wp\/v2\/comments?post=752"}],"version-history":[{"count":3,"href":"https:\/\/www.gatusos.com\/en\/wp-json\/wp\/v2\/pages\/752\/revisions"}],"predecessor-version":[{"id":6605,"href":"https:\/\/www.gatusos.com\/en\/wp-json\/wp\/v2\/pages\/752\/revisions\/6605"}],"wp:attachment":[{"href":"https:\/\/www.gatusos.com\/en\/wp-json\/wp\/v2\/media?parent=752"}],"curies":[{"name":"wp","href":"https:\/\/api.w.org\/{rel}","templated":true}]}}