{"id":4818,"date":"2022-08-04T07:46:24","date_gmt":"2022-08-04T07:46:24","guid":{"rendered":"https:\/\/www.gatusos.com\/?page_id=4818"},"modified":"2022-08-04T07:53:01","modified_gmt":"2022-08-04T07:53:01","slug":"terminos-y-condiciones","status":"publish","type":"page","link":"https:\/\/www.gatusos.com\/en\/terminos-y-condiciones\/","title":{"rendered":"T\u00e9rminos y Condiciones"},"content":{"rendered":"<div data-elementor-type=\"wp-page\" data-elementor-id=\"4818\" class=\"elementor elementor-4818\" data-elementor-post-type=\"page\">\n\t\t\t\t\t\t<section class=\"elementor-section elementor-top-section elementor-element elementor-element-515bf6dc elementor-section-boxed elementor-section-height-default elementor-section-height-default\" data-id=\"515bf6dc\" data-element_type=\"section\" data-settings=\"{&quot;background_background&quot;:&quot;classic&quot;}\">\n\t\t\t\t\t\t<div class=\"elementor-container elementor-column-gap-default\">\n\t\t\t\t\t<div class=\"elementor-column elementor-col-100 elementor-top-column elementor-element elementor-element-63b75a9d\" data-id=\"63b75a9d\" data-element_type=\"column\">\n\t\t\t<div class=\"elementor-widget-wrap elementor-element-populated\">\n\t\t\t\t\t\t<div class=\"elementor-element elementor-element-207056a elementor-widget elementor-widget-text-editor\" data-id=\"207056a\" data-element_type=\"widget\" data-widget_type=\"text-editor.default\">\n\t\t\t\t<div class=\"elementor-widget-container\">\n\t\t\t\t\t\t\t\t\t<div id=\"comp-kqhvezc4\" class=\"_1Q9if\" data-testid=\"richTextElement\"><p>Los presentes T\u00e9rminos y Condiciones regulan el uso de los servicios prestados desde el sitio web www.gatusos.com propiedad de FCLIGHT SLU (en adelante Gatusos), con domicilio en Villena ( Alicante ) y provista de C.I.F. B-54828918<\/p><p>El acceso y\/o utilizaci\u00f3n por cualquier persona a los contenidos o servicios ofrecidos en el sitio web www.gatusos.com, lo convierte en usuario, e implica por parte de dicho Usuario la aceptaci\u00f3n total de todas las disposiciones incluidas en los T\u00e9rminos y Condiciones publicados en el momento del acceso, pudiendo \u00e9stos sufrir modificaciones en cualquier momento, por lo que es responsabilidad del usuario consultarlos siempre que acceda a esta web.<\/p><p>El Usuario declara ser mayor de edad y disponer de capacidad jur\u00eddica suficiente para vincularse por los presentes T\u00e9rminos y Condiciones, as\u00ed como haber le\u00eddo y entendido sin, ninguna duda, el contenido de los mismos y acepta incondicionalmente que el acceso y la utilizaci\u00f3n del presente sitio web y de los contenidos en \u00e9l incluidos tiene lugar bajo su \u00fanica y exclusiva responsabilidad.<\/p><p>El Usuario se compromete a utilizar el sitio web www.gatusos.com conforme con la Ley, con lo dispuesto en estos T\u00e9rminos y Condiciones, las buenas costumbres y pr\u00e1cticas, los usos generalmente aceptados, y se abstiene de utilizar el sitio web www.gatusos.com con fines o efectos il\u00edcitos.<\/p><p>El Usuario responder\u00e1 de los da\u00f1os y perjuicios de cualquier naturaleza que Gatusos pueda sufrir como consecuencia del incumplimiento de cualquiera de estas obligaciones a las que queda sometido el Usuario por los presentes T\u00e9rminos y Condiciones.<\/p><p>Gatusos se reserva el derecho a denegar o retirar el acceso al sitio web www.gatusos.com y\/o a sus servicios, en cualquier momento y sin previo aviso, a aquellos Usuarios que incumplan los presentes T\u00e9rminos y Condiciones o la normativa que resulte de su aplicaci\u00f3n.<\/p><\/div>\t\t\t\t\t\t\t\t<\/div>\n\t\t\t\t<\/div>\n\t\t\t\t<div class=\"elementor-element elementor-element-17ffa0c elementor-widget elementor-widget-heading\" data-id=\"17ffa0c\" data-element_type=\"widget\" data-widget_type=\"heading.default\">\n\t\t\t\t<div class=\"elementor-widget-container\">\n\t\t\t\t\t<h2 class=\"elementor-heading-title elementor-size-default\">Condiciones de acceso, uso y registro en el sitio web www.gatusos.com<\/h2>\t\t\t\t<\/div>\n\t\t\t\t<\/div>\n\t\t\t\t<div class=\"elementor-element elementor-element-9f1eca2 elementor-widget elementor-widget-text-editor\" data-id=\"9f1eca2\" data-element_type=\"widget\" data-widget_type=\"text-editor.default\">\n\t\t\t\t<div class=\"elementor-widget-container\">\n\t\t\t\t\t\t\t\t\t<div id=\"comp-kqhvezc4\" class=\"_1Q9if\" data-testid=\"richTextElement\"><p>El Usuario podr\u00e1 navegar por los contenidos del sitio web sin necesidad de registrarse hasta el momento de formalizar un pedido. En este instante deber\u00e1 registrarse, de forma totalmente gratuita, como cliente, cumplimentando el formulario que se presenta al efecto, y recibiendo un nombre de usuario y una contrase\u00f1a de acceso, de car\u00e1cter personal e intransferible. Dichos datos permitir\u00e1n al Usuario formalizar las compras de los productos solicitados.<\/p><p>El Usuario tambi\u00e9n deber\u00e1 registrarse si desea recibir informaci\u00f3n de los productos y servicios del sitio web o participar en promociones, descuentos, concursos o cualquier otra acci\u00f3n promocional que exija registro.<\/p><p>El Usuario es el responsable \u00faltimo de la guarda y custodia de su nombre de usuario y contrase\u00f1a, no debiendo compartirla o comunicarla a terceros, bajo su exclusiva responsabilidad. El Usuario responder\u00e1 de los da\u00f1os, perjuicios y gastos ocasionados por la utilizaci\u00f3n de los servicios por cualquier tercero que utilice su contrase\u00f1a y nombre de usuario con motivo de un uso no diligente o p\u00e9rdida de las mismas por el Usuario. Con el fin de evitar esta esta situaci\u00f3n, en el supuesto de p\u00e9rdida o robo de su contrase\u00f1a y nombre de usuario, debe ponerse en contacto con nosotros de forma inmediata.<\/p><\/div>\t\t\t\t\t\t\t\t<\/div>\n\t\t\t\t<\/div>\n\t\t\t\t<div class=\"elementor-element elementor-element-56ab514 elementor-widget elementor-widget-heading\" data-id=\"56ab514\" data-element_type=\"widget\" data-widget_type=\"heading.default\">\n\t\t\t\t<div class=\"elementor-widget-container\">\n\t\t\t\t\t<h2 class=\"elementor-heading-title elementor-size-default\">Devoluci\u00f3n y garant\u00eda<\/h2>\t\t\t\t<\/div>\n\t\t\t\t<\/div>\n\t\t\t\t<div class=\"elementor-element elementor-element-e2c4f4b elementor-widget elementor-widget-text-editor\" data-id=\"e2c4f4b\" data-element_type=\"widget\" data-widget_type=\"text-editor.default\">\n\t\t\t\t<div class=\"elementor-widget-container\">\n\t\t\t\t\t\t\t\t\t<div id=\"comp-kqhvezc4\" class=\"_1Q9if\" data-testid=\"richTextElement\"><p>Los art\u00edculos ofrecidos en nuestra web est\u00e1n avalados por Gatusos, con el objetivo de ofrecer la m\u00e1xima calidad y la mejor garant\u00eda en los productos suministrados a nuestros clientes.<\/p><p>El cliente tiene un plazo de siete (7) d\u00edas h\u00e1biles para realizar la devoluci\u00f3n del producto en perfecto estado. En este supuesto, Gatusos abonar\u00e1 el coste de los productos exceptuando los gastos de env\u00edo por devoluci\u00f3n, que correr\u00e1n a cargo del cliente. No ser\u00e1n objeto de devoluci\u00f3n el importe pagado por el cliente en concepto de gastos de env\u00edo.<\/p><p>Gatusos solo aceptar\u00e1 devoluciones que cumplan los siguientes requisitos:<\/p><p>1. El producto debe estar en el mismo estado en que se entreg\u00f3 y deber\u00e1 conservar, en perfecto estado, su embalaje y etiquetado original, y no debe haber sido abierto o manipulado, de forma que impida su venta<\/p><p>2. El Usuario deber\u00e1 solicitar a Gatusos la recogida en el domicilio, abonando el importe del transporte correspondiente.<\/p><p>3. Deber\u00e1 mostrar el albar\u00e1n de entrega, donde se indicar\u00e1n los productos devueltos y el motivo de la devoluci\u00f3n.<\/p><p>Para iniciar el proceso de devoluci\u00f3n, es imprescindible ponerse en contacto con nosotros a trav\u00e9s de la direcci\u00f3n info@gatusos.com e indicar su n\u00famero de pedido, fecha y nombre del cliente.<\/p><p>Las garant\u00edas y servicios postventa se regir\u00e1n por el Real Decreto Legislativo 1\/2007 de 16 de noviembre que aprueba el texto de la Ley General para la Defensa de los Consumidores y Usuarios. De acuerdo con esta norma, el vendedor est\u00e1 obligado a entregar al consumidor y usuario productos que sean conformes con el contrato, respondiendo frente a \u00e9l de cualquier falta de conformidad. El consumidor y usuario tiene derecho a la reparaci\u00f3n del producto, a su sustituci\u00f3n, a la rebaja del precio o a la resoluci\u00f3n del contrato. Los plazos legales son de dos a\u00f1os de duraci\u00f3n de la garant\u00eda desde la entrega del producto y de dos meses desde que el usuario conoce la falta de conformidad con el producto para comunic\u00e1rselo al vendedor.<\/p><\/div>\t\t\t\t\t\t\t\t<\/div>\n\t\t\t\t<\/div>\n\t\t\t\t<div class=\"elementor-element elementor-element-9613573 elementor-widget elementor-widget-heading\" data-id=\"9613573\" data-element_type=\"widget\" data-widget_type=\"heading.default\">\n\t\t\t\t<div class=\"elementor-widget-container\">\n\t\t\t\t\t<h2 class=\"elementor-heading-title elementor-size-default\">Responsabilidad y legislaci\u00f3n aplicable<\/h2>\t\t\t\t<\/div>\n\t\t\t\t<\/div>\n\t\t\t\t<div class=\"elementor-element elementor-element-8295d73 elementor-widget elementor-widget-text-editor\" data-id=\"8295d73\" data-element_type=\"widget\" data-widget_type=\"text-editor.default\">\n\t\t\t\t<div class=\"elementor-widget-container\">\n\t\t\t\t\t\t\t\t\t<div id=\"comp-kqhvezc4\" class=\"_1Q9if\" data-testid=\"richTextElement\"><p>www.gatusos.com no podr\u00eda considerarse responsable del incumplimiento del contrato celebrado en caso de ruptura de existencias o no disponer del producto, fuerza mayor, perturbaci\u00f3n o huelga total o parcial, en particular, de los servicios postales y medios de transporte y\/o comunicaciones, inundaci\u00f3n o incendio, entre otros.<\/p><p>Los presentes T\u00e9rminos y Condiciones se rigen por la ley espa\u00f1ola y se interpretar\u00e1n en lengua espa\u00f1ola.<\/p><p>En caso de litigio, el usuario se dirigir\u00e1 en primera instancia a Gatusos para obtener una soluci\u00f3n amistosa.<\/p><p>Se interpretar\u00e1n las presentes condiciones generales de venta en lengua espa\u00f1ola y se realizar\u00e1n de acuerdo con el derecho espa\u00f1ol. Todo desacuerdo que pudiera nacer con motivo de su validez, su interpretaci\u00f3n o su ejecuci\u00f3n se presentar\u00e1 a los tribunales de Villena, a los cuales se hace expresamente atribuci\u00f3n exclusiva de competencia.<\/p><p>Las partes se someten, a su elecci\u00f3n, para la resoluci\u00f3n de los conflictos y con renuncia a cualquier otro fuero, a los juzgados y tribunales de Villena.<\/p><\/div>\t\t\t\t\t\t\t\t<\/div>\n\t\t\t\t<\/div>\n\t\t\t\t<div class=\"elementor-element elementor-element-29676d7 elementor-widget elementor-widget-heading\" data-id=\"29676d7\" data-element_type=\"widget\" data-widget_type=\"heading.default\">\n\t\t\t\t<div class=\"elementor-widget-container\">\n\t\t\t\t\t<h2 class=\"elementor-heading-title elementor-size-default\">Modificaci\u00f3n de las condiciones generales de venta<\/h2>\t\t\t\t<\/div>\n\t\t\t\t<\/div>\n\t\t\t\t<div class=\"elementor-element elementor-element-4e01345 elementor-widget elementor-widget-text-editor\" data-id=\"4e01345\" data-element_type=\"widget\" data-widget_type=\"text-editor.default\">\n\t\t\t\t<div class=\"elementor-widget-container\">\n\t\t\t\t\t\t\t\t\t<div id=\"comp-kqhvezc4\" class=\"_1Q9if\" data-testid=\"richTextElement\"><p>www.gatusos.com se reserva el derecho a modificar los T\u00e9rminos y Condiciones sin previo aviso, pudiendo cambiar, suprimir o a\u00f1adir tanto los contenidos y servicios que se presten a trav\u00e9s del mismo como la forma en la que estos aparezcan presentados o localizados en sus servidores.<\/p><p>Estos cambios deber\u00e1n ser aceptados por el usuario cada vez que haga efectiva una compra a trav\u00e9s de la p\u00e1gina web www.gatusos.com.<\/p><\/div>\t\t\t\t\t\t\t\t<\/div>\n\t\t\t\t<\/div>\n\t\t\t\t<div class=\"elementor-element elementor-element-3aa82e4 elementor-widget elementor-widget-heading\" data-id=\"3aa82e4\" data-element_type=\"widget\" data-widget_type=\"heading.default\">\n\t\t\t\t<div class=\"elementor-widget-container\">\n\t\t\t\t\t<h2 class=\"elementor-heading-title elementor-size-default\">Propiedad Industrial e Intelectual<\/h2>\t\t\t\t<\/div>\n\t\t\t\t<\/div>\n\t\t\t\t<div class=\"elementor-element elementor-element-230841d elementor-widget elementor-widget-text-editor\" data-id=\"230841d\" data-element_type=\"widget\" data-widget_type=\"text-editor.default\">\n\t\t\t\t<div class=\"elementor-widget-container\">\n\t\t\t\t\t\t\t\t\t<div id=\"comp-kqhvezc4\" class=\"_1Q9if\" data-testid=\"richTextElement\"><p>Todos los contenidos mostrados, las marcas y nombres comerciales, tanto de car\u00e1cter visual como de texto, mencionados en este sitio web son propiedad exclusiva de sus respectivos y leg\u00edtimos propietarios.<\/p><p>Los textos informativos y las fotograf\u00edas de productos, as\u00ed como todos los contenidos informativos y multimedia incluidos en www.gatusos.com , sus perfiles en redes sociales, y sus contenidos en el blog, son propiedad de Gatusos.<\/p><p>No se podr\u00e1 hacer uso de ninguno de ellos en ning\u00fan soporte sin la autorizaci\u00f3n expl\u00edcita y por escrito de Gatusos para cada uno de los contenidos textuales, fotogr\u00e1ficos o multimedia.<\/p><\/div>\t\t\t\t\t\t\t\t<\/div>\n\t\t\t\t<\/div>\n\t\t\t\t\t<\/div>\n\t\t<\/div>\n\t\t\t\t\t<\/div>\n\t\t<\/section>\n\t\t\t\t<\/div>","protected":false},"excerpt":{"rendered":"<p>Los presentes T\u00e9rminos y Condiciones regulan el uso de los servicios prestados desde el sitio web www.gatusos.com propiedad de FCLIGHT SLU (en adelante Gatusos), con domicilio en Villena ( Alicante ) y provista de C.I.F. B-54828918 El acceso y\/o utilizaci\u00f3n por cualquier persona a los contenidos o servicios ofrecidos en el sitio web www.gatusos.com, lo [&hellip;]<\/p>","protected":false},"author":1,"featured_media":0,"parent":0,"menu_order":0,"comment_status":"closed","ping_status":"closed","template":"elementor_header_footer","meta":{"footnotes":""},"class_list":["post-4818","page","type-page","status-publish","hentry"],"yoast_head":"<!-- This site is optimized with the Yoast SEO plugin v26.7 - https:\/\/yoast.com\/wordpress\/plugins\/seo\/ -->\n<title>T\u00e9rminos y Condiciones - Gatusos<\/title>\n<meta name=\"robots\" content=\"index, follow, max-snippet:-1, max-image-preview:large, max-video-preview:-1\" \/>\n<link rel=\"canonical\" href=\"https:\/\/www.gatusos.com\/en\/terminos-y-condiciones\/\" \/>\n<meta property=\"og:locale\" content=\"en_GB\" \/>\n<meta property=\"og:type\" content=\"article\" \/>\n<meta property=\"og:title\" content=\"T\u00e9rminos y Condiciones - Gatusos\" \/>\n<meta property=\"og:description\" content=\"Los presentes T\u00e9rminos y Condiciones regulan el uso de los servicios prestados desde el sitio web www.gatusos.com propiedad de FCLIGHT SLU (en adelante Gatusos), con domicilio en Villena ( Alicante ) y provista de C.I.F. B-54828918 El acceso y\/o utilizaci\u00f3n por cualquier persona a los contenidos o servicios ofrecidos en el sitio web www.gatusos.com, lo [&hellip;]\" \/>\n<meta property=\"og:url\" content=\"https:\/\/www.gatusos.com\/en\/terminos-y-condiciones\/\" \/>\n<meta property=\"og:site_name\" content=\"Gatusos\" \/>\n<meta property=\"article:modified_time\" content=\"2022-08-04T07:53:01+00:00\" \/>\n<meta name=\"twitter:card\" content=\"summary_large_image\" \/>\n<meta name=\"twitter:label1\" content=\"Estimated reading time\" \/>\n\t<meta name=\"twitter:data1\" content=\"6 minutes\" \/>\n<script type=\"application\/ld+json\" class=\"yoast-schema-graph\">{\"@context\":\"https:\/\/schema.org\",\"@graph\":[{\"@type\":\"WebPage\",\"@id\":\"https:\/\/www.gatusos.com\/en\/terminos-y-condiciones\/\",\"url\":\"https:\/\/www.gatusos.com\/en\/terminos-y-condiciones\/\",\"name\":\"T\u00e9rminos y Condiciones - Gatusos\",\"isPartOf\":{\"@id\":\"https:\/\/www.gatusos.com\/en\/#website\"},\"datePublished\":\"2022-08-04T07:46:24+00:00\",\"dateModified\":\"2022-08-04T07:53:01+00:00\",\"breadcrumb\":{\"@id\":\"https:\/\/www.gatusos.com\/en\/terminos-y-condiciones\/#breadcrumb\"},\"inLanguage\":\"en-GB\",\"potentialAction\":[{\"@type\":\"ReadAction\",\"target\":[\"https:\/\/www.gatusos.com\/en\/terminos-y-condiciones\/\"]}]},{\"@type\":\"BreadcrumbList\",\"@id\":\"https:\/\/www.gatusos.com\/en\/terminos-y-condiciones\/#breadcrumb\",\"itemListElement\":[{\"@type\":\"ListItem\",\"position\":1,\"name\":\"Portada\",\"item\":\"https:\/\/www.gatusos.com\/\"},{\"@type\":\"ListItem\",\"position\":2,\"name\":\"T\u00e9rminos y Condiciones\"}]},{\"@type\":\"WebSite\",\"@id\":\"https:\/\/www.gatusos.com\/en\/#website\",\"url\":\"https:\/\/www.gatusos.com\/en\/\",\"name\":\"Gatusos\",\"description\":\"\",\"publisher\":{\"@id\":\"https:\/\/www.gatusos.com\/en\/#organization\"},\"potentialAction\":[{\"@type\":\"SearchAction\",\"target\":{\"@type\":\"EntryPoint\",\"urlTemplate\":\"https:\/\/www.gatusos.com\/en\/?s={search_term_string}\"},\"query-input\":{\"@type\":\"PropertyValueSpecification\",\"valueRequired\":true,\"valueName\":\"search_term_string\"}}],\"inLanguage\":\"en-GB\"},{\"@type\":\"Organization\",\"@id\":\"https:\/\/www.gatusos.com\/en\/#organization\",\"name\":\"Gatusos\",\"url\":\"https:\/\/www.gatusos.com\/en\/\",\"logo\":{\"@type\":\"ImageObject\",\"inLanguage\":\"en-GB\",\"@id\":\"https:\/\/www.gatusos.com\/en\/#\/schema\/logo\/image\/\",\"url\":\"https:\/\/www.gatusos.com\/wp-content\/uploads\/2022\/06\/LOGO-1.webp\",\"contentUrl\":\"https:\/\/www.gatusos.com\/wp-content\/uploads\/2022\/06\/LOGO-1.webp\",\"width\":280,\"height\":80,\"caption\":\"Gatusos\"},\"image\":{\"@id\":\"https:\/\/www.gatusos.com\/en\/#\/schema\/logo\/image\/\"}}]}<\/script>\n<!-- \/ Yoast SEO plugin. -->","yoast_head_json":{"title":"T\u00e9rminos y Condiciones - Gatusos","robots":{"index":"index","follow":"follow","max-snippet":"max-snippet:-1","max-image-preview":"max-image-preview:large","max-video-preview":"max-video-preview:-1"},"canonical":"https:\/\/www.gatusos.com\/en\/terminos-y-condiciones\/","og_locale":"en_GB","og_type":"article","og_title":"T\u00e9rminos y Condiciones - Gatusos","og_description":"Los presentes T\u00e9rminos y Condiciones regulan el uso de los servicios prestados desde el sitio web www.gatusos.com propiedad de FCLIGHT SLU (en adelante Gatusos), con domicilio en Villena ( Alicante ) y provista de C.I.F. B-54828918 El acceso y\/o utilizaci\u00f3n por cualquier persona a los contenidos o servicios ofrecidos en el sitio web www.gatusos.com, lo [&hellip;]","og_url":"https:\/\/www.gatusos.com\/en\/terminos-y-condiciones\/","og_site_name":"Gatusos","article_modified_time":"2022-08-04T07:53:01+00:00","twitter_card":"summary_large_image","twitter_misc":{"Estimated reading time":"6 minutes"},"schema":{"@context":"https:\/\/schema.org","@graph":[{"@type":"WebPage","@id":"https:\/\/www.gatusos.com\/en\/terminos-y-condiciones\/","url":"https:\/\/www.gatusos.com\/en\/terminos-y-condiciones\/","name":"T\u00e9rminos y Condiciones - Gatusos","isPartOf":{"@id":"https:\/\/www.gatusos.com\/en\/#website"},"datePublished":"2022-08-04T07:46:24+00:00","dateModified":"2022-08-04T07:53:01+00:00","breadcrumb":{"@id":"https:\/\/www.gatusos.com\/en\/terminos-y-condiciones\/#breadcrumb"},"inLanguage":"en-GB","potentialAction":[{"@type":"ReadAction","target":["https:\/\/www.gatusos.com\/en\/terminos-y-condiciones\/"]}]},{"@type":"BreadcrumbList","@id":"https:\/\/www.gatusos.com\/en\/terminos-y-condiciones\/#breadcrumb","itemListElement":[{"@type":"ListItem","position":1,"name":"Portada","item":"https:\/\/www.gatusos.com\/"},{"@type":"ListItem","position":2,"name":"T\u00e9rminos y Condiciones"}]},{"@type":"WebSite","@id":"https:\/\/www.gatusos.com\/en\/#website","url":"https:\/\/www.gatusos.com\/en\/","name":"Gatusos","description":"","publisher":{"@id":"https:\/\/www.gatusos.com\/en\/#organization"},"potentialAction":[{"@type":"SearchAction","target":{"@type":"EntryPoint","urlTemplate":"https:\/\/www.gatusos.com\/en\/?s={search_term_string}"},"query-input":{"@type":"PropertyValueSpecification","valueRequired":true,"valueName":"search_term_string"}}],"inLanguage":"en-GB"},{"@type":"Organization","@id":"https:\/\/www.gatusos.com\/en\/#organization","name":"Gatusos","url":"https:\/\/www.gatusos.com\/en\/","logo":{"@type":"ImageObject","inLanguage":"en-GB","@id":"https:\/\/www.gatusos.com\/en\/#\/schema\/logo\/image\/","url":"https:\/\/www.gatusos.com\/wp-content\/uploads\/2022\/06\/LOGO-1.webp","contentUrl":"https:\/\/www.gatusos.com\/wp-content\/uploads\/2022\/06\/LOGO-1.webp","width":280,"height":80,"caption":"Gatusos"},"image":{"@id":"https:\/\/www.gatusos.com\/en\/#\/schema\/logo\/image\/"}}]}},"_links":{"self":[{"href":"https:\/\/www.gatusos.com\/en\/wp-json\/wp\/v2\/pages\/4818","targetHints":{"allow":["GET"]}}],"collection":[{"href":"https:\/\/www.gatusos.com\/en\/wp-json\/wp\/v2\/pages"}],"about":[{"href":"https:\/\/www.gatusos.com\/en\/wp-json\/wp\/v2\/types\/page"}],"author":[{"embeddable":true,"href":"https:\/\/www.gatusos.com\/en\/wp-json\/wp\/v2\/users\/1"}],"replies":[{"embeddable":true,"href":"https:\/\/www.gatusos.com\/en\/wp-json\/wp\/v2\/comments?post=4818"}],"version-history":[{"count":3,"href":"https:\/\/www.gatusos.com\/en\/wp-json\/wp\/v2\/pages\/4818\/revisions"}],"predecessor-version":[{"id":4822,"href":"https:\/\/www.gatusos.com\/en\/wp-json\/wp\/v2\/pages\/4818\/revisions\/4822"}],"wp:attachment":[{"href":"https:\/\/www.gatusos.com\/en\/wp-json\/wp\/v2\/media?parent=4818"}],"curies":[{"name":"wp","href":"https:\/\/api.w.org\/{rel}","templated":true}]}}