{"id":481,"date":"2022-06-08T07:36:37","date_gmt":"2022-06-08T07:36:37","guid":{"rendered":"https:\/\/new.gatusos.com\/?page_id=481"},"modified":"2022-08-03T11:27:12","modified_gmt":"2022-08-03T11:27:12","slug":"politica-de-cookies","status":"publish","type":"page","link":"https:\/\/www.gatusos.com\/en\/politica-de-cookies\/","title":{"rendered":"Politica de cookies"},"content":{"rendered":"<div data-elementor-type=\"wp-page\" data-elementor-id=\"481\" class=\"elementor elementor-481\" data-elementor-post-type=\"page\">\n\t\t\t\t\t\t<section class=\"elementor-section elementor-top-section elementor-element elementor-element-515bf6dc elementor-section-boxed elementor-section-height-default elementor-section-height-default\" data-id=\"515bf6dc\" data-element_type=\"section\" data-settings=\"{&quot;background_background&quot;:&quot;classic&quot;}\">\n\t\t\t\t\t\t<div class=\"elementor-container elementor-column-gap-default\">\n\t\t\t\t\t<div class=\"elementor-column elementor-col-100 elementor-top-column elementor-element elementor-element-63b75a9d\" data-id=\"63b75a9d\" data-element_type=\"column\">\n\t\t\t<div class=\"elementor-widget-wrap elementor-element-populated\">\n\t\t\t\t\t\t<div class=\"elementor-element elementor-element-207056a elementor-widget elementor-widget-text-editor\" data-id=\"207056a\" data-element_type=\"widget\" data-widget_type=\"text-editor.default\">\n\t\t\t\t<div class=\"elementor-widget-container\">\n\t\t\t\t\t\t\t\t\t<div id=\"comp-kqhvezc4\" class=\"_1Q9if\" data-testid=\"richTextElement\"><div id=\"comp-kqhvmrk01\" class=\"_1Q9if\" data-testid=\"richTextElement\"><p class=\"font_8\"><span class=\"color_11\">De conformidad con la normativa espa\u00f1ola que regula el uso de cookies en relaci\u00f3n a la prestaci\u00f3n de servicios de comunicaciones electr\u00f3nicas, recogida en el Real Decreto Ley 13\/2012 del 30 de marzo, le informamos sobre las cookies utilizadas en el sitio web de <strong>FC LIGHT, S.L.U.<\/strong> y el motivo de su uso. Asimismo, le informa de que al navegar en el Sitio Web usted est\u00e1 prestando su consentimiento para poder utilizarlas.<\/span><\/p><\/div><\/div>\t\t\t\t\t\t\t\t<\/div>\n\t\t\t\t<\/div>\n\t\t\t\t<div class=\"elementor-element elementor-element-17ffa0c elementor-widget elementor-widget-heading\" data-id=\"17ffa0c\" data-element_type=\"widget\" data-widget_type=\"heading.default\">\n\t\t\t\t<div class=\"elementor-widget-container\">\n\t\t\t\t\t<h2 class=\"elementor-heading-title elementor-size-default\">2.- \u00bfQUE SON LAS COOKIES?<\/h2>\t\t\t\t<\/div>\n\t\t\t\t<\/div>\n\t\t\t\t<div class=\"elementor-element elementor-element-3ce4a46 elementor-widget elementor-widget-text-editor\" data-id=\"3ce4a46\" data-element_type=\"widget\" data-widget_type=\"text-editor.default\">\n\t\t\t\t<div class=\"elementor-widget-container\">\n\t\t\t\t\t\t\t\t\t<div id=\"comp-kqhvezc4\" class=\"_1Q9if\" data-testid=\"richTextElement\"><div id=\"comp-kqhvmrk01\" class=\"_1Q9if\" data-testid=\"richTextElement\"><p class=\"font_8\"><span class=\"color_11\">Una cookie es un fichero que se descarga en su ordenador al acceder a determinadas p\u00e1ginas web. Las cookies permiten a una p\u00e1gina web, entre otras cosas, almacenar y recuperar informaci\u00f3n sobre los h\u00e1bitos de navegaci\u00f3n de un usuario o de su equipo y, dependiendo de la informaci\u00f3n que contengan y de la forma en que utilice su equipo, pueden utilizarse para reconocer al usuario.Las cookies se asocian \u00fanicamente a un usuario an\u00f3nimo y su ordenador o dispositivo y no proporcionan referencias que permitan conocer sus datos personales.<\/span><\/p><\/div><\/div>\t\t\t\t\t\t\t\t<\/div>\n\t\t\t\t<\/div>\n\t\t\t\t<div class=\"elementor-element elementor-element-29676d7 elementor-widget elementor-widget-heading\" data-id=\"29676d7\" data-element_type=\"widget\" data-widget_type=\"heading.default\">\n\t\t\t\t<div class=\"elementor-widget-container\">\n\t\t\t\t\t<h2 class=\"elementor-heading-title elementor-size-default\">3.- TIPOS DE COOKIES<\/h2>\t\t\t\t<\/div>\n\t\t\t\t<\/div>\n\t\t\t\t<div class=\"elementor-element elementor-element-85c6cd1 elementor-widget elementor-widget-text-editor\" data-id=\"85c6cd1\" data-element_type=\"widget\" data-widget_type=\"text-editor.default\">\n\t\t\t\t<div class=\"elementor-widget-container\">\n\t\t\t\t\t\t\t\t\t<div id=\"comp-kqhvezc4\" class=\"_1Q9if\" data-testid=\"richTextElement\"><div id=\"comp-kqhvmrk01\" class=\"_1Q9if\" data-testid=\"richTextElement\"><p class=\"font_8\"><span class=\"color_11\">1.-Cookies propias: Son aqu\u00e9llas que se env\u00edan al equipo terminal del usuario desde un equipo o dominio gestionado por el propio editor y desde el que se presta el servicio Solicitado por el usuario.<\/span><\/p><p class=\"font_8\"><span class=\"color_11\">2.-Cookies de terceros: Son aqu\u00e9llas que se env\u00edan al equipo terminal del usuario desde un equipo o dominio que no es gestionado por el editor, sino por otra entidad que trata los datos obtenidos trav\u00e9s de las cookies.<\/span><\/p><p class=\"font_8\"><span class=\"color_11\">3.-Cookies de sesi\u00f3n:Son un tipo de cookies dise\u00f1adas para recabar y almacenar datos mientras el usuario accede a una p\u00e1gina web.<\/span><\/p><p class=\"font_8\"><span class=\"color_11\">4.-Cookies persistentes: Son un tipo de cookies en el que los datos siguen almacenados en el terminal y pueden ser accedidos y tratados durante un periodo definido por el responsable de la cookie, y que puede ir de unos minutos a varios a\u00f1os.<\/span><\/p><p class=\"font_8\"><span class=\"color_11\">5.-Cookies de an\u00e1lisis: Son aqu\u00e9llas que bien tratadas por nosotros o por terceros, nos permiten cuantificar el n\u00famero de usuarios y as\u00ed realizar la medici\u00f3n y an\u00e1lisis estad\u00edstico de la utilizaci\u00f3n que hacen los usuarios del servicio ofertado. Para ello se analiza su navegaci\u00f3n en nuestra p\u00e1gina web con el fin de mejorar la oferta de productos o servicios que le ofrecemos.<\/span><\/p><p class=\"font_8\"><span class=\"color_11\">6.-Cookies publicitarias: Son aqu\u00e9llas que permiten la gesti\u00f3n, de la forma m\u00e1s eficaz posible, de los espacios publicitarios que, en su caso, el editor haya incluido en una p\u00e1gina web, aplicaci\u00f3n o plataforma desde la que presta el servicio solicitado en base a criterios como el contenido editado o la frecuencia en la que se muestran los anuncios.<\/span><\/p><p class=\"font_8\"><span class=\"color_11\">7.-Cookies de publicidad comportamental: Son aqu\u00e9llas que permiten la gesti\u00f3n, de la forma m\u00e1s eficaz posible, de los espacios publicitarios que, en su caso, el editor haya incluido en una p\u00e1gina web, aplicaci\u00f3n o plataforma desde la que presta el servicio solicitado. Estas cookies almacenan informaci\u00f3n del comportamiento de los usuarios obtenida a trav\u00e9s de la observaci\u00f3n continuada de sus h\u00e1bitos de navegaci\u00f3n, lo que permite desarrollar un perfil espec\u00edfico para mostrar publicidad en funci\u00f3n del mismo. Asimismo es posible que al visitar alguna p\u00e1gina web o al abrir alg\u00fan email donde se publique alg\u00fan anuncio o alguna promoci\u00f3n sobre nuestros productos o servicios se instale en tu navegador alguna cookie que nos sirve para mostrarte posteriormente publicidad relacionada con la b\u00fasqueda que hayas realizado, desarrollar un control de nuestros anuncios en relaci\u00f3n, por ejemplo, con el n\u00famero de veces que son vistos, donde aparecen, a qu\u00e9 hora se ven, etc.<\/span><\/p><\/div><\/div>\t\t\t\t\t\t\t\t<\/div>\n\t\t\t\t<\/div>\n\t\t\t\t<div class=\"elementor-element elementor-element-3aa82e4 elementor-widget elementor-widget-heading\" data-id=\"3aa82e4\" data-element_type=\"widget\" data-widget_type=\"heading.default\">\n\t\t\t\t<div class=\"elementor-widget-container\">\n\t\t\t\t\t<h2 class=\"elementor-heading-title elementor-size-default\">4.- TIPOS DE COOKIES UTILIZADAS POR ESTE SITIO WEB<\/h2>\t\t\t\t<\/div>\n\t\t\t\t<\/div>\n\t\t\t\t<div class=\"elementor-element elementor-element-bd5063e elementor-widget elementor-widget-text-editor\" data-id=\"bd5063e\" data-element_type=\"widget\" data-widget_type=\"text-editor.default\">\n\t\t\t\t<div class=\"elementor-widget-container\">\n\t\t\t\t\t\t\t\t\t<div id=\"comp-kqhvezc4\" class=\"_1Q9if\" data-testid=\"richTextElement\"><div id=\"comp-kqhvmrk01\" class=\"_1Q9if\" data-testid=\"richTextElement\"><p class=\"font_8\"><span class=\"color_11\">Las cookies utilizadas en nuestro sitio web, son de sesi\u00f3n y de terceros, y nos permiten almacenar y acceder a informaci\u00f3n relativa al idioma, el tipo de navegador utilizado, y otras caracter\u00edsticas generales predefinidas por el usuario, as\u00ed como, seguir y analizar la actividad que lleva a cabo, con el objeto de introducir mejoras y prestar nuestros servicios de una manera m\u00e1s eficiente y personalizada.FC LIGHT, S.L.U.no utiliza cookies publicitarias o de publicidad comportamental.<\/span><\/p><p class=\"font_8\"><span class=\"color_11\">La utilizaci\u00f3n de las cookies ofrece ventajas en la prestaci\u00f3n de servicios dentro de lo que se conoce como la sociedad de la informaci\u00f3n, puesto que, facilita al usuario la navegaci\u00f3n y el acceso a los diferentes servicios que ofrece este sitio web; evita al usuario tener que configurar las caracter\u00edsticas generales predefinidas cada vez que accede al sitio web; favorece la mejora del funcionamiento y de los servicios prestados a trav\u00e9s de este sitio web, tras el correspondiente an\u00e1lisis de la informaci\u00f3n obtenida a trav\u00e9s de las cookies instaladas.<\/span><\/p><\/div><\/div>\t\t\t\t\t\t\t\t<\/div>\n\t\t\t\t<\/div>\n\t\t\t\t<div class=\"elementor-element elementor-element-68318da elementor-widget elementor-widget-text-editor\" data-id=\"68318da\" data-element_type=\"widget\" data-widget_type=\"text-editor.default\">\n\t\t\t\t<div class=\"elementor-widget-container\">\n\t\t\t\t\t\t\t\t\t<table><tbody><tr><th>Nombre Cookie<\/th><th><strong>Tipo de cookie<\/strong><\/th><th><strong>Finalidad<\/strong><\/th><\/tr><tr><td>CookieLawInfoConsent<\/td><td>www.gatusos.com (Propio)<\/td><td>T\u00e9cnica<\/td><\/tr><tr><td>ajs_anonymous_id<\/td><td>www.gatusos.com (Atlassian Jira Servicedesk)<\/td><td>Estad\u00edsticas<\/td><\/tr><tr><td>cookielawinfo-checkbox-others<\/td><td>www.gatusos.com (Propio)<\/td><td>Otros<\/td><\/tr><tr><td>cookielawinfo-checkbox-advertisement<\/td><td>www.gatusos.com (Propio)<\/td><td>Advertisement<\/td><\/tr><tr><td>cookielawinfo-checkbox-analytics<\/td><td>www.gatusos.com (Propio)<\/td><td>Analisis<\/td><\/tr><tr><td>cookielawinfo-checkbox-performance<\/td><td>www.gatusos.com (Propio)<\/td><td>Performance<\/td><\/tr><tr><td>cookielawinfo-checkbox-functional<\/td><td>www.gatusos.com (Propio)<\/td><td>Funcional<\/td><\/tr><tr><td>_clsk<\/td><td>.gatusos.com (Microsoft Clarity)<\/td><td>Desconocido<\/td><\/tr><tr><td>_clck<\/td><td>.gatusos.com (Microsoft Clarity)<\/td><td>Comercializaci\u00f3n\/Seguimiento<\/td><\/tr><tr><td>svSession<\/td><td>.www.gatusos.com (Propio)<\/td><td>Estad\u00edsticas<\/td><\/tr><tr><td>wp-settings-1<\/td><td>www.gatusos.com (WordPress)<\/td><td>T\u00e9cnica<\/td><\/tr><tr><td>_gid<\/td><td>.gatusos.com (Google Analytics)<\/td><td>Estad\u00edsticas<\/td><\/tr><tr><td>PHPSESSID<\/td><td>www.gatusos.com (PHP)<\/td><td>Funcional<\/td><\/tr><tr><td>viewed_cookie_policy<\/td><td>www.gatusos.com (Propio)<\/td><td>T\u00e9cnica<\/td><\/tr><tr><td>_fbp<\/td><td>.gatusos.com (Facebook)<\/td><td>Comercializaci\u00f3n\/Seguimiento<\/td><\/tr><tr><td>wp-settings-time-1<\/td><td>www.gatusos.com (WordPress)<\/td><td>T\u00e9cnica<\/td><\/tr><tr><td>cookielawinfo-checkbox-necessary<\/td><td>www.gatusos.com (Propio)<\/td><td>Necesaria<\/td><\/tr><tr><td>_gcl_au<\/td><td>.gatusos.com (Google Adsense)<\/td><td>Comercializaci\u00f3n\/Seguimiento<\/td><\/tr><tr><td>_ga<\/td><td>.gatusos.com (Google Analytics)<\/td><td>Estad\u00edsticas<\/td><\/tr><tr><td>consent-policy<\/td><td>www.gatusos.com (Propio)<\/td><td>T\u00e9cnica<\/td><\/tr><tr><td>_gat_UA-222569924-1<\/td><td>.gatusos.com (Google Analytics)<\/td><td>Funcional<\/td><\/tr><\/tbody><\/table>\t\t\t\t\t\t\t\t<\/div>\n\t\t\t\t<\/div>\n\t\t\t\t<div class=\"elementor-element elementor-element-3e25fbd elementor-widget elementor-widget-heading\" data-id=\"3e25fbd\" data-element_type=\"widget\" data-widget_type=\"heading.default\">\n\t\t\t\t<div class=\"elementor-widget-container\">\n\t\t\t\t\t<h2 class=\"elementor-heading-title elementor-size-default\">5.- REVOCACI\u00d3N Y ELIMINACI\u00d3N DE COOKIES<\/h2>\t\t\t\t<\/div>\n\t\t\t\t<\/div>\n\t\t\t\t<div class=\"elementor-element elementor-element-c738e58 elementor-widget elementor-widget-text-editor\" data-id=\"c738e58\" data-element_type=\"widget\" data-widget_type=\"text-editor.default\">\n\t\t\t\t<div class=\"elementor-widget-container\">\n\t\t\t\t\t\t\t\t\t<div id=\"comp-kqhvezc4\" class=\"_1Q9if\" data-testid=\"richTextElement\"><div id=\"comp-kqhvmrk01\" class=\"_1Q9if\" data-testid=\"richTextElement\"><p class=\"font_8\"><span class=\"color_11\"><a href=\"https:\/\/www.felizcaminar.com\/politica-de-cookies\/\" target=\"_blank\" rel=\"noopener\"><span style=\"text-decoration: underline;\"><span style=\"color: #000000; text-decoration: underline;\">Revocar el consentimiento<\/span><\/span><\/a><\/span><\/p><p class=\"font_8\"><span class=\"color_11\">En todo momento podr\u00e1 acceder a la configuraci\u00f3n de su navegadoraceptando o rechazando todas las cookies, o bien seleccionar aqu\u00e9llas cuya instalaci\u00f3n admite y cu\u00e1les no, siguiendo uno de los siguientes procedimientos, que depende del navegador que utilice:<\/span><\/p><p class=\"font_8\"><span class=\"color_11\">Google Chrome(en el Men\u00fa Herramientas)<br \/>Configuraci\u00f3n &gt; Mostrar opciones avanzadas &gt; Privacidad (Configuraci\u00f3n de Contenido) &gt; Cookies<br \/>M\u00e1s informaci\u00f3n:<span style=\"text-decoration: underline;\"><span style=\"color: #000000;\"><a style=\"color: #000000; text-decoration: underline;\" href=\"https:\/\/support.google.com\/chrome\/answer\/95647?hl=es\" target=\"_blank\" rel=\"noopener\">https:\/\/support.google.com\/chrome\/answer\/95647?hl=es<\/a><\/span><\/span><\/span><\/p><p class=\"font_8\"><span class=\"color_11\">Microsoft Internet Explorer(en el Men\u00fa Herramientas)<br \/>Opciones de Internet &gt; Privacidad &gt; Avanzada<br \/>M\u00e1s informaci\u00f3n:<span style=\"text-decoration: underline;\"><span style=\"color: #000000;\"><a style=\"color: #000000; text-decoration: underline;\" href=\"https:\/\/www.felizcaminar.com\/politica-de-cookies\/#ie=ie-9\" target=\"_blank\" rel=\"noopener\">http:\/\/windows.microsoft.com\/es-es\/internet-explorer\/delete-manage-cookies#ie=ie-9<\/a><\/span><\/span><\/span><\/p><p class=\"font_8\"><span class=\"color_11\">Firefox<br \/>Opciones &gt; Privacidad &gt; Cookies<br \/>M\u00e1s informaci\u00f3n:<a href=\"http:\/\/support.mozilla.org\/es\/kb\/habilitar-y-deshabilitar-cookies-que-los-sitios-we\" target=\"_blank\" rel=\"noopener\"><span style=\"text-decoration: underline; color: #000000;\">http:\/\/support.mozilla.org\/es\/kb\/habilitar-y-deshabilitar-cookies-que-los-sitios-we<\/span><\/a><\/span><\/p><p class=\"font_8\"><span class=\"color_11\">Safari , iPad e iPhone<br \/>Preferencias &gt; Privacidad<br \/>M\u00e1s informaci\u00f3n:<a href=\"http:\/\/www.apple.com\/es\/privacy\/use-of-cookies\/\" target=\"_blank\" rel=\"noopener\"><span style=\"text-decoration: underline; color: #000000;\">http:\/\/www.apple.com\/es\/privacy\/use-of-cookies\/<\/span><\/a><\/span><\/p><p class=\"font_8\"><span class=\"color_11\">Opera<br \/>Configuraci\u00f3n &gt; Opciones &gt; Avanzado &gt; Cookies<br \/>M\u00e1s informaci\u00f3n:<a href=\"http:\/\/help.opera.com\/Linux\/10.60\/es-ES\/cookies.html\" target=\"_blank\" rel=\"noopener\"><span style=\"text-decoration: underline;\"><span style=\"color: #000000; text-decoration: underline;\">http:\/\/help.opera.com\/Linux\/10.60\/es-ES\/cookies.html<\/span><\/span><\/a><\/span><\/p><\/div><\/div>\t\t\t\t\t\t\t\t<\/div>\n\t\t\t\t<\/div>\n\t\t\t\t<div class=\"elementor-element elementor-element-c236391 elementor-widget elementor-widget-heading\" data-id=\"c236391\" data-element_type=\"widget\" data-widget_type=\"heading.default\">\n\t\t\t\t<div class=\"elementor-widget-container\">\n\t\t\t\t\t<h2 class=\"elementor-heading-title elementor-size-default\">6.- TERCEROS PRESTADORES DE SERVICIOS<\/h2>\t\t\t\t<\/div>\n\t\t\t\t<\/div>\n\t\t\t\t<div class=\"elementor-element elementor-element-12efcfc elementor-widget elementor-widget-text-editor\" data-id=\"12efcfc\" data-element_type=\"widget\" data-widget_type=\"text-editor.default\">\n\t\t\t\t<div class=\"elementor-widget-container\">\n\t\t\t\t\t\t\t\t\t<div id=\"comp-kqhvezc4\" class=\"_1Q9if\" data-testid=\"richTextElement\"><div id=\"comp-kqhvmrk01\" class=\"_1Q9if\" data-testid=\"richTextElement\"><p class=\"color_11\"><span class=\"color_11\">En concreto los terceros prestadores de servicios con los que hemos contratado alg\u00fan servicio para el que es necesario la utilizaci\u00f3n de cookies son:<\/span><iframe class=\"_49_rs\" title=\"Table Master\" src=\"https:\/\/wix-visual-data.appspot.com\/index?lang=es&amp;dateNumberFormat=es-es&amp;isPrimaryLanguage=true&amp;pageId=e3ukw&amp;compId=comp-kqhvxfu4&amp;viewerCompId=comp-kqhvxfu4&amp;siteRevision=1200&amp;viewMode=site&amp;deviceType=desktop&amp;locale=es&amp;tz=Europe%2FMadrid&amp;regionalLanguage=es&amp;width=676&amp;height=109&amp;instance=MwiMuIfqBXmUZuF7NLCsFGD2H8VmTrs4CV0kEN6mfSo.eyJpbnN0YW5jZUlkIjoiZTVjNTlkZmUtZWQ5ZC00MTQ2LWI0ZTktOGNjNTY2Yjc3OGIyIiwiYXBwRGVmSWQiOiIxMzQxMzlmMy1mMmEwLTJjMmMtNjkzYy1lZDIyMTY1Y2ZkODQiLCJtZXRhU2l0ZUlkIjoiODQwNTZiN2UtMjU5ZS00MjliLTk5ODAtZGQzYmY1Mzg3ODhlIiwic2lnbkRhdGUiOiIyMDIyLTA2LTA4VDA2OjMyOjA2LjI1M1oiLCJkZW1vTW9kZSI6ZmFsc2UsImFpZCI6IjNkMWExOTg2LTUyODUtNDcxNy04ZmIwLTdmYjhmZDg2ZjNlNiIsImJpVG9rZW4iOiI2MWMwZjY4MC1jODAzLTAzZGQtMmQ2OS01MWZlOTM4ZjAwM2MiLCJzaXRlT3duZXJJZCI6ImE4MWYxYWQ1LWViZTEtNDc1ZS04YTMzLWNmNTExZDhhMTk2ZiJ9&amp;currency=EUR&amp;currentCurrency=EUR&amp;commonConfig=%7B%22brand%22%3A%22wix%22%2C%22bsi%22%3A%22979a4ac0-53b1-40f8-9083-1a513a7ff694%7C1%22%2C%22BSI%22%3A%22979a4ac0-53b1-40f8-9083-1a513a7ff694%7C1%22%7D&amp;vsi=84130040-121a-46ab-9a73-0e99d1852b4b\" frameborder=\"0\" scrolling=\"no\" allowfullscreen=\"allowfullscreen\" aria-label=\"Table Master\"><\/iframe><\/p><\/div><\/div>\t\t\t\t\t\t\t\t<\/div>\n\t\t\t\t<\/div>\n\t\t\t\t\t<\/div>\n\t\t<\/div>\n\t\t\t\t\t<\/div>\n\t\t<\/section>\n\t\t\t\t<\/div>","protected":false},"excerpt":{"rendered":"<p>De conformidad con la normativa espa\u00f1ola que regula el uso de cookies en relaci\u00f3n a la prestaci\u00f3n de servicios de comunicaciones electr\u00f3nicas, recogida en el Real Decreto Ley 13\/2012 del 30 de marzo, le informamos sobre las cookies utilizadas en el sitio web de FC LIGHT, S.L.U. y el motivo de su uso. Asimismo, le [&hellip;]<\/p>","protected":false},"author":1,"featured_media":0,"parent":0,"menu_order":0,"comment_status":"closed","ping_status":"closed","template":"elementor_header_footer","meta":{"footnotes":""},"class_list":["post-481","page","type-page","status-publish","hentry"],"yoast_head":"<!-- This site is optimized with the Yoast SEO plugin v26.7 - https:\/\/yoast.com\/wordpress\/plugins\/seo\/ -->\n<title>Politica de cookies - Gatusos<\/title>\n<meta name=\"robots\" content=\"index, follow, max-snippet:-1, max-image-preview:large, max-video-preview:-1\" \/>\n<link rel=\"canonical\" href=\"https:\/\/www.gatusos.com\/en\/politica-de-cookies\/\" \/>\n<meta property=\"og:locale\" content=\"en_GB\" \/>\n<meta property=\"og:type\" content=\"article\" \/>\n<meta property=\"og:title\" content=\"Politica de cookies - Gatusos\" \/>\n<meta property=\"og:description\" content=\"De conformidad con la normativa espa\u00f1ola que regula el uso de cookies en relaci\u00f3n a la prestaci\u00f3n de servicios de comunicaciones electr\u00f3nicas, recogida en el Real Decreto Ley 13\/2012 del 30 de marzo, le informamos sobre las cookies utilizadas en el sitio web de FC LIGHT, S.L.U. y el motivo de su uso. Asimismo, le [&hellip;]\" \/>\n<meta property=\"og:url\" content=\"https:\/\/www.gatusos.com\/en\/politica-de-cookies\/\" \/>\n<meta property=\"og:site_name\" content=\"Gatusos\" \/>\n<meta property=\"article:modified_time\" content=\"2022-08-03T11:27:12+00:00\" \/>\n<meta name=\"twitter:card\" content=\"summary_large_image\" \/>\n<meta name=\"twitter:label1\" content=\"Estimated reading time\" \/>\n\t<meta name=\"twitter:data1\" content=\"6 minutes\" \/>\n<script type=\"application\/ld+json\" class=\"yoast-schema-graph\">{\"@context\":\"https:\/\/schema.org\",\"@graph\":[{\"@type\":\"WebPage\",\"@id\":\"https:\/\/www.gatusos.com\/politica-de-cookies\/\",\"url\":\"https:\/\/www.gatusos.com\/politica-de-cookies\/\",\"name\":\"Politica de cookies - Gatusos\",\"isPartOf\":{\"@id\":\"https:\/\/www.gatusos.com\/en\/#website\"},\"datePublished\":\"2022-06-08T07:36:37+00:00\",\"dateModified\":\"2022-08-03T11:27:12+00:00\",\"breadcrumb\":{\"@id\":\"https:\/\/www.gatusos.com\/politica-de-cookies\/#breadcrumb\"},\"inLanguage\":\"en-GB\",\"potentialAction\":[{\"@type\":\"ReadAction\",\"target\":[\"https:\/\/www.gatusos.com\/politica-de-cookies\/\"]}]},{\"@type\":\"BreadcrumbList\",\"@id\":\"https:\/\/www.gatusos.com\/politica-de-cookies\/#breadcrumb\",\"itemListElement\":[{\"@type\":\"ListItem\",\"position\":1,\"name\":\"Portada\",\"item\":\"https:\/\/www.gatusos.com\/\"},{\"@type\":\"ListItem\",\"position\":2,\"name\":\"Politica de cookies\"}]},{\"@type\":\"WebSite\",\"@id\":\"https:\/\/www.gatusos.com\/en\/#website\",\"url\":\"https:\/\/www.gatusos.com\/en\/\",\"name\":\"Gatusos\",\"description\":\"\",\"publisher\":{\"@id\":\"https:\/\/www.gatusos.com\/en\/#organization\"},\"potentialAction\":[{\"@type\":\"SearchAction\",\"target\":{\"@type\":\"EntryPoint\",\"urlTemplate\":\"https:\/\/www.gatusos.com\/en\/?s={search_term_string}\"},\"query-input\":{\"@type\":\"PropertyValueSpecification\",\"valueRequired\":true,\"valueName\":\"search_term_string\"}}],\"inLanguage\":\"en-GB\"},{\"@type\":\"Organization\",\"@id\":\"https:\/\/www.gatusos.com\/en\/#organization\",\"name\":\"Gatusos\",\"url\":\"https:\/\/www.gatusos.com\/en\/\",\"logo\":{\"@type\":\"ImageObject\",\"inLanguage\":\"en-GB\",\"@id\":\"https:\/\/www.gatusos.com\/en\/#\/schema\/logo\/image\/\",\"url\":\"https:\/\/www.gatusos.com\/wp-content\/uploads\/2022\/06\/LOGO-1.webp\",\"contentUrl\":\"https:\/\/www.gatusos.com\/wp-content\/uploads\/2022\/06\/LOGO-1.webp\",\"width\":280,\"height\":80,\"caption\":\"Gatusos\"},\"image\":{\"@id\":\"https:\/\/www.gatusos.com\/en\/#\/schema\/logo\/image\/\"}}]}<\/script>\n<!-- \/ Yoast SEO plugin. -->","yoast_head_json":{"title":"Politica de cookies - Gatusos","robots":{"index":"index","follow":"follow","max-snippet":"max-snippet:-1","max-image-preview":"max-image-preview:large","max-video-preview":"max-video-preview:-1"},"canonical":"https:\/\/www.gatusos.com\/en\/politica-de-cookies\/","og_locale":"en_GB","og_type":"article","og_title":"Politica de cookies - Gatusos","og_description":"De conformidad con la normativa espa\u00f1ola que regula el uso de cookies en relaci\u00f3n a la prestaci\u00f3n de servicios de comunicaciones electr\u00f3nicas, recogida en el Real Decreto Ley 13\/2012 del 30 de marzo, le informamos sobre las cookies utilizadas en el sitio web de FC LIGHT, S.L.U. y el motivo de su uso. Asimismo, le [&hellip;]","og_url":"https:\/\/www.gatusos.com\/en\/politica-de-cookies\/","og_site_name":"Gatusos","article_modified_time":"2022-08-03T11:27:12+00:00","twitter_card":"summary_large_image","twitter_misc":{"Estimated reading time":"6 minutes"},"schema":{"@context":"https:\/\/schema.org","@graph":[{"@type":"WebPage","@id":"https:\/\/www.gatusos.com\/politica-de-cookies\/","url":"https:\/\/www.gatusos.com\/politica-de-cookies\/","name":"Politica de cookies - Gatusos","isPartOf":{"@id":"https:\/\/www.gatusos.com\/en\/#website"},"datePublished":"2022-06-08T07:36:37+00:00","dateModified":"2022-08-03T11:27:12+00:00","breadcrumb":{"@id":"https:\/\/www.gatusos.com\/politica-de-cookies\/#breadcrumb"},"inLanguage":"en-GB","potentialAction":[{"@type":"ReadAction","target":["https:\/\/www.gatusos.com\/politica-de-cookies\/"]}]},{"@type":"BreadcrumbList","@id":"https:\/\/www.gatusos.com\/politica-de-cookies\/#breadcrumb","itemListElement":[{"@type":"ListItem","position":1,"name":"Portada","item":"https:\/\/www.gatusos.com\/"},{"@type":"ListItem","position":2,"name":"Politica de cookies"}]},{"@type":"WebSite","@id":"https:\/\/www.gatusos.com\/en\/#website","url":"https:\/\/www.gatusos.com\/en\/","name":"Gatusos","description":"","publisher":{"@id":"https:\/\/www.gatusos.com\/en\/#organization"},"potentialAction":[{"@type":"SearchAction","target":{"@type":"EntryPoint","urlTemplate":"https:\/\/www.gatusos.com\/en\/?s={search_term_string}"},"query-input":{"@type":"PropertyValueSpecification","valueRequired":true,"valueName":"search_term_string"}}],"inLanguage":"en-GB"},{"@type":"Organization","@id":"https:\/\/www.gatusos.com\/en\/#organization","name":"Gatusos","url":"https:\/\/www.gatusos.com\/en\/","logo":{"@type":"ImageObject","inLanguage":"en-GB","@id":"https:\/\/www.gatusos.com\/en\/#\/schema\/logo\/image\/","url":"https:\/\/www.gatusos.com\/wp-content\/uploads\/2022\/06\/LOGO-1.webp","contentUrl":"https:\/\/www.gatusos.com\/wp-content\/uploads\/2022\/06\/LOGO-1.webp","width":280,"height":80,"caption":"Gatusos"},"image":{"@id":"https:\/\/www.gatusos.com\/en\/#\/schema\/logo\/image\/"}}]}},"_links":{"self":[{"href":"https:\/\/www.gatusos.com\/en\/wp-json\/wp\/v2\/pages\/481","targetHints":{"allow":["GET"]}}],"collection":[{"href":"https:\/\/www.gatusos.com\/en\/wp-json\/wp\/v2\/pages"}],"about":[{"href":"https:\/\/www.gatusos.com\/en\/wp-json\/wp\/v2\/types\/page"}],"author":[{"embeddable":true,"href":"https:\/\/www.gatusos.com\/en\/wp-json\/wp\/v2\/users\/1"}],"replies":[{"embeddable":true,"href":"https:\/\/www.gatusos.com\/en\/wp-json\/wp\/v2\/comments?post=481"}],"version-history":[{"count":3,"href":"https:\/\/www.gatusos.com\/en\/wp-json\/wp\/v2\/pages\/481\/revisions"}],"predecessor-version":[{"id":4809,"href":"https:\/\/www.gatusos.com\/en\/wp-json\/wp\/v2\/pages\/481\/revisions\/4809"}],"wp:attachment":[{"href":"https:\/\/www.gatusos.com\/en\/wp-json\/wp\/v2\/media?parent=481"}],"curies":[{"name":"wp","href":"https:\/\/api.w.org\/{rel}","templated":true}]}}