{"id":413,"date":"2022-06-07T15:24:56","date_gmt":"2022-06-07T15:24:56","guid":{"rendered":"https:\/\/new.gatusos.com\/?page_id=413"},"modified":"2024-03-11T07:12:24","modified_gmt":"2024-03-11T07:12:24","slug":"nosotros","status":"publish","type":"page","link":"https:\/\/www.gatusos.com\/en\/nosotros\/","title":{"rendered":"About us"},"content":{"rendered":"<div data-elementor-type=\"wp-page\" data-elementor-id=\"413\" class=\"elementor elementor-413\" data-elementor-post-type=\"page\">\n\t\t\t\t\t\t<section class=\"elementor-section elementor-top-section elementor-element elementor-element-0e105df elementor-section-full_width elementor-section-height-default elementor-section-height-default\" data-id=\"0e105df\" data-element_type=\"section\" data-settings=\"{&quot;background_background&quot;:&quot;classic&quot;}\">\n\t\t\t\t\t\t<div class=\"elementor-container elementor-column-gap-no\">\n\t\t\t\t\t<div class=\"elementor-column elementor-col-50 elementor-top-column elementor-element elementor-element-a216c9a\" data-id=\"a216c9a\" data-element_type=\"column\" data-settings=\"{&quot;background_background&quot;:&quot;classic&quot;}\">\n\t\t\t<div class=\"elementor-widget-wrap elementor-element-populated\">\n\t\t\t\t\t\t<div class=\"elementor-element elementor-element-89b5164 elementor-widget elementor-widget-heading\" data-id=\"89b5164\" data-element_type=\"widget\" data-widget_type=\"heading.default\">\n\t\t\t\t<div class=\"elementor-widget-container\">\n\t\t\t\t\t<h1 class=\"elementor-heading-title elementor-size-default\"><b>About Gatusos<\/b><\/h1>\t\t\t\t<\/div>\n\t\t\t\t<\/div>\n\t\t\t\t<div class=\"elementor-element elementor-element-2f28a49 elementor-widget elementor-widget-image\" data-id=\"2f28a49\" data-element_type=\"widget\" data-widget_type=\"image.default\">\n\t\t\t\t<div class=\"elementor-widget-container\">\n\t\t\t\t\t\t\t\t\t\t\t\t\t\t\t<img fetchpriority=\"high\" decoding=\"async\" width=\"2165\" height=\"1190\" src=\"https:\/\/www.gatusos.com\/wp-content\/uploads\/2022\/12\/NOSOTROS.jpg\" class=\"attachment-full size-full wp-image-6014\" alt=\"\" srcset=\"https:\/\/www.gatusos.com\/wp-content\/uploads\/2022\/12\/NOSOTROS.jpg 2165w, https:\/\/www.gatusos.com\/wp-content\/uploads\/2022\/12\/NOSOTROS-300x165.jpg 300w, https:\/\/www.gatusos.com\/wp-content\/uploads\/2022\/12\/NOSOTROS-1024x563.jpg 1024w, https:\/\/www.gatusos.com\/wp-content\/uploads\/2022\/12\/NOSOTROS-768x422.jpg 768w, https:\/\/www.gatusos.com\/wp-content\/uploads\/2022\/12\/NOSOTROS-1536x844.jpg 1536w, https:\/\/www.gatusos.com\/wp-content\/uploads\/2022\/12\/NOSOTROS-2048x1126.jpg 2048w, https:\/\/www.gatusos.com\/wp-content\/uploads\/2022\/12\/NOSOTROS-18x10.jpg 18w, https:\/\/www.gatusos.com\/wp-content\/uploads\/2022\/12\/NOSOTROS-1200x660.jpg 1200w, https:\/\/www.gatusos.com\/wp-content\/uploads\/2022\/12\/NOSOTROS-1980x1088.jpg 1980w, https:\/\/www.gatusos.com\/wp-content\/uploads\/2022\/12\/NOSOTROS-600x330.jpg 600w\" sizes=\"(max-width: 2165px) 100vw, 2165px\" \/>\t\t\t\t\t\t\t\t\t\t\t\t\t\t\t<\/div>\n\t\t\t\t<\/div>\n\t\t\t\t\t<\/div>\n\t\t<\/div>\n\t\t\t\t<div class=\"elementor-column elementor-col-50 elementor-top-column elementor-element elementor-element-ee4cf50\" data-id=\"ee4cf50\" data-element_type=\"column\" data-settings=\"{&quot;background_background&quot;:&quot;classic&quot;}\">\n\t\t\t<div class=\"elementor-widget-wrap elementor-element-populated\">\n\t\t\t\t\t\t<div class=\"elementor-element elementor-element-5724005 elementor-widget elementor-widget-text-editor\" data-id=\"5724005\" data-element_type=\"widget\" data-widget_type=\"text-editor.default\">\n\t\t\t\t<div class=\"elementor-widget-container\">\n\t\t\t\t\t\t\t\t\t<p class=\"font_8\"><span class=\"color_11\">Gatusos was born with the passion and ambition to bring the most innovative and revolutionary products to the equestrian world.<\/span><\/p>\n<p class=\"font_8\"><span style=\"font-size: inherit; text-align: inherit; letter-spacing: -0.015em;\">Gatusos was born as a brand specialized in professional products for horses, meanly for riders &amp; equestrian world lovers. We have more than 20 years of experience in the manufacture of sanitary footwear certified at international level, therefore we have introduced the same sanitary materials contributing their benefits to the horse protection.\u202f&nbsp;<\/span><\/p>\n<p class=\"font_8\">\n<\/p><p class=\"font_8\"><span class=\"color_11\">We are pioneers in the manufacture of products in EVA GUMFLY<\/span><span class=\"color_11\">material and our main objective is to offer high performance products, manufactured with ultralight and innovative properties.<\/span><\/p>\n<p><br><\/p>\t\t\t\t\t\t\t\t<\/div>\n\t\t\t\t<\/div>\n\t\t\t\t\t<\/div>\n\t\t<\/div>\n\t\t\t\t\t<\/div>\n\t\t<\/section>\n\t\t\t\t<section class=\"elementor-section elementor-top-section elementor-element elementor-element-759c541 elementor-section-full_width elementor-section-stretched elementor-section-height-default elementor-section-height-default\" data-id=\"759c541\" data-element_type=\"section\" data-settings=\"{&quot;background_background&quot;:&quot;classic&quot;,&quot;stretch_section&quot;:&quot;section-stretched&quot;}\">\n\t\t\t\t\t\t<div class=\"elementor-container elementor-column-gap-no\">\n\t\t\t\t\t<div class=\"elementor-column elementor-col-100 elementor-top-column elementor-element elementor-element-f71f6eb\" data-id=\"f71f6eb\" data-element_type=\"column\" data-settings=\"{&quot;background_background&quot;:&quot;classic&quot;}\">\n\t\t\t<div class=\"elementor-widget-wrap elementor-element-populated\">\n\t\t\t\t\t\t<section class=\"elementor-section elementor-inner-section elementor-element elementor-element-f37c7a3 elementor-section-full_width elementor-section-height-default elementor-section-height-default\" data-id=\"f37c7a3\" data-element_type=\"section\">\n\t\t\t\t\t\t<div class=\"elementor-container elementor-column-gap-no\">\n\t\t\t\t\t<div class=\"elementor-column elementor-col-33 elementor-inner-column elementor-element elementor-element-356e84b\" data-id=\"356e84b\" data-element_type=\"column\">\n\t\t\t<div class=\"elementor-widget-wrap elementor-element-populated\">\n\t\t\t\t\t\t<div class=\"elementor-element elementor-element-718d314 elementor-widget elementor-widget-image\" data-id=\"718d314\" data-element_type=\"widget\" data-widget_type=\"image.default\">\n\t\t\t\t<div class=\"elementor-widget-container\">\n\t\t\t\t\t\t\t\t\t\t\t\t\t\t\t<img decoding=\"async\" width=\"1400\" height=\"1922\" src=\"https:\/\/www.gatusos.com\/wp-content\/uploads\/2022\/12\/EQUIPO-3-1.jpg\" class=\"attachment-full size-full wp-image-6017\" alt=\"\" srcset=\"https:\/\/www.gatusos.com\/wp-content\/uploads\/2022\/12\/EQUIPO-3-1.jpg 1400w, https:\/\/www.gatusos.com\/wp-content\/uploads\/2022\/12\/EQUIPO-3-1-219x300.jpg 219w, https:\/\/www.gatusos.com\/wp-content\/uploads\/2022\/12\/EQUIPO-3-1-746x1024.jpg 746w, https:\/\/www.gatusos.com\/wp-content\/uploads\/2022\/12\/EQUIPO-3-1-768x1054.jpg 768w, https:\/\/www.gatusos.com\/wp-content\/uploads\/2022\/12\/EQUIPO-3-1-1119x1536.jpg 1119w, https:\/\/www.gatusos.com\/wp-content\/uploads\/2022\/12\/EQUIPO-3-1-9x12.jpg 9w, https:\/\/www.gatusos.com\/wp-content\/uploads\/2022\/12\/EQUIPO-3-1-1200x1647.jpg 1200w, https:\/\/www.gatusos.com\/wp-content\/uploads\/2022\/12\/EQUIPO-3-1-600x824.jpg 600w\" sizes=\"(max-width: 1400px) 100vw, 1400px\" \/>\t\t\t\t\t\t\t\t\t\t\t\t\t\t\t<\/div>\n\t\t\t\t<\/div>\n\t\t\t\t\t<\/div>\n\t\t<\/div>\n\t\t\t\t<div class=\"elementor-column elementor-col-33 elementor-inner-column elementor-element elementor-element-bdd5be7 aumentar\" data-id=\"bdd5be7\" data-element_type=\"column\">\n\t\t\t<div class=\"elementor-widget-wrap elementor-element-populated\">\n\t\t\t\t\t\t<div class=\"elementor-element elementor-element-452e2fa elementor-widget elementor-widget-heading\" data-id=\"452e2fa\" data-element_type=\"widget\" data-widget_type=\"heading.default\">\n\t\t\t\t<div class=\"elementor-widget-container\">\n\t\t\t\t\t<h2 class=\"elementor-heading-title elementor-size-default\">TEAM<\/h2>\t\t\t\t<\/div>\n\t\t\t\t<\/div>\n\t\t\t\t<div class=\"elementor-element elementor-element-7849ce2 elementor-widget elementor-widget-text-editor\" data-id=\"7849ce2\" data-element_type=\"widget\" data-widget_type=\"text-editor.default\">\n\t\t\t\t<div class=\"elementor-widget-container\">\n\t\t\t\t\t\t\t\t\t<p class=\"font_8\"><span class=\"color_11\">GATUSOS is formed by qualified professional designers and technicians who have transformed their passion into the desire to create and contribute to the equestrian community, innovative and avantgarde products.<\/span><\/p><p class=\"font_8\"><span class=\"color_11\">All work team members are united by a common work system, investigating each step of the production process to correct possible failures and provide continuous advances in the design &amp; manufacturing, achieving the greatest benefits in all its phases.<\/span><\/p>\t\t\t\t\t\t\t\t<\/div>\n\t\t\t\t<\/div>\n\t\t\t\t\t<\/div>\n\t\t<\/div>\n\t\t\t\t<div class=\"elementor-column elementor-col-33 elementor-inner-column elementor-element elementor-element-63bcbd0\" data-id=\"63bcbd0\" data-element_type=\"column\">\n\t\t\t<div class=\"elementor-widget-wrap elementor-element-populated\">\n\t\t\t\t\t\t<div class=\"elementor-element elementor-element-e3c3dfb elementor-widget elementor-widget-image\" data-id=\"e3c3dfb\" data-element_type=\"widget\" data-widget_type=\"image.default\">\n\t\t\t\t<div class=\"elementor-widget-container\">\n\t\t\t\t\t\t\t\t\t\t\t\t\t\t\t<img decoding=\"async\" width=\"1400\" height=\"1922\" src=\"https:\/\/www.gatusos.com\/wp-content\/uploads\/2022\/12\/EQUIPO-2-1.jpg\" class=\"attachment-full size-full wp-image-6016\" alt=\"\" srcset=\"https:\/\/www.gatusos.com\/wp-content\/uploads\/2022\/12\/EQUIPO-2-1.jpg 1400w, https:\/\/www.gatusos.com\/wp-content\/uploads\/2022\/12\/EQUIPO-2-1-219x300.jpg 219w, https:\/\/www.gatusos.com\/wp-content\/uploads\/2022\/12\/EQUIPO-2-1-746x1024.jpg 746w, https:\/\/www.gatusos.com\/wp-content\/uploads\/2022\/12\/EQUIPO-2-1-768x1054.jpg 768w, https:\/\/www.gatusos.com\/wp-content\/uploads\/2022\/12\/EQUIPO-2-1-1119x1536.jpg 1119w, https:\/\/www.gatusos.com\/wp-content\/uploads\/2022\/12\/EQUIPO-2-1-9x12.jpg 9w, https:\/\/www.gatusos.com\/wp-content\/uploads\/2022\/12\/EQUIPO-2-1-1200x1647.jpg 1200w, https:\/\/www.gatusos.com\/wp-content\/uploads\/2022\/12\/EQUIPO-2-1-600x824.jpg 600w\" sizes=\"(max-width: 1400px) 100vw, 1400px\" \/>\t\t\t\t\t\t\t\t\t\t\t\t\t\t\t<\/div>\n\t\t\t\t<\/div>\n\t\t\t\t\t<\/div>\n\t\t<\/div>\n\t\t\t\t\t<\/div>\n\t\t<\/section>\n\t\t\t\t\t<\/div>\n\t\t<\/div>\n\t\t\t\t\t<\/div>\n\t\t<\/section>\n\t\t\t\t<section class=\"elementor-section elementor-top-section elementor-element elementor-element-55491ba elementor-section-full_width elementor-section-height-default elementor-section-height-default\" data-id=\"55491ba\" data-element_type=\"section\" data-settings=\"{&quot;background_background&quot;:&quot;classic&quot;}\">\n\t\t\t\t\t\t<div class=\"elementor-container elementor-column-gap-no\">\n\t\t\t\t\t<div class=\"elementor-column elementor-col-50 elementor-top-column elementor-element elementor-element-8e387a5\" data-id=\"8e387a5\" data-element_type=\"column\" data-settings=\"{&quot;background_background&quot;:&quot;classic&quot;}\">\n\t\t\t<div class=\"elementor-widget-wrap elementor-element-populated\">\n\t\t\t\t\t\t<div class=\"elementor-element elementor-element-891892a elementor-widget elementor-widget-image\" data-id=\"891892a\" data-element_type=\"widget\" data-widget_type=\"image.default\">\n\t\t\t\t<div class=\"elementor-widget-container\">\n\t\t\t\t\t\t\t\t\t\t\t\t\t\t\t<img loading=\"lazy\" decoding=\"async\" width=\"2165\" height=\"1190\" src=\"https:\/\/www.gatusos.com\/wp-content\/uploads\/2022\/12\/ALMACENES.jpg\" class=\"attachment-full size-full wp-image-6015\" alt=\"\" srcset=\"https:\/\/www.gatusos.com\/wp-content\/uploads\/2022\/12\/ALMACENES.jpg 2165w, https:\/\/www.gatusos.com\/wp-content\/uploads\/2022\/12\/ALMACENES-300x165.jpg 300w, https:\/\/www.gatusos.com\/wp-content\/uploads\/2022\/12\/ALMACENES-1024x563.jpg 1024w, https:\/\/www.gatusos.com\/wp-content\/uploads\/2022\/12\/ALMACENES-768x422.jpg 768w, https:\/\/www.gatusos.com\/wp-content\/uploads\/2022\/12\/ALMACENES-1536x844.jpg 1536w, https:\/\/www.gatusos.com\/wp-content\/uploads\/2022\/12\/ALMACENES-2048x1126.jpg 2048w, https:\/\/www.gatusos.com\/wp-content\/uploads\/2022\/12\/ALMACENES-18x10.jpg 18w, https:\/\/www.gatusos.com\/wp-content\/uploads\/2022\/12\/ALMACENES-1200x660.jpg 1200w, https:\/\/www.gatusos.com\/wp-content\/uploads\/2022\/12\/ALMACENES-1980x1088.jpg 1980w, https:\/\/www.gatusos.com\/wp-content\/uploads\/2022\/12\/ALMACENES-600x330.jpg 600w\" sizes=\"(max-width: 2165px) 100vw, 2165px\" \/>\t\t\t\t\t\t\t\t\t\t\t\t\t\t\t<\/div>\n\t\t\t\t<\/div>\n\t\t\t\t\t<\/div>\n\t\t<\/div>\n\t\t\t\t<div class=\"elementor-column elementor-col-50 elementor-top-column elementor-element elementor-element-1cdff76\" data-id=\"1cdff76\" data-element_type=\"column\" data-settings=\"{&quot;background_background&quot;:&quot;classic&quot;}\">\n\t\t\t<div class=\"elementor-widget-wrap elementor-element-populated\">\n\t\t\t\t\t\t<div class=\"elementor-element elementor-element-452706d elementor-widget elementor-widget-heading\" data-id=\"452706d\" data-element_type=\"widget\" data-widget_type=\"heading.default\">\n\t\t\t\t<div class=\"elementor-widget-container\">\n\t\t\t\t\t<h2 class=\"elementor-heading-title elementor-size-default\">LOCATION<\/h2>\t\t\t\t<\/div>\n\t\t\t\t<\/div>\n\t\t\t\t<div class=\"elementor-element elementor-element-dd8683e elementor-widget elementor-widget-text-editor\" data-id=\"dd8683e\" data-element_type=\"widget\" data-widget_type=\"text-editor.default\">\n\t\t\t\t<div class=\"elementor-widget-container\">\n\t\t\t\t\t\t\t\t\t<p class=\"font8\" style=\"margin: 0cm 0cm 12pt; text-align: justify; background-image: initial; background-position: initial; background-size: initial; background-repeat: initial; background-attachment: initial; background-origin: initial; background-clip: initial;\"><span style=\"font-size: 13pt; letter-spacing: -0.2pt;\">All products are designed and manufactured in Spain. Distributed all over the world. Our facilities are located in the heart of the province of Alicante, Villena.<o:p><\/o:p><\/span><\/p>\n<p class=\"font_8\">\n<\/p><p class=\"font8\" style=\"margin: 0cm 0cm 12pt; text-align: justify; background-image: initial; background-position: initial; background-size: initial; background-repeat: initial; background-attachment: initial; background-origin: initial; background-clip: initial;\"><span style=\"font-size: 13pt; letter-spacing: -0.2pt;\">A city with great love and passion for the equestrian world.<o:p><\/o:p><\/span><\/p>\t\t\t\t\t\t\t\t<\/div>\n\t\t\t\t<\/div>\n\t\t\t\t\t<\/div>\n\t\t<\/div>\n\t\t\t\t\t<\/div>\n\t\t<\/section>\n\t\t\t\t<\/div>","protected":false},"excerpt":{"rendered":"<p>Somos Gatusos Gatusos nace con la pasi\u00f3n y ambici\u00f3n de aportar los productos m\u00e1s innovadores y revolucionarios al mundo ecuenstre, nunca visto anteriormente. Somos una marca especializada en productos profesionales para los caballos, id\u00f3neos para jinetes amantes del mundo ecuestre. Contamos con m\u00e1s de 20 a\u00f1os de experiencia en fabricaci\u00f3n de calzado sanitario certificado a [&hellip;]<\/p>","protected":false},"author":1,"featured_media":0,"parent":0,"menu_order":0,"comment_status":"closed","ping_status":"closed","template":"elementor_header_footer","meta":{"footnotes":""},"class_list":["post-413","page","type-page","status-publish","hentry"],"yoast_head":"<!-- This site is optimized with the Yoast SEO plugin v26.7 - https:\/\/yoast.com\/wordpress\/plugins\/seo\/ -->\n<title>Nosotros - Gatusos<\/title>\n<meta name=\"robots\" content=\"index, follow, max-snippet:-1, max-image-preview:large, max-video-preview:-1\" \/>\n<link rel=\"canonical\" href=\"https:\/\/www.gatusos.com\/en\/nosotros\/\" \/>\n<meta property=\"og:locale\" content=\"en_GB\" \/>\n<meta property=\"og:type\" content=\"article\" \/>\n<meta property=\"og:title\" content=\"Nosotros - Gatusos\" \/>\n<meta property=\"og:description\" content=\"Somos Gatusos Gatusos nace con la pasi\u00f3n y ambici\u00f3n de aportar los productos m\u00e1s innovadores y revolucionarios al mundo ecuenstre, nunca visto anteriormente. Somos una marca especializada en productos profesionales para los caballos, id\u00f3neos para jinetes amantes del mundo ecuestre. Contamos con m\u00e1s de 20 a\u00f1os de experiencia en fabricaci\u00f3n de calzado sanitario certificado a [&hellip;]\" \/>\n<meta property=\"og:url\" content=\"https:\/\/www.gatusos.com\/en\/nosotros\/\" \/>\n<meta property=\"og:site_name\" content=\"Gatusos\" \/>\n<meta property=\"article:modified_time\" content=\"2024-03-11T07:12:24+00:00\" \/>\n<meta property=\"og:image\" content=\"https:\/\/www.gatusos.com\/wp-content\/uploads\/2022\/12\/NOSOTROS.jpg\" \/>\n<meta name=\"twitter:card\" content=\"summary_large_image\" \/>\n<meta name=\"twitter:label1\" content=\"Estimated reading time\" \/>\n\t<meta name=\"twitter:data1\" content=\"2 minutes\" \/>\n<script type=\"application\/ld+json\" class=\"yoast-schema-graph\">{\"@context\":\"https:\/\/schema.org\",\"@graph\":[{\"@type\":\"WebPage\",\"@id\":\"https:\/\/www.gatusos.com\/nosotros\/\",\"url\":\"https:\/\/www.gatusos.com\/nosotros\/\",\"name\":\"Nosotros - Gatusos\",\"isPartOf\":{\"@id\":\"https:\/\/www.gatusos.com\/en\/#website\"},\"primaryImageOfPage\":{\"@id\":\"https:\/\/www.gatusos.com\/nosotros\/#primaryimage\"},\"image\":{\"@id\":\"https:\/\/www.gatusos.com\/nosotros\/#primaryimage\"},\"thumbnailUrl\":\"https:\/\/www.gatusos.com\/wp-content\/uploads\/2022\/12\/NOSOTROS.jpg\",\"datePublished\":\"2022-06-07T15:24:56+00:00\",\"dateModified\":\"2024-03-11T07:12:24+00:00\",\"breadcrumb\":{\"@id\":\"https:\/\/www.gatusos.com\/nosotros\/#breadcrumb\"},\"inLanguage\":\"en-GB\",\"potentialAction\":[{\"@type\":\"ReadAction\",\"target\":[\"https:\/\/www.gatusos.com\/nosotros\/\"]}]},{\"@type\":\"ImageObject\",\"inLanguage\":\"en-GB\",\"@id\":\"https:\/\/www.gatusos.com\/nosotros\/#primaryimage\",\"url\":\"https:\/\/www.gatusos.com\/wp-content\/uploads\/2022\/12\/NOSOTROS.jpg\",\"contentUrl\":\"https:\/\/www.gatusos.com\/wp-content\/uploads\/2022\/12\/NOSOTROS.jpg\"},{\"@type\":\"BreadcrumbList\",\"@id\":\"https:\/\/www.gatusos.com\/nosotros\/#breadcrumb\",\"itemListElement\":[{\"@type\":\"ListItem\",\"position\":1,\"name\":\"Portada\",\"item\":\"https:\/\/www.gatusos.com\/\"},{\"@type\":\"ListItem\",\"position\":2,\"name\":\"Nosotros\"}]},{\"@type\":\"WebSite\",\"@id\":\"https:\/\/www.gatusos.com\/en\/#website\",\"url\":\"https:\/\/www.gatusos.com\/en\/\",\"name\":\"Gatusos\",\"description\":\"\",\"publisher\":{\"@id\":\"https:\/\/www.gatusos.com\/en\/#organization\"},\"potentialAction\":[{\"@type\":\"SearchAction\",\"target\":{\"@type\":\"EntryPoint\",\"urlTemplate\":\"https:\/\/www.gatusos.com\/en\/?s={search_term_string}\"},\"query-input\":{\"@type\":\"PropertyValueSpecification\",\"valueRequired\":true,\"valueName\":\"search_term_string\"}}],\"inLanguage\":\"en-GB\"},{\"@type\":\"Organization\",\"@id\":\"https:\/\/www.gatusos.com\/en\/#organization\",\"name\":\"Gatusos\",\"url\":\"https:\/\/www.gatusos.com\/en\/\",\"logo\":{\"@type\":\"ImageObject\",\"inLanguage\":\"en-GB\",\"@id\":\"https:\/\/www.gatusos.com\/en\/#\/schema\/logo\/image\/\",\"url\":\"https:\/\/www.gatusos.com\/wp-content\/uploads\/2022\/06\/LOGO-1.webp\",\"contentUrl\":\"https:\/\/www.gatusos.com\/wp-content\/uploads\/2022\/06\/LOGO-1.webp\",\"width\":280,\"height\":80,\"caption\":\"Gatusos\"},\"image\":{\"@id\":\"https:\/\/www.gatusos.com\/en\/#\/schema\/logo\/image\/\"}}]}<\/script>\n<!-- \/ Yoast SEO plugin. -->","yoast_head_json":{"title":"Nosotros - Gatusos","robots":{"index":"index","follow":"follow","max-snippet":"max-snippet:-1","max-image-preview":"max-image-preview:large","max-video-preview":"max-video-preview:-1"},"canonical":"https:\/\/www.gatusos.com\/en\/nosotros\/","og_locale":"en_GB","og_type":"article","og_title":"Nosotros - Gatusos","og_description":"Somos Gatusos Gatusos nace con la pasi\u00f3n y ambici\u00f3n de aportar los productos m\u00e1s innovadores y revolucionarios al mundo ecuenstre, nunca visto anteriormente. Somos una marca especializada en productos profesionales para los caballos, id\u00f3neos para jinetes amantes del mundo ecuestre. Contamos con m\u00e1s de 20 a\u00f1os de experiencia en fabricaci\u00f3n de calzado sanitario certificado a [&hellip;]","og_url":"https:\/\/www.gatusos.com\/en\/nosotros\/","og_site_name":"Gatusos","article_modified_time":"2024-03-11T07:12:24+00:00","og_image":[{"url":"https:\/\/www.gatusos.com\/wp-content\/uploads\/2022\/12\/NOSOTROS.jpg","type":"","width":"","height":""}],"twitter_card":"summary_large_image","twitter_misc":{"Estimated reading time":"2 minutes"},"schema":{"@context":"https:\/\/schema.org","@graph":[{"@type":"WebPage","@id":"https:\/\/www.gatusos.com\/nosotros\/","url":"https:\/\/www.gatusos.com\/nosotros\/","name":"Nosotros - Gatusos","isPartOf":{"@id":"https:\/\/www.gatusos.com\/en\/#website"},"primaryImageOfPage":{"@id":"https:\/\/www.gatusos.com\/nosotros\/#primaryimage"},"image":{"@id":"https:\/\/www.gatusos.com\/nosotros\/#primaryimage"},"thumbnailUrl":"https:\/\/www.gatusos.com\/wp-content\/uploads\/2022\/12\/NOSOTROS.jpg","datePublished":"2022-06-07T15:24:56+00:00","dateModified":"2024-03-11T07:12:24+00:00","breadcrumb":{"@id":"https:\/\/www.gatusos.com\/nosotros\/#breadcrumb"},"inLanguage":"en-GB","potentialAction":[{"@type":"ReadAction","target":["https:\/\/www.gatusos.com\/nosotros\/"]}]},{"@type":"ImageObject","inLanguage":"en-GB","@id":"https:\/\/www.gatusos.com\/nosotros\/#primaryimage","url":"https:\/\/www.gatusos.com\/wp-content\/uploads\/2022\/12\/NOSOTROS.jpg","contentUrl":"https:\/\/www.gatusos.com\/wp-content\/uploads\/2022\/12\/NOSOTROS.jpg"},{"@type":"BreadcrumbList","@id":"https:\/\/www.gatusos.com\/nosotros\/#breadcrumb","itemListElement":[{"@type":"ListItem","position":1,"name":"Portada","item":"https:\/\/www.gatusos.com\/"},{"@type":"ListItem","position":2,"name":"Nosotros"}]},{"@type":"WebSite","@id":"https:\/\/www.gatusos.com\/en\/#website","url":"https:\/\/www.gatusos.com\/en\/","name":"Gatusos","description":"","publisher":{"@id":"https:\/\/www.gatusos.com\/en\/#organization"},"potentialAction":[{"@type":"SearchAction","target":{"@type":"EntryPoint","urlTemplate":"https:\/\/www.gatusos.com\/en\/?s={search_term_string}"},"query-input":{"@type":"PropertyValueSpecification","valueRequired":true,"valueName":"search_term_string"}}],"inLanguage":"en-GB"},{"@type":"Organization","@id":"https:\/\/www.gatusos.com\/en\/#organization","name":"Gatusos","url":"https:\/\/www.gatusos.com\/en\/","logo":{"@type":"ImageObject","inLanguage":"en-GB","@id":"https:\/\/www.gatusos.com\/en\/#\/schema\/logo\/image\/","url":"https:\/\/www.gatusos.com\/wp-content\/uploads\/2022\/06\/LOGO-1.webp","contentUrl":"https:\/\/www.gatusos.com\/wp-content\/uploads\/2022\/06\/LOGO-1.webp","width":280,"height":80,"caption":"Gatusos"},"image":{"@id":"https:\/\/www.gatusos.com\/en\/#\/schema\/logo\/image\/"}}]}},"_links":{"self":[{"href":"https:\/\/www.gatusos.com\/en\/wp-json\/wp\/v2\/pages\/413","targetHints":{"allow":["GET"]}}],"collection":[{"href":"https:\/\/www.gatusos.com\/en\/wp-json\/wp\/v2\/pages"}],"about":[{"href":"https:\/\/www.gatusos.com\/en\/wp-json\/wp\/v2\/types\/page"}],"author":[{"embeddable":true,"href":"https:\/\/www.gatusos.com\/en\/wp-json\/wp\/v2\/users\/1"}],"replies":[{"embeddable":true,"href":"https:\/\/www.gatusos.com\/en\/wp-json\/wp\/v2\/comments?post=413"}],"version-history":[{"count":3,"href":"https:\/\/www.gatusos.com\/en\/wp-json\/wp\/v2\/pages\/413\/revisions"}],"predecessor-version":[{"id":8853,"href":"https:\/\/www.gatusos.com\/en\/wp-json\/wp\/v2\/pages\/413\/revisions\/8853"}],"wp:attachment":[{"href":"https:\/\/www.gatusos.com\/en\/wp-json\/wp\/v2\/media?parent=413"}],"curies":[{"name":"wp","href":"https:\/\/api.w.org\/{rel}","templated":true}]}}