{"id":329,"date":"2022-06-07T13:51:53","date_gmt":"2022-06-07T13:51:53","guid":{"rendered":"https:\/\/new.gatusos.com\/?page_id=329"},"modified":"2025-02-10T08:39:34","modified_gmt":"2025-02-10T08:39:34","slug":"i-d-i","status":"publish","type":"page","link":"https:\/\/www.gatusos.com\/en\/i-d-i\/","title":{"rendered":"I + D + I"},"content":{"rendered":"<div data-elementor-type=\"wp-page\" data-elementor-id=\"329\" class=\"elementor elementor-329\" data-elementor-post-type=\"page\">\n\t\t\t\t\t\t<section class=\"elementor-section elementor-top-section elementor-element elementor-element-5e6c8b8 elementor-section-full_width elementor-section-content-middle elementor-section-height-default elementor-section-height-default\" data-id=\"5e6c8b8\" data-element_type=\"section\">\n\t\t\t\t\t\t<div class=\"elementor-container elementor-column-gap-default\">\n\t\t\t\t\t<div class=\"elementor-column elementor-col-66 elementor-top-column elementor-element elementor-element-22f49aa\" data-id=\"22f49aa\" data-element_type=\"column\">\n\t\t\t<div class=\"elementor-widget-wrap elementor-element-populated\">\n\t\t\t\t\t\t<div class=\"elementor-element elementor-element-5571378 elementor-widget elementor-widget-html\" data-id=\"5571378\" data-element_type=\"widget\" data-widget_type=\"html.default\">\n\t\t\t\t<div class=\"elementor-widget-container\">\n\t\t\t\t\t<iframe width=\"560\" height=\"315\" src=\"https:\/\/www.youtube.com\/embed\/-Ms4uo2yxNU?si=lJqPJYIMzEH8Cata\" title=\"YouTube video player\" frameborder=\"0\" allow=\"accelerometer; autoplay; clipboard-write; encrypted-media; gyroscope; picture-in-picture; web-share\" referrerpolicy=\"strict-origin-when-cross-origin\" allowfullscreen><\/iframe>\t\t\t\t<\/div>\n\t\t\t\t<\/div>\n\t\t\t\t\t<\/div>\n\t\t<\/div>\n\t\t\t\t<div class=\"elementor-column elementor-col-33 elementor-top-column elementor-element elementor-element-c03291f\" data-id=\"c03291f\" data-element_type=\"column\">\n\t\t\t<div class=\"elementor-widget-wrap elementor-element-populated\">\n\t\t\t\t\t\t<div class=\"elementor-element elementor-element-7059c4f elementor-widget elementor-widget-heading\" data-id=\"7059c4f\" data-element_type=\"widget\" data-widget_type=\"heading.default\">\n\t\t\t\t<div class=\"elementor-widget-container\">\n\t\t\t\t\t<h2 class=\"elementor-heading-title elementor-size-default\">RESEARCH<\/h2>\t\t\t\t<\/div>\n\t\t\t\t<\/div>\n\t\t\t\t<div class=\"elementor-element elementor-element-739b497 elementor-widget elementor-widget-text-editor\" data-id=\"739b497\" data-element_type=\"widget\" data-widget_type=\"text-editor.default\">\n\t\t\t\t<div class=\"elementor-widget-container\">\n\t\t\t\t\t\t\t\t\t<p><span class=\"color_11\">We are committed to research as a company philosophy. We follow a continuous research process to achieve the best advances. The direct contact with riders, stewards &amp; individual experts, helps us to know closely the needs of the horse in each gallop. In addition, we use ultralight and resistant materials for our products.\u00a0<\/span><\/p>\t\t\t\t\t\t\t\t<\/div>\n\t\t\t\t<\/div>\n\t\t\t\t\t<\/div>\n\t\t<\/div>\n\t\t\t\t\t<\/div>\n\t\t<\/section>\n\t\t\t\t<section class=\"elementor-section elementor-top-section elementor-element elementor-element-28ee16f elementor-reverse-mobile elementor-section-boxed elementor-section-height-default elementor-section-height-default\" data-id=\"28ee16f\" data-element_type=\"section\">\n\t\t\t\t\t\t<div class=\"elementor-container elementor-column-gap-default\">\n\t\t\t\t\t<div class=\"elementor-column elementor-col-50 elementor-top-column elementor-element elementor-element-3e6f1d4\" data-id=\"3e6f1d4\" data-element_type=\"column\">\n\t\t\t<div class=\"elementor-widget-wrap elementor-element-populated\">\n\t\t\t\t\t\t<div class=\"elementor-element elementor-element-8b33dc8 elementor-widget elementor-widget-heading\" data-id=\"8b33dc8\" data-element_type=\"widget\" data-widget_type=\"heading.default\">\n\t\t\t\t<div class=\"elementor-widget-container\">\n\t\t\t\t\t<h2 class=\"elementor-heading-title elementor-size-default\">DEVELOPMENT<\/h2>\t\t\t\t<\/div>\n\t\t\t\t<\/div>\n\t\t\t\t<div class=\"elementor-element elementor-element-b227d0f elementor-widget elementor-widget-text-editor\" data-id=\"b227d0f\" data-element_type=\"widget\" data-widget_type=\"text-editor.default\">\n\t\t\t\t<div class=\"elementor-widget-container\">\n\t\t\t\t\t\t\t\t\t<p><span class=\"color_11\">Once we receive feedback from professionals, our designers begin to develop products with an exclusive design, using the most advanced technology. Then, 3D prototypes are made to confirm all the features of the product and its materials. After a long phase of tests and trials, the manufacturing of each final product begins, elaborating and creating meticulously step by step.\u00a0<\/span><\/p>\t\t\t\t\t\t\t\t<\/div>\n\t\t\t\t<\/div>\n\t\t\t\t\t<\/div>\n\t\t<\/div>\n\t\t\t\t<div class=\"elementor-column elementor-col-50 elementor-top-column elementor-element elementor-element-2d0695f\" data-id=\"2d0695f\" data-element_type=\"column\">\n\t\t\t<div class=\"elementor-widget-wrap elementor-element-populated\">\n\t\t\t\t\t\t<div class=\"elementor-element elementor-element-edb6c91 elementor-widget elementor-widget-video\" data-id=\"edb6c91\" data-element_type=\"widget\" data-settings=\"{&quot;video_type&quot;:&quot;hosted&quot;,&quot;autoplay&quot;:&quot;yes&quot;,&quot;play_on_mobile&quot;:&quot;yes&quot;,&quot;mute&quot;:&quot;yes&quot;,&quot;loop&quot;:&quot;yes&quot;}\" data-widget_type=\"video.default\">\n\t\t\t\t<div class=\"elementor-widget-container\">\n\t\t\t\t\t\t\t<div class=\"e-hosted-video elementor-wrapper elementor-open-inline\">\n\t\t\t\t\t<video class=\"elementor-video\" src=\"https:\/\/www.gatusos.com\/wp-content\/uploads\/2022\/07\/menudillo-gatusos.mp4\" autoplay=\"\" loop=\"\" muted=\"muted\" playsinline=\"\" controlslist=\"nodownload\" poster=\"https:\/\/www.gatusos.com\/wp-content\/uploads\/2022\/06\/desarollo.webp\"><\/video>\n\t\t\t\t<\/div>\n\t\t\t\t\t\t<\/div>\n\t\t\t\t<\/div>\n\t\t\t\t\t<\/div>\n\t\t<\/div>\n\t\t\t\t\t<\/div>\n\t\t<\/section>\n\t\t\t\t<section class=\"elementor-section elementor-top-section elementor-element elementor-element-27c9777 elementor-section-boxed elementor-section-height-default elementor-section-height-default\" data-id=\"27c9777\" data-element_type=\"section\">\n\t\t\t\t\t\t<div class=\"elementor-container elementor-column-gap-default\">\n\t\t\t\t\t<div class=\"elementor-column elementor-col-50 elementor-top-column elementor-element elementor-element-a53ac72\" data-id=\"a53ac72\" data-element_type=\"column\">\n\t\t\t<div class=\"elementor-widget-wrap elementor-element-populated\">\n\t\t\t\t\t\t<div class=\"elementor-element elementor-element-65b0d6a elementor-widget elementor-widget-image\" data-id=\"65b0d6a\" data-element_type=\"widget\" data-widget_type=\"image.default\">\n\t\t\t\t<div class=\"elementor-widget-container\">\n\t\t\t\t\t\t\t\t\t\t\t\t\t\t\t<img fetchpriority=\"high\" decoding=\"async\" width=\"869\" height=\"537\" src=\"https:\/\/www.gatusos.com\/wp-content\/uploads\/2022\/06\/innovacion.webp\" class=\"attachment-full size-full wp-image-337\" alt=\"\" srcset=\"https:\/\/www.gatusos.com\/wp-content\/uploads\/2022\/06\/innovacion.webp 869w, https:\/\/www.gatusos.com\/wp-content\/uploads\/2022\/06\/innovacion-600x371.webp 600w, https:\/\/www.gatusos.com\/wp-content\/uploads\/2022\/06\/innovacion-300x185.webp 300w, https:\/\/www.gatusos.com\/wp-content\/uploads\/2022\/06\/innovacion-768x475.webp 768w, https:\/\/www.gatusos.com\/wp-content\/uploads\/2022\/06\/innovacion-18x12.webp 18w\" sizes=\"(max-width: 869px) 100vw, 869px\" \/>\t\t\t\t\t\t\t\t\t\t\t\t\t\t\t<\/div>\n\t\t\t\t<\/div>\n\t\t\t\t\t<\/div>\n\t\t<\/div>\n\t\t\t\t<div class=\"elementor-column elementor-col-50 elementor-top-column elementor-element elementor-element-3d7147c\" data-id=\"3d7147c\" data-element_type=\"column\">\n\t\t\t<div class=\"elementor-widget-wrap elementor-element-populated\">\n\t\t\t\t\t\t<div class=\"elementor-element elementor-element-ec5205c elementor-widget elementor-widget-heading\" data-id=\"ec5205c\" data-element_type=\"widget\" data-widget_type=\"heading.default\">\n\t\t\t\t<div class=\"elementor-widget-container\">\n\t\t\t\t\t<h2 class=\"elementor-heading-title elementor-size-default\">INNOVATION<\/h2>\t\t\t\t<\/div>\n\t\t\t\t<\/div>\n\t\t\t\t<div class=\"elementor-element elementor-element-d222a53 elementor-widget elementor-widget-text-editor\" data-id=\"d222a53\" data-element_type=\"widget\" data-widget_type=\"text-editor.default\">\n\t\t\t\t<div class=\"elementor-widget-container\">\n\t\t\t\t\t\t\t\t\t<p class=\"font_8\">Our main objective is to offer state of the art products that are beneficial for horses. We strongly believe in creating high quality products with never-before-seen performance.&nbsp;<\/p>\n<p class=\"font_8\">\n<\/p><p class=\"font_8\">All our protections are designed in a single piece, made of EVA GUMFLY material (Ethylene, Vinyl, Acetate), being antibacterial, ultra-light and anatomical. Distributed by companies specialized in the equestrian sector.&nbsp;<\/p>\n<p><span class=\"color_11\">&nbsp;<\/span><\/p>\t\t\t\t\t\t\t\t<\/div>\n\t\t\t\t<\/div>\n\t\t\t\t\t<\/div>\n\t\t<\/div>\n\t\t\t\t\t<\/div>\n\t\t<\/section>\n\t\t\t\t<\/div>","protected":false},"excerpt":{"rendered":"<p>https:\/\/www.youtube.com\/watch?v=kVImxgf72Ok INVESTIGACI\u00d3N Apostamos por la investigaci\u00f3n como filosof\u00eda de empresa. Seguimos un proceso de investigaci\u00f3n continuo para conseguir los mejores avances. El contacto directo con muchos jinetes, domadores y particulares expertos, nos ayuda a conocer de cerca las necesidades del caballo en cada galopada. Adem\u00e1s, apostamos por materiales ultraligeros y resistentes para nuestros productos.\u00a0 INVESTIGACI\u00d3N [&hellip;]<\/p>","protected":false},"author":1,"featured_media":0,"parent":0,"menu_order":0,"comment_status":"closed","ping_status":"closed","template":"elementor_header_footer","meta":{"footnotes":""},"class_list":["post-329","page","type-page","status-publish","hentry"],"yoast_head":"<!-- This site is optimized with the Yoast SEO plugin v26.7 - https:\/\/yoast.com\/wordpress\/plugins\/seo\/ -->\n<title>I + D + I - Gatusos<\/title>\n<meta name=\"robots\" content=\"index, follow, max-snippet:-1, max-image-preview:large, max-video-preview:-1\" \/>\n<link rel=\"canonical\" href=\"https:\/\/www.gatusos.com\/en\/i-d-i\/\" \/>\n<meta property=\"og:locale\" content=\"en_GB\" \/>\n<meta property=\"og:type\" content=\"article\" \/>\n<meta property=\"og:title\" content=\"I + D + I - Gatusos\" \/>\n<meta property=\"og:description\" content=\"https:\/\/www.youtube.com\/watch?v=kVImxgf72Ok INVESTIGACI\u00d3N Apostamos por la investigaci\u00f3n como filosof\u00eda de empresa. Seguimos un proceso de investigaci\u00f3n continuo para conseguir los mejores avances. El contacto directo con muchos jinetes, domadores y particulares expertos, nos ayuda a conocer de cerca las necesidades del caballo en cada galopada. Adem\u00e1s, apostamos por materiales ultraligeros y resistentes para nuestros productos.\u00a0 INVESTIGACI\u00d3N [&hellip;]\" \/>\n<meta property=\"og:url\" content=\"https:\/\/www.gatusos.com\/en\/i-d-i\/\" \/>\n<meta property=\"og:site_name\" content=\"Gatusos\" \/>\n<meta property=\"article:modified_time\" content=\"2025-02-10T08:39:34+00:00\" \/>\n<meta property=\"og:image\" content=\"https:\/\/www.gatusos.com\/wp-content\/uploads\/2022\/06\/innovacion.webp\" \/>\n\t<meta property=\"og:image:width\" content=\"869\" \/>\n\t<meta property=\"og:image:height\" content=\"537\" \/>\n\t<meta property=\"og:image:type\" content=\"image\/webp\" \/>\n<meta name=\"twitter:card\" content=\"summary_large_image\" \/>\n<meta name=\"twitter:label1\" content=\"Estimated reading time\" \/>\n\t<meta name=\"twitter:data1\" content=\"2 minutes\" \/>\n<script type=\"application\/ld+json\" class=\"yoast-schema-graph\">{\"@context\":\"https:\/\/schema.org\",\"@graph\":[{\"@type\":\"WebPage\",\"@id\":\"https:\/\/www.gatusos.com\/i-d-i\/\",\"url\":\"https:\/\/www.gatusos.com\/i-d-i\/\",\"name\":\"I + D + I - Gatusos\",\"isPartOf\":{\"@id\":\"https:\/\/www.gatusos.com\/en\/#website\"},\"primaryImageOfPage\":{\"@id\":\"https:\/\/www.gatusos.com\/i-d-i\/#primaryimage\"},\"image\":{\"@id\":\"https:\/\/www.gatusos.com\/i-d-i\/#primaryimage\"},\"thumbnailUrl\":\"https:\/\/www.gatusos.com\/wp-content\/uploads\/2022\/06\/innovacion.webp\",\"datePublished\":\"2022-06-07T13:51:53+00:00\",\"dateModified\":\"2025-02-10T08:39:34+00:00\",\"breadcrumb\":{\"@id\":\"https:\/\/www.gatusos.com\/i-d-i\/#breadcrumb\"},\"inLanguage\":\"en-GB\",\"potentialAction\":[{\"@type\":\"ReadAction\",\"target\":[\"https:\/\/www.gatusos.com\/i-d-i\/\"]}]},{\"@type\":\"ImageObject\",\"inLanguage\":\"en-GB\",\"@id\":\"https:\/\/www.gatusos.com\/i-d-i\/#primaryimage\",\"url\":\"https:\/\/www.gatusos.com\/wp-content\/uploads\/2022\/06\/innovacion.webp\",\"contentUrl\":\"https:\/\/www.gatusos.com\/wp-content\/uploads\/2022\/06\/innovacion.webp\"},{\"@type\":\"BreadcrumbList\",\"@id\":\"https:\/\/www.gatusos.com\/i-d-i\/#breadcrumb\",\"itemListElement\":[{\"@type\":\"ListItem\",\"position\":1,\"name\":\"Portada\",\"item\":\"https:\/\/www.gatusos.com\/\"},{\"@type\":\"ListItem\",\"position\":2,\"name\":\"I + D + I\"}]},{\"@type\":\"WebSite\",\"@id\":\"https:\/\/www.gatusos.com\/en\/#website\",\"url\":\"https:\/\/www.gatusos.com\/en\/\",\"name\":\"Gatusos\",\"description\":\"\",\"publisher\":{\"@id\":\"https:\/\/www.gatusos.com\/en\/#organization\"},\"potentialAction\":[{\"@type\":\"SearchAction\",\"target\":{\"@type\":\"EntryPoint\",\"urlTemplate\":\"https:\/\/www.gatusos.com\/en\/?s={search_term_string}\"},\"query-input\":{\"@type\":\"PropertyValueSpecification\",\"valueRequired\":true,\"valueName\":\"search_term_string\"}}],\"inLanguage\":\"en-GB\"},{\"@type\":\"Organization\",\"@id\":\"https:\/\/www.gatusos.com\/en\/#organization\",\"name\":\"Gatusos\",\"url\":\"https:\/\/www.gatusos.com\/en\/\",\"logo\":{\"@type\":\"ImageObject\",\"inLanguage\":\"en-GB\",\"@id\":\"https:\/\/www.gatusos.com\/en\/#\/schema\/logo\/image\/\",\"url\":\"https:\/\/www.gatusos.com\/wp-content\/uploads\/2022\/06\/LOGO-1.webp\",\"contentUrl\":\"https:\/\/www.gatusos.com\/wp-content\/uploads\/2022\/06\/LOGO-1.webp\",\"width\":280,\"height\":80,\"caption\":\"Gatusos\"},\"image\":{\"@id\":\"https:\/\/www.gatusos.com\/en\/#\/schema\/logo\/image\/\"}}]}<\/script>\n<!-- \/ Yoast SEO plugin. -->","yoast_head_json":{"title":"I + D + I - Gatusos","robots":{"index":"index","follow":"follow","max-snippet":"max-snippet:-1","max-image-preview":"max-image-preview:large","max-video-preview":"max-video-preview:-1"},"canonical":"https:\/\/www.gatusos.com\/en\/i-d-i\/","og_locale":"en_GB","og_type":"article","og_title":"I + D + I - Gatusos","og_description":"https:\/\/www.youtube.com\/watch?v=kVImxgf72Ok INVESTIGACI\u00d3N Apostamos por la investigaci\u00f3n como filosof\u00eda de empresa. Seguimos un proceso de investigaci\u00f3n continuo para conseguir los mejores avances. El contacto directo con muchos jinetes, domadores y particulares expertos, nos ayuda a conocer de cerca las necesidades del caballo en cada galopada. Adem\u00e1s, apostamos por materiales ultraligeros y resistentes para nuestros productos.\u00a0 INVESTIGACI\u00d3N [&hellip;]","og_url":"https:\/\/www.gatusos.com\/en\/i-d-i\/","og_site_name":"Gatusos","article_modified_time":"2025-02-10T08:39:34+00:00","og_image":[{"width":869,"height":537,"url":"https:\/\/www.gatusos.com\/wp-content\/uploads\/2022\/06\/innovacion.webp","type":"image\/webp"}],"twitter_card":"summary_large_image","twitter_misc":{"Estimated reading time":"2 minutes"},"schema":{"@context":"https:\/\/schema.org","@graph":[{"@type":"WebPage","@id":"https:\/\/www.gatusos.com\/i-d-i\/","url":"https:\/\/www.gatusos.com\/i-d-i\/","name":"I + D + I - Gatusos","isPartOf":{"@id":"https:\/\/www.gatusos.com\/en\/#website"},"primaryImageOfPage":{"@id":"https:\/\/www.gatusos.com\/i-d-i\/#primaryimage"},"image":{"@id":"https:\/\/www.gatusos.com\/i-d-i\/#primaryimage"},"thumbnailUrl":"https:\/\/www.gatusos.com\/wp-content\/uploads\/2022\/06\/innovacion.webp","datePublished":"2022-06-07T13:51:53+00:00","dateModified":"2025-02-10T08:39:34+00:00","breadcrumb":{"@id":"https:\/\/www.gatusos.com\/i-d-i\/#breadcrumb"},"inLanguage":"en-GB","potentialAction":[{"@type":"ReadAction","target":["https:\/\/www.gatusos.com\/i-d-i\/"]}]},{"@type":"ImageObject","inLanguage":"en-GB","@id":"https:\/\/www.gatusos.com\/i-d-i\/#primaryimage","url":"https:\/\/www.gatusos.com\/wp-content\/uploads\/2022\/06\/innovacion.webp","contentUrl":"https:\/\/www.gatusos.com\/wp-content\/uploads\/2022\/06\/innovacion.webp"},{"@type":"BreadcrumbList","@id":"https:\/\/www.gatusos.com\/i-d-i\/#breadcrumb","itemListElement":[{"@type":"ListItem","position":1,"name":"Portada","item":"https:\/\/www.gatusos.com\/"},{"@type":"ListItem","position":2,"name":"I + D + I"}]},{"@type":"WebSite","@id":"https:\/\/www.gatusos.com\/en\/#website","url":"https:\/\/www.gatusos.com\/en\/","name":"Gatusos","description":"","publisher":{"@id":"https:\/\/www.gatusos.com\/en\/#organization"},"potentialAction":[{"@type":"SearchAction","target":{"@type":"EntryPoint","urlTemplate":"https:\/\/www.gatusos.com\/en\/?s={search_term_string}"},"query-input":{"@type":"PropertyValueSpecification","valueRequired":true,"valueName":"search_term_string"}}],"inLanguage":"en-GB"},{"@type":"Organization","@id":"https:\/\/www.gatusos.com\/en\/#organization","name":"Gatusos","url":"https:\/\/www.gatusos.com\/en\/","logo":{"@type":"ImageObject","inLanguage":"en-GB","@id":"https:\/\/www.gatusos.com\/en\/#\/schema\/logo\/image\/","url":"https:\/\/www.gatusos.com\/wp-content\/uploads\/2022\/06\/LOGO-1.webp","contentUrl":"https:\/\/www.gatusos.com\/wp-content\/uploads\/2022\/06\/LOGO-1.webp","width":280,"height":80,"caption":"Gatusos"},"image":{"@id":"https:\/\/www.gatusos.com\/en\/#\/schema\/logo\/image\/"}}]}},"_links":{"self":[{"href":"https:\/\/www.gatusos.com\/en\/wp-json\/wp\/v2\/pages\/329","targetHints":{"allow":["GET"]}}],"collection":[{"href":"https:\/\/www.gatusos.com\/en\/wp-json\/wp\/v2\/pages"}],"about":[{"href":"https:\/\/www.gatusos.com\/en\/wp-json\/wp\/v2\/types\/page"}],"author":[{"embeddable":true,"href":"https:\/\/www.gatusos.com\/en\/wp-json\/wp\/v2\/users\/1"}],"replies":[{"embeddable":true,"href":"https:\/\/www.gatusos.com\/en\/wp-json\/wp\/v2\/comments?post=329"}],"version-history":[{"count":3,"href":"https:\/\/www.gatusos.com\/en\/wp-json\/wp\/v2\/pages\/329\/revisions"}],"predecessor-version":[{"id":9425,"href":"https:\/\/www.gatusos.com\/en\/wp-json\/wp\/v2\/pages\/329\/revisions\/9425"}],"wp:attachment":[{"href":"https:\/\/www.gatusos.com\/en\/wp-json\/wp\/v2\/media?parent=329"}],"curies":[{"name":"wp","href":"https:\/\/api.w.org\/{rel}","templated":true}]}}